{"id":1092,"date":"2020-12-24T22:28:30","date_gmt":"2020-12-24T22:28:30","guid":{"rendered":"http:\/\/epacartagena.gov.co\/web\/?page_id=1092"},"modified":"2020-12-24T23:26:59","modified_gmt":"2020-12-24T23:26:59","slug":"informes","status":"publish","type":"page","link":"https:\/\/epacartagena.gov.co\/web\/servicio-al-ciudadano\/informes\/","title":{"rendered":"Informes"},"content":{"rendered":"\n<p><a href=\"https:\/\/epacartagena.gov.co\/web\/servicio-al-ciudadano\/transparencia\/informes\/informes-de-gestion\/\"><strong>1. Informes de Gesti\u00f3n<\/strong><\/a><\/p>\n\n\n\n<p><a href=\"https:\/\/epacartagena.gov.co\/web\/wp-content\/uploads\/2013\/12\/estados-financieros.zip\"><strong>2. Informes Administrativos y Financieros<\/strong><\/a><br><a href=\"https:\/\/epacartagena.gov.co\/web\/servicio-al-ciudadano\/transparencia\/informes\/estados-financieros\/\">a. Estados Financieros<\/a><a href=\"https:\/\/epacartagena.gov.co\/web\/servicio-al-ciudadano\/transparencia\/informes\/presupuestos\/\">b. Presupuestos<\/a><\/p>\n\n\n\n<p><a href=\"https:\/\/epacartagena.gov.co\/web\/servicio-al-ciudadano\/transparencia\/informes\/control-interno\/\"><strong>3. Informe de Control Interno<\/strong><\/a><br><a rel=\"noreferrer noopener\" href=\"https:\/\/epacartagena.gov.co\/web\/wp-content\/uploads\/2013\/12\/PLAN-ANTICORRUPCION-Y-DE-ATENCION-AL-CIUDADANO-EPA-2016.pdf\" target=\"_blank\">a. Plan Anticorrupci\u00f3n y de Atenci\u00f3n al Ciudadano EPA 2016<\/a><\/p>\n\n\n\n<p><\/p>\n\n\n\n<hr class=\"wp-block-separator has-text-color has-background has-vivid-red-background-color has-vivid-red-color is-style-default\"\/>\n\n\n\n<p><em><strong><a href=\"https:\/\/epacartagena.gov.co\/web\/servicio-al-ciudadano\/transparencia\/informes\/informes-de-gestion\/\" data-type=\"page\" data-id=\"1096\">1. Informes de Gesti\u00f3n<\/a><\/strong><\/em><\/p>\n\n\n\n<p><a href=\"https:\/\/epacartagena.gov.co\/web\/file-pdf\/transparencia\/estados-financieros.zip\" data-type=\"URL\" data-id=\"https:\/\/epacartagena.gov.co\/web\/file-pdf\/transparencia\/estados-financieros.zip\">2. Informes Administrativos y Financieros<br><\/a><em><strong><a href=\"https:\/\/epacartagena.gov.co\/web\/servicio-al-ciudadano\/transparencia\/informes\/estados-financieros\/\" data-type=\"page\" data-id=\"1100\">a. Estados Financieros<br><\/a><\/strong><\/em><a href=\"https:\/\/epacartagena.gov.co\/web\/servicio-al-ciudadano\/transparencia\/informes\/presupuestos\/\" data-type=\"page\" data-id=\"1104\"><em><strong>b. Presupuestos<\/strong><\/em><\/a><\/p>\n\n\n\n<p class=\"has-vivid-red-color has-text-color\"><strong>3. Informe de Control Interno<\/strong> (no hay link ) <\/p>\n\n\n\n<p><a href=\"https:\/\/epacartagena.gov.co\/web\/wp-content\/uploads\/2020\/12\/PLAN-ANTICORRUPCION-Y-DE-ATENCION-AL-CIUDADANO-EPA-2016.pdf\" data-type=\"URL\" data-id=\"https:\/\/epacartagena.gov.co\/web\/wp-content\/uploads\/2020\/12\/PLAN-ANTICORRUPCION-Y-DE-ATENCION-AL-CIUDADANO-EPA-2016.pdf\">a. Plan Anticorrupci\u00f3n y de Atenci\u00f3n al Ciudadano EPA 2016<br><\/a><\/p>\n","protected":false},"excerpt":{"rendered":"<p>1. Informes de Gesti\u00f3n 2. Informes Administrativos y Financierosa. Estados Financierosb. Presupuestos 3. Informe de Control Internoa. Plan Anticorrupci\u00f3n y de Atenci\u00f3n al Ciudadano EPA 2016 1. Informes de Gesti\u00f3n 2. Informes Administrativos y Financierosa. Estados Financierosb. Presupuestos 3. Informe de Control Interno (no hay link ) a. Plan Anticorrupci\u00f3n y de Atenci\u00f3n al Ciudadano&#8230;<\/p>\n","protected":false},"author":1,"featured_media":0,"parent":519,"menu_order":0,"comment_status":"closed","ping_status":"closed","template":"","meta":{"_acf_changed":false,"_kad_post_transparent":"","_kad_post_title":"","_kad_post_layout":"","_kad_post_sidebar_id":"","_kad_post_content_style":"","_kad_post_vertical_padding":"","_kad_post_feature":"","_kad_post_feature_position":"","_kad_post_header":false,"_kad_post_footer":false,"_kad_post_classname":"","_vp_format_video_url":"","_vp_image_focal_point":[],"footnotes":""},"class_list":["post-1092","page","type-page","status-publish","hentry"],"acf":[],"_links":{"self":[{"href":"https:\/\/epacartagena.gov.co\/web\/wp-json\/wp\/v2\/pages\/1092","targetHints":{"allow":["GET"]}}],"collection":[{"href":"https:\/\/epacartagena.gov.co\/web\/wp-json\/wp\/v2\/pages"}],"about":[{"href":"https:\/\/epacartagena.gov.co\/web\/wp-json\/wp\/v2\/types\/page"}],"author":[{"embeddable":true,"href":"https:\/\/epacartagena.gov.co\/web\/wp-json\/wp\/v2\/users\/1"}],"replies":[{"embeddable":true,"href":"https:\/\/epacartagena.gov.co\/web\/wp-json\/wp\/v2\/comments?post=1092"}],"version-history":[{"count":0,"href":"https:\/\/epacartagena.gov.co\/web\/wp-json\/wp\/v2\/pages\/1092\/revisions"}],"up":[{"embeddable":true,"href":"https:\/\/epacartagena.gov.co\/web\/wp-json\/wp\/v2\/pages\/519"}],"wp:attachment":[{"href":"https:\/\/epacartagena.gov.co\/web\/wp-json\/wp\/v2\/media?parent=1092"}],"curies":[{"name":"wp","href":"https:\/\/api.w.org\/{rel}","templated":true}]}}