{"id":1136,"date":"2020-12-25T00:47:03","date_gmt":"2020-12-25T00:47:03","guid":{"rendered":"http:\/\/epacartagena.gov.co\/web\/?page_id=1136"},"modified":"2026-02-12T10:09:16","modified_gmt":"2026-02-12T15:09:16","slug":"informe-de-austeridad-del-gasto","status":"publish","type":"page","link":"https:\/\/epacartagena.gov.co\/web\/informe-de-austeridad-del-gasto\/","title":{"rendered":"INFORME DE AUSTERIDAD DEL GASTO"},"content":{"rendered":"<style>.kb-row-layout-id1136_3ff354-80 > .kt-row-column-wrap{align-content:start;}:where(.kb-row-layout-id1136_3ff354-80 > .kt-row-column-wrap) > .wp-block-kadence-column{justify-content:start;}.kb-row-layout-id1136_3ff354-80 > .kt-row-column-wrap{column-gap:var(--global-kb-gap-md, 2rem);row-gap:var(--global-kb-gap-md, 2rem);padding-top:var(--global-kb-spacing-md, 2rem);padding-right:var(--global-kb-spacing-sm, 1.5rem);padding-bottom:var(--global-kb-spacing-md, 2rem);padding-left:var(--global-kb-spacing-sm, 1.5rem);grid-template-columns:minmax(0, 1fr);}.kb-row-layout-id1136_3ff354-80 > .kt-row-layout-overlay{opacity:0.30;}@media all and (max-width: 1024px){.kb-row-layout-id1136_3ff354-80 > .kt-row-column-wrap{padding-right:var(--global-kb-spacing-xxs, 0.5rem);padding-left:var(--global-kb-spacing-xxs, 0.5rem);grid-template-columns:minmax(0, 1fr);}}@media all and (max-width: 767px){.kb-row-layout-id1136_3ff354-80 > .kt-row-column-wrap{grid-template-columns:minmax(0, 1fr);}}<\/style><div class=\"kb-row-layout-wrap kb-row-layout-id1136_3ff354-80 alignnone wp-block-kadence-rowlayout\"><div class=\"kt-row-column-wrap kt-has-1-columns kt-row-layout-equal kt-tab-layout-inherit kt-mobile-layout-row kt-row-valign-top\">\n<style>.kadence-column1136_0609cb-39 > .kt-inside-inner-col,.kadence-column1136_0609cb-39 > .kt-inside-inner-col:before{border-top-left-radius:0px;border-top-right-radius:0px;border-bottom-right-radius:0px;border-bottom-left-radius:0px;}.kadence-column1136_0609cb-39 > .kt-inside-inner-col{column-gap:var(--global-kb-gap-sm, 1rem);}.kadence-column1136_0609cb-39 > .kt-inside-inner-col{flex-direction:column;}.kadence-column1136_0609cb-39 > .kt-inside-inner-col > .aligncenter{width:100%;}.kadence-column1136_0609cb-39 > .kt-inside-inner-col:before{opacity:0.3;}.kadence-column1136_0609cb-39{position:relative;}@media all and (max-width: 1024px){.kadence-column1136_0609cb-39 > .kt-inside-inner-col{flex-direction:column;justify-content:center;}}@media all and (max-width: 767px){.kadence-column1136_0609cb-39 > .kt-inside-inner-col{flex-direction:column;justify-content:center;}}<\/style>\n<div class=\"wp-block-kadence-column kadence-column1136_0609cb-39\"><div class=\"kt-inside-inner-col\"><style>.kb-row-layout-id1136_3bd551-ee > .kt-row-column-wrap{align-content:start;}:where(.kb-row-layout-id1136_3bd551-ee > .kt-row-column-wrap) > .wp-block-kadence-column{justify-content:start;}.kb-row-layout-id1136_3bd551-ee > .kt-row-column-wrap{column-gap:var(--global-kb-gap-md, 2rem);row-gap:var(--global-kb-gap-sm, 1rem);grid-template-columns:minmax(0, 2fr) minmax(0, 1fr);}.kb-row-layout-id1136_3bd551-ee > .kt-row-layout-overlay{opacity:0.30;}@media all and (max-width: 1024px){.kb-row-layout-id1136_3bd551-ee > .kt-row-column-wrap{grid-template-columns:minmax(0, 1fr);}}@media all and (max-width: 767px){.kb-row-layout-id1136_3bd551-ee > .kt-row-column-wrap{grid-template-columns:minmax(0, 1fr);}}<\/style><div class=\"kb-row-layout-wrap kb-row-layout-id1136_3bd551-ee alignnone wp-block-kadence-rowlayout\"><div class=\"kt-row-column-wrap kt-has-2-columns kt-row-layout-left-golden kt-tab-layout-row kt-mobile-layout-row kt-row-valign-top kt-inner-column-height-full\">\n<style>.kadence-column1136_193d5e-da > .kt-inside-inner-col{padding-top:0px;padding-right:0px;padding-bottom:0px;padding-left:0px;}.kadence-column1136_193d5e-da > .kt-inside-inner-col,.kadence-column1136_193d5e-da > .kt-inside-inner-col:before{border-top-left-radius:2rem;border-top-right-radius:2rem;border-bottom-right-radius:2rem;border-bottom-left-radius:2rem;}.kadence-column1136_193d5e-da > .kt-inside-inner-col{column-gap:var(--global-kb-gap-sm, 1rem);}.kadence-column1136_193d5e-da > .kt-inside-inner-col{flex-direction:column;}.kadence-column1136_193d5e-da > .kt-inside-inner-col > .aligncenter{width:100%;}.kadence-column1136_193d5e-da > .kt-inside-inner-col:before{opacity:0.3;}.kadence-column1136_193d5e-da{position:relative;}@media all and (max-width: 1024px){.kadence-column1136_193d5e-da > .kt-inside-inner-col{flex-direction:column;justify-content:center;}}@media all and (max-width: 767px){.kadence-column1136_193d5e-da > .kt-inside-inner-col{flex-direction:column;justify-content:center;}}@media (min-width: 601px) {  .kadence-column1136_193d5e-da .wp-block-media-text {    grid-template-columns: 10% auto !important;  }}.kadence-column1136_193d5e-da .wp-block-media-text {    background: transtaprent;    border-radius: 1rem;    padding: 0;    margin-bottom: .5rem;}.kadence-column1136_193d5e-da .wp-block-media-text h2 , .kadence-column1136_193d5e-da .wp-block-media-text h3, .kadence-column1136_193d5e-da .wp-block-media-text h4{    font-size:28px;    color:var(--global-palette1);    margin: 0 0 .25rem 0;}.kadence-column1136_193d5e-da .wp-block-media-text p {    margin-bottom:.25rem;}.kadence-column1136_193d5e-da .wp-block-media-text p strong{    color: var(--global-palette4);} .kadence-column1136_193d5e-da .wp-block-media-text p strong a{    color: var(--global-palette4);}.kadence-column1136_193d5e-da .wp-block-media-text p a:hover{    color: var(--global-palette1);}.kadence-column1136_193d5e-da .wp-block-media-text>.wp-block-media-text__content {    padding: 0 2%;}@media (max-width: 600px) {  .kadence-column1136_193d5e-da .wp-block-media-text>.wp-block-media-text__content {      padding: 0 4%;  }}.wp-block-media-text>.wp-block-media-text__media {    background: var(--global-palette9);    border-radius: 50%;    border:solid 2px var(--global-palette1);}@media (max-width: 600px) {  .wp-block-media-text>.wp-block-media-text__media {      max-width: 100px;      margin-bottom:1rem;  }}.kadence-column1136_193d5e-da ol li {    margin-bottom: 1rem;    padding-left: 0.5em;    margin-left: -0.5em;    }.kadence-column1136_193d5e-da ol li::marker {  color: var(--global-palette2);  font-weight: 700;  font-size: 20px;}<\/style>\n<div class=\"wp-block-kadence-column kadence-column1136_193d5e-da\"><div class=\"kt-inside-inner-col\"><style>.kadence-column1136_5f0e9b-81 > .kt-inside-inner-col{padding-top:var(--global-kb-spacing-lg, 3rem);padding-right:var(--global-kb-spacing-xs, 1rem);padding-bottom:var(--global-kb-spacing-sm, 1.5rem);padding-left:var(--global-kb-spacing-xs, 1rem);}.kadence-column1136_5f0e9b-81 > .kt-inside-inner-col,.kadence-column1136_5f0e9b-81 > .kt-inside-inner-col:before{border-top-left-radius:2rem;border-top-right-radius:2rem;border-bottom-right-radius:2rem;border-bottom-left-radius:2rem;}.kadence-column1136_5f0e9b-81 > .kt-inside-inner-col{column-gap:var(--global-kb-gap-sm, 1rem);}.kadence-column1136_5f0e9b-81 > .kt-inside-inner-col{flex-direction:column;}.kadence-column1136_5f0e9b-81 > .kt-inside-inner-col > .aligncenter{width:100%;}.kadence-column1136_5f0e9b-81 > .kt-inside-inner-col{background-color:#ebf4e6;}.kadence-column1136_5f0e9b-81 > .kt-inside-inner-col:before{opacity:0.3;}.kadence-column1136_5f0e9b-81{position:relative;}.kadence-column1136_5f0e9b-81, .kt-inside-inner-col > .kadence-column1136_5f0e9b-81:not(.specificity){margin-bottom:var(--global-kb-spacing-xs, 1rem);}@media all and (max-width: 1024px){.kadence-column1136_5f0e9b-81 > .kt-inside-inner-col{flex-direction:column;justify-content:center;}}@media all and (max-width: 767px){.kadence-column1136_5f0e9b-81 > .kt-inside-inner-col{flex-direction:column;justify-content:center;}}<\/style>\n<div class=\"wp-block-kadence-column kadence-column1136_5f0e9b-81\"><div class=\"kt-inside-inner-col\"><style>.wp-block-kadence-advancedheading.kt-adv-heading1136_0491dc-b1, .wp-block-kadence-advancedheading.kt-adv-heading1136_0491dc-b1[data-kb-block=\"kb-adv-heading1136_0491dc-b1\"]{padding-bottom:var(--global-kb-spacing-xs, 1rem);padding-left:var(--global-kb-spacing-xs, 1rem);margin-bottom:0px;font-size:27px;line-height:1.2;font-style:normal;color:#549911;}.wp-block-kadence-advancedheading.kt-adv-heading1136_0491dc-b1 mark.kt-highlight, .wp-block-kadence-advancedheading.kt-adv-heading1136_0491dc-b1[data-kb-block=\"kb-adv-heading1136_0491dc-b1\"] mark.kt-highlight{font-style:normal;color:#f76a0c;-webkit-box-decoration-break:clone;box-decoration-break:clone;padding-top:0px;padding-right:0px;padding-bottom:0px;padding-left:0px;}.wp-block-kadence-advancedheading.kt-adv-heading1136_0491dc-b1 img.kb-inline-image, .wp-block-kadence-advancedheading.kt-adv-heading1136_0491dc-b1[data-kb-block=\"kb-adv-heading1136_0491dc-b1\"] img.kb-inline-image{width:150px;vertical-align:baseline;}@media all and (max-width: 767px){.wp-block-kadence-advancedheading.kt-adv-heading1136_0491dc-b1, .wp-block-kadence-advancedheading.kt-adv-heading1136_0491dc-b1[data-kb-block=\"kb-adv-heading1136_0491dc-b1\"]{font-size:22px;}}<\/style>\n<h2 class=\"kt-adv-heading1136_0491dc-b1 wp-block-kadence-advancedheading\" data-kb-block=\"kb-adv-heading1136_0491dc-b1\">Informe de Austeridad al Gasto <\/h2>\n\n\n<style>.kadence-column1136_4402d9-f1 > .kt-inside-inner-col{padding-top:37px;padding-right:37px;padding-bottom:37px;padding-left:37px;}.kadence-column1136_4402d9-f1 > .kt-inside-inner-col,.kadence-column1136_4402d9-f1 > .kt-inside-inner-col:before{border-top-left-radius:24px;border-top-right-radius:24px;border-bottom-right-radius:24px;border-bottom-left-radius:24px;}.kadence-column1136_4402d9-f1 > .kt-inside-inner-col{column-gap:var(--global-kb-gap-sm, 1rem);}.kadence-column1136_4402d9-f1 > .kt-inside-inner-col{flex-direction:column;}.kadence-column1136_4402d9-f1 > .kt-inside-inner-col > .aligncenter{width:100%;}.kadence-column1136_4402d9-f1 > .kt-inside-inner-col{background-color:#ffffff;}.kadence-column1136_4402d9-f1 > .kt-inside-inner-col:before{opacity:0.3;}.kadence-column1136_4402d9-f1{position:relative;}@media all and (max-width: 1024px){.kadence-column1136_4402d9-f1 > .kt-inside-inner-col{flex-direction:column;justify-content:center;}}@media all and (max-width: 767px){.kadence-column1136_4402d9-f1 > .kt-inside-inner-col{flex-direction:column;justify-content:center;}}<\/style>\n<div class=\"wp-block-kadence-column kadence-column1136_4402d9-f1\"><div class=\"kt-inside-inner-col\">\n<p>En esta secci\u00f3n podr\u00e1s encontrar los informes de austeridad y eficiencia del gasto p\u00fablico del EPA Cartagena. <\/p>\n<\/div><\/div>\n<\/div><\/div>\n\n\n<style>.kadence-column1136_dedca9-9a > .kt-inside-inner-col{padding-top:var(--global-kb-spacing-lg, 3rem);padding-right:var(--global-kb-spacing-xs, 1rem);padding-bottom:var(--global-kb-spacing-sm, 1.5rem);padding-left:var(--global-kb-spacing-xs, 1rem);}.kadence-column1136_dedca9-9a > .kt-inside-inner-col,.kadence-column1136_dedca9-9a > .kt-inside-inner-col:before{border-top-left-radius:2rem;border-top-right-radius:2rem;border-bottom-right-radius:2rem;border-bottom-left-radius:2rem;}.kadence-column1136_dedca9-9a > .kt-inside-inner-col{column-gap:var(--global-kb-gap-sm, 1rem);}.kadence-column1136_dedca9-9a > .kt-inside-inner-col{flex-direction:column;}.kadence-column1136_dedca9-9a > .kt-inside-inner-col > .aligncenter{width:100%;}.kadence-column1136_dedca9-9a > .kt-inside-inner-col{background-color:#ebf9fa;}.kadence-column1136_dedca9-9a > .kt-inside-inner-col:before{opacity:0.3;}.kadence-column1136_dedca9-9a{position:relative;}.kadence-column1136_dedca9-9a, .kt-inside-inner-col > .kadence-column1136_dedca9-9a:not(.specificity){margin-bottom:var(--global-kb-spacing-xs, 1rem);}@media all and (max-width: 1024px){.kadence-column1136_dedca9-9a > .kt-inside-inner-col{flex-direction:column;justify-content:center;}}@media all and (max-width: 767px){.kadence-column1136_dedca9-9a > .kt-inside-inner-col{flex-direction:column;justify-content:center;}}<\/style>\n<div class=\"wp-block-kadence-column kadence-column1136_dedca9-9a\"><div class=\"kt-inside-inner-col\">\n<div class=\"wp-block-media-text is-stacked-on-mobile has-theme-palette-9-color has-text-color\" style=\"grid-template-columns:15% auto\"><figure class=\"wp-block-media-text__media\"><img loading=\"lazy\" decoding=\"async\" width=\"67\" height=\"67\" src=\"https:\/\/epacartagena.gov.co\/web\/wp-content\/uploads\/2025\/06\/icono-datos-abiertos.svg\" alt=\"\" class=\"wp-image-27224 size-full\"\/><\/figure><div class=\"wp-block-media-text__content\">\n<h2 class=\"wp-block-heading\">Informes<\/h2>\n<\/div><\/div>\n\n\n<style>.kadence-column1136_7037b4-6f > .kt-inside-inner-col{padding-top:37px;padding-right:37px;padding-bottom:37px;padding-left:37px;}.kadence-column1136_7037b4-6f > .kt-inside-inner-col,.kadence-column1136_7037b4-6f > .kt-inside-inner-col:before{border-top-left-radius:24px;border-top-right-radius:24px;border-bottom-right-radius:24px;border-bottom-left-radius:24px;}.kadence-column1136_7037b4-6f > .kt-inside-inner-col{column-gap:var(--global-kb-gap-sm, 1rem);}.kadence-column1136_7037b4-6f > .kt-inside-inner-col{flex-direction:column;}.kadence-column1136_7037b4-6f > .kt-inside-inner-col > .aligncenter{width:100%;}.kadence-column1136_7037b4-6f > .kt-inside-inner-col{background-color:#ffffff;}.kadence-column1136_7037b4-6f > .kt-inside-inner-col:before{opacity:0.3;}.kadence-column1136_7037b4-6f{position:relative;}@media all and (max-width: 1024px){.kadence-column1136_7037b4-6f > .kt-inside-inner-col{flex-direction:column;justify-content:center;}}@media all and (max-width: 767px){.kadence-column1136_7037b4-6f > .kt-inside-inner-col{flex-direction:column;justify-content:center;}}<\/style>\n<div class=\"wp-block-kadence-column kadence-column1136_7037b4-6f\"><div class=\"kt-inside-inner-col\">\n<figure class=\"wp-block-table is-style-stripes\"><table><tbody><tr><td><strong>Per\u00edodo Publicado<\/strong><\/td><\/tr><tr><td><a href=\"https:\/\/epacartagena.gov.co\/web\/wp-content\/uploads\/2026\/02\/INFORME-DE-AUSTERIDAD-CUARTO-TRIMESTRE-DEL-2025.pdf\">Cuarto Trimestre 2025<\/a><\/td><\/tr><tr><td><a href=\"https:\/\/observatorio.epacartagena.gov.co\/wp-content\/uploads\/2025\/11\/2025-Oct31-Infor-Aust-3T-2025.pdf\">Tercer Trimestre 2025<\/a><\/td><\/tr><tr><td><a href=\"https:\/\/epacartagena.gov.co\/web\/wp-content\/uploads\/2025\/07\/2025-Jul-Infor-Aust-2T-2025.pdf\">Segundo Trimestre 2025<\/a><\/td><\/tr><tr><td><a href=\"https:\/\/epacartagena.gov.co\/web\/wp-content\/uploads\/2025\/06\/2025-Abr29-Infor-Aust-1T-2025.pdf\">Primer Trimestre 2025<\/a><\/td><\/tr><tr><td><a href=\"https:\/\/epacartagena.gov.co\/web\/wp-content\/uploads\/2025\/04\/2025-Ene-Infor-Aust-4T-2024.pdf\">Cuarto Trimestre 2024<\/a><\/td><\/tr><tr><td><a href=\"https:\/\/epacartagena.gov.co\/web\/wp-content\/uploads\/2023\/11\/Informe-de-Austeridad-en-el-Gasto-Publico-Tercer-Trimestre-2023.pdf\" data-type=\"link\" data-id=\"https:\/\/epacartagena.gov.co\/web\/wp-content\/uploads\/2023\/11\/Informe-de-Austeridad-en-el-Gasto-Publico-Tercer-Trimestre-2023.pdf\">Tercer Trimestre 2024<\/a><\/td><\/tr><tr><td><a href=\"https:\/\/epacartagena.gov.co\/web\/wp-content\/uploads\/2024\/07\/INFORME-DE-AUSTERIDAD-Y-EFICIENCIA-DEL-GASTO-PUBLICO-SEGUNDO-TRIMESTRE.pdf\" data-type=\"link\" data-id=\"https:\/\/epacartagena.gov.co\/web\/wp-content\/uploads\/2023\/08\/Informe-de-Austeridad-en-el-Gasto-Publico-Segundo-Trimestre-2023.pdf\" target=\"_blank\" rel=\"noreferrer noopener\">Segundo Trimestre 2024<\/a><\/td><\/tr><tr><td><a href=\"https:\/\/epacartagena.gov.co\/web\/wp-content\/uploads\/2024\/05\/2024-Informe-aust-ene-mar-1.pdf\" target=\"_blank\" rel=\"noreferrer noopener\">Primer Trimestre 2024<\/a><\/td><\/tr><tr><td><a href=\"https:\/\/epacartagena.gov.co\/web\/wp-content\/uploads\/2024\/02\/Informe-de-Austeridad-en-el-Gasto-Publico-4toTrimestre-2023.pdf\">Cuarto Trimestre 2023<\/a><\/td><\/tr><tr><td><a href=\"https:\/\/epacartagena.gov.co\/web\/wp-content\/uploads\/2023\/11\/Informe-de-Austeridad-en-el-Gasto-Publico-Tercer-Trimestre-2023.pdf\" data-type=\"link\" data-id=\"https:\/\/epacartagena.gov.co\/web\/wp-content\/uploads\/2023\/11\/Informe-de-Austeridad-en-el-Gasto-Publico-Tercer-Trimestre-2023.pdf\">Tercer Trimestre 2023<\/a><\/td><\/tr><tr><td><a href=\"https:\/\/epacartagena.gov.co\/web\/wp-content\/uploads\/2023\/08\/Informe-de-Austeridad-en-el-Gasto-Publico-Segundo-Trimestre-2023.pdf\" data-type=\"link\" data-id=\"https:\/\/epacartagena.gov.co\/web\/wp-content\/uploads\/2023\/08\/Informe-de-Austeridad-en-el-Gasto-Publico-Segundo-Trimestre-2023.pdf\">Segundo Trimestre 2023<\/a><\/td><\/tr><tr><td><a href=\"https:\/\/epacartagena.gov.co\/web\/wp-content\/uploads\/2023\/05\/2023-Austeridad-enero-marzo-Final-1-1.pdf\" target=\"_blank\" rel=\"noreferrer noopener\">Primer Trimestre 2023<\/a><\/td><\/tr><tr><td><a href=\"https:\/\/epacartagena.gov.co\/web\/wp-content\/uploads\/2023\/03\/Informe-de-Austeridad-en-el-Gasto-Publico-4toTrimestre-2022.pdf\" data-type=\"URL\" data-id=\"https:\/\/epacartagena.gov.co\/web\/wp-content\/uploads\/2023\/03\/Informe-de-Austeridad-en-el-Gasto-Publico-4toTrimestre-2022.pdf\">Cuarto Trimestre 2022<\/a><\/td><\/tr><tr><td><a href=\"https:\/\/epacartagena.gov.co\/web\/wp-content\/uploads\/2022\/11\/Tercer-Informe-de-Austeridad-en-el-Gasto-Publico-Julio-septiembre-de-2022.pdf\" data-type=\"URL\" data-id=\"https:\/\/epacartagena.gov.co\/web\/wp-content\/uploads\/2022\/11\/Tercer-Informe-de-Austeridad-en-el-Gasto-Publico-Julio-septiembre-de-2022.pdf\" target=\"_blank\" rel=\"noreferrer noopener\">Tercer Trimestre 2022<\/a><\/td><\/tr><tr><td><a href=\"https:\/\/epacartagena.gov.co\/web\/wp-content\/uploads\/2022\/08\/Informe-Austeridad-Abril_Junio-2022.pdf\" data-type=\"URL\" data-id=\"https:\/\/epacartagena.gov.co\/web\/wp-content\/uploads\/2022\/08\/Informe-Austeridad-Abril_Junio-2022.pdf\" target=\"_blank\" rel=\"noreferrer noopener\">Segundo Trimestre 2022<\/a><\/td><\/tr><tr><td><a href=\"https:\/\/epacartagena.gov.co\/web\/wp-content\/uploads\/2022\/06\/Informe-de-Austeridad-en-el-Gasto-Publico-Primer-Trimestre-del-ano-2022.pdf\" target=\"_blank\" rel=\"noreferrer noopener\">Primer Trimestre 2022<\/a><\/td><\/tr><tr><td><a href=\"https:\/\/epacartagena.gov.co\/web\/wp-content\/uploads\/2022\/02\/INFORME-DE-AUSTERIDAD-CUARTO-TRIMESTRE-2021.pdf\" data-type=\"URL\" data-id=\"https:\/\/epacartagena.gov.co\/web\/wp-content\/uploads\/2022\/02\/INFORME-DE-AUSTERIDAD-CUARTO-TRIMESTRE-2021.pdf\" target=\"_blank\" rel=\"noreferrer noopener\">Cuatro Trimestre 2021<\/a><\/td><\/tr><tr><td><a href=\"https:\/\/epacartagena.gov.co\/web\/wp-content\/uploads\/2022\/02\/INFORME-DE-AUSTERIDAD-EN-EL-GASTO-TERCER-TRIMESTRE-DEL-2021.pdf\" data-type=\"URL\" data-id=\"https:\/\/epacartagena.gov.co\/web\/wp-content\/uploads\/2022\/02\/INFORME-DE-AUSTERIDAD-EN-EL-GASTO-TERCER-TRIMESTRE-DEL-2021.pdf\" target=\"_blank\" rel=\"noreferrer noopener\">Tercer Trimestre 2021<\/a><\/td><\/tr><tr><td><a href=\"https:\/\/epacartagena.gov.co\/web\/wp-content\/uploads\/2022\/02\/INFORME-DE-AUSTERIDAD-EN-EL-GASTO-SEGUNDO-TRIMESTRE-DEL-2021_compressed.pdf\" data-type=\"URL\" data-id=\"https:\/\/epacartagena.gov.co\/web\/wp-content\/uploads\/2022\/02\/INFORME-DE-AUSTERIDAD-EN-EL-GASTO-SEGUNDO-TRIMESTRE-DEL-2021_compressed.pdf\" target=\"_blank\" rel=\"noreferrer noopener\">Segundo Trimestre 2021<\/a><\/td><\/tr><tr><td><a href=\"https:\/\/epacartagena.gov.co\/web\/wp-content\/uploads\/2022\/02\/INFORME-DE-AUSTERIDAD-EN-EL-GASTO-PRIMER-TRIMESTRE-DEL-2021.pdf\" data-type=\"URL\" data-id=\"https:\/\/epacartagena.gov.co\/web\/wp-content\/uploads\/2022\/02\/INFORME-DE-AUSTERIDAD-EN-EL-GASTO-PRIMER-TRIMESTRE-DEL-2021.pdf\" target=\"_blank\" rel=\"noreferrer noopener\">Primer Trimestre 2021<\/a><\/td><\/tr><tr><td><a href=\"https:\/\/epacartagena.gov.co\/web\/wp-content\/uploads\/2021\/02\/Informe-de-Austeridad-en-el-Gasto-Cuarto-Trimestre-2020.pdf\">Cuarto Trimestre 2020<\/a><\/td><\/tr><tr><td><a href=\"https:\/\/epacartagena.gov.co\/web\/wp-content\/uploads\/2021\/03\/INFORME-DE-AUSTERIDAD-EN-EL-GASTO-TERCER-TRIMESTRE-2020.pdf\">Tercer Trimestre 2020<\/a><\/td><\/tr><tr><td><a href=\"https:\/\/epacartagena.gov.co\/web\/wp-content\/uploads\/2021\/03\/INFORME-DE-AUSTERIDAD-EN-EL-GASTO-SEGUNDO-TRIMESTRE-2020.pdf\">Segundo Trimestre 2020<\/a><\/td><\/tr><tr><td><a rel=\"noreferrer noopener\" href=\"https:\/\/epacartagena.gov.co\/web\/wp-content\/uploads\/2021\/01\/INFORME-DE-AUSTERIDAD-EN-EL-GASTO-PRIMER-TRIMESTRE-2020-D1.pdf\" target=\"_blank\">Primer Trimestre 2020<\/a><\/td><\/tr><tr><td><a rel=\"noreferrer noopener\" href=\"https:\/\/epacartagena.gov.co\/web\/wp-content\/uploads\/2021\/01\/Informe-de-Austeridad-en-el-Gasto-Tercer-Trimestre-de-2019.pdf\" target=\"_blank\">Tercer Trimestre 2019<\/a><\/td><\/tr><tr><td><a href=\"https:\/\/epacartagena.gov.co\/web\/wp-content\/uploads\/2021\/02\/INFORME-DE-AUSTERIDAD-SEGUNDO-TRIMESTRE-2019-.pdf\">Segundo Trimestre 2019<\/a><\/td><\/tr><tr><td><a rel=\"noreferrer noopener\" href=\"https:\/\/epacartagena.gov.co\/web\/wp-content\/uploads\/2021\/01\/INFORME-DE-AUSTERIDAD-PRIMER-TRIMESTRE-2019_compressed.pdf\" target=\"_blank\">Primer Trimestre 2019<\/a><\/td><\/tr><tr><td><a rel=\"noreferrer noopener\" href=\"https:\/\/epacartagena.gov.co\/web\/wp-content\/uploads\/2021\/01\/AUSTERIDAD-DEL-GASTO-CUARTO-TRIMESTRE-2018.pdf\" target=\"_blank\">Cuarto Trimestre 2018<\/a><\/td><\/tr><tr><td><a rel=\"noreferrer noopener\" href=\"https:\/\/epacartagena.gov.co\/web\/wp-content\/uploads\/2021\/01\/AUSTERIDAD-DEL-GASTO-TERCER-TRIMESTRE-DEL-2018.pdf\" target=\"_blank\">Tercer Trimestre 2018<\/a><\/td><\/tr><tr><td><a rel=\"noreferrer noopener\" href=\"https:\/\/epacartagena.gov.co\/web\/wp-content\/uploads\/2021\/01\/AUSTERIDAD-DEL-GASTO-SEGUNDO-TRIMESTRE-DEL-2018-.pdf\" target=\"_blank\">Segundo Trimestre 2018<\/a><\/td><\/tr><tr><td><a href=\"https:\/\/epacartagena.gov.co\/web\/wp-content\/uploads\/2021\/01\/AUSTERIDAD-DEL-GASTO-PRIMER-TRIMESTRE-DEL-2018-DEFINITIVO-.pdf\" target=\"_blank\" rel=\"noreferrer noopener\">Primer Trimestre 2018<\/a><\/td><\/tr><\/tbody><\/table><\/figure>\n<\/div><\/div>\n<\/div><\/div>\n<\/div><\/div>\n\n\n<style>.kadence-column1136_96b293-4e > .kt-inside-inner-col{display:flex;}.kadence-column1136_96b293-4e > .kt-inside-inner-col{min-height:600px;}.kadence-column1136_96b293-4e > .kt-inside-inner-col,.kadence-column1136_96b293-4e > .kt-inside-inner-col:before{border-top-left-radius:2rem;border-top-right-radius:2rem;border-bottom-right-radius:2rem;border-bottom-left-radius:2rem;}.kadence-column1136_96b293-4e > .kt-inside-inner-col{column-gap:var(--global-kb-gap-sm, 1rem);}.kadence-column1136_96b293-4e > .kt-inside-inner-col{flex-direction:column;justify-content:flex-start;}.kadence-column1136_96b293-4e > .kt-inside-inner-col > .aligncenter{width:100%;}.kt-row-column-wrap > .kadence-column1136_96b293-4e{align-self:flex-start;}.kt-inner-column-height-full:not(.kt-has-1-columns) > .wp-block-kadence-column.kadence-column1136_96b293-4e{align-self:auto;}.kt-inner-column-height-full:not(.kt-has-1-columns) > .wp-block-kadence-column.kadence-column1136_96b293-4e > .kt-inside-inner-col{flex-direction:column;justify-content:flex-start;}.kadence-column1136_96b293-4e > .kt-inside-inner-col:before{opacity:0.3;}.kadence-column1136_96b293-4e{position:relative;}@media all and (max-width: 1024px){.kt-row-column-wrap > .kadence-column1136_96b293-4e{align-self:flex-start;}}@media all and (max-width: 1024px){.kt-inner-column-height-full:not(.kt-has-1-columns) > .wp-block-kadence-column.kadence-column1136_96b293-4e{align-self:auto;}}@media all and (max-width: 1024px){.kt-inner-column-height-full:not(.kt-has-1-columns) > .wp-block-kadence-column.kadence-column1136_96b293-4e > .kt-inside-inner-col{flex-direction:column;justify-content:flex-start;}}@media all and (max-width: 1024px){.kadence-column1136_96b293-4e > .kt-inside-inner-col{flex-direction:column;justify-content:flex-start;}}@media all and (max-width: 767px){.kt-row-column-wrap > .kadence-column1136_96b293-4e{align-self:flex-start;}.kt-inner-column-height-full:not(.kt-has-1-columns) > .wp-block-kadence-column.kadence-column1136_96b293-4e{align-self:auto;}.kt-inner-column-height-full:not(.kt-has-1-columns) > .wp-block-kadence-column.kadence-column1136_96b293-4e > .kt-inside-inner-col{flex-direction:column;justify-content:flex-start;}.kadence-column1136_96b293-4e > .kt-inside-inner-col{flex-direction:column;justify-content:flex-start;}}<\/style>\n<div class=\"wp-block-kadence-column kadence-column1136_96b293-4e\"><div class=\"kt-inside-inner-col\">\n<figure class=\"wp-block-image size-full has-custom-border\"><img decoding=\"async\" src=\"https:\/\/epacartagena.gov.co\/web\/wp-content\/uploads\/2025\/06\/img-mangle-contiguo-castillo.jpg\" alt=\"\" class=\"wp-image-27756\" style=\"border-style:none;border-width:0px;border-radius:32px\"\/><\/figure>\n<\/div><\/div>\n\n<\/div><\/div><\/div><\/div>\n\n<\/div><\/div>","protected":false},"excerpt":{"rendered":"<p>Informe de Austeridad al Gasto En esta secci\u00f3n podr\u00e1s encontrar los informes de austeridad y eficiencia del gasto p\u00fablico del EPA Cartagena. Informes Per\u00edodo Publicado Cuarto Trimestre 2025 Tercer Trimestre 2025 Segundo Trimestre 2025 Primer Trimestre 2025 Cuarto Trimestre 2024 Tercer Trimestre 2024 Segundo Trimestre 2024 Primer Trimestre 2024 Cuarto Trimestre 2023 Tercer Trimestre 2023&#8230;<\/p>\n","protected":false},"author":1,"featured_media":0,"parent":0,"menu_order":0,"comment_status":"closed","ping_status":"closed","template":"","meta":{"_acf_changed":false,"_kad_post_transparent":"","_kad_post_title":"","_kad_post_layout":"fullwidth","_kad_post_sidebar_id":"","_kad_post_content_style":"unboxed","_kad_post_vertical_padding":"hide","_kad_post_feature":"","_kad_post_feature_position":"","_kad_post_header":false,"_kad_post_footer":false,"_kad_post_classname":"","_vp_format_video_url":"","_vp_image_focal_point":[],"footnotes":""},"class_list":["post-1136","page","type-page","status-publish","hentry"],"acf":[],"_links":{"self":[{"href":"https:\/\/epacartagena.gov.co\/web\/wp-json\/wp\/v2\/pages\/1136","targetHints":{"allow":["GET"]}}],"collection":[{"href":"https:\/\/epacartagena.gov.co\/web\/wp-json\/wp\/v2\/pages"}],"about":[{"href":"https:\/\/epacartagena.gov.co\/web\/wp-json\/wp\/v2\/types\/page"}],"author":[{"embeddable":true,"href":"https:\/\/epacartagena.gov.co\/web\/wp-json\/wp\/v2\/users\/1"}],"replies":[{"embeddable":true,"href":"https:\/\/epacartagena.gov.co\/web\/wp-json\/wp\/v2\/comments?post=1136"}],"version-history":[{"count":25,"href":"https:\/\/epacartagena.gov.co\/web\/wp-json\/wp\/v2\/pages\/1136\/revisions"}],"predecessor-version":[{"id":34079,"href":"https:\/\/epacartagena.gov.co\/web\/wp-json\/wp\/v2\/pages\/1136\/revisions\/34079"}],"wp:attachment":[{"href":"https:\/\/epacartagena.gov.co\/web\/wp-json\/wp\/v2\/media?parent=1136"}],"curies":[{"name":"wp","href":"https:\/\/api.w.org\/{rel}","templated":true}]}}