{"id":13059,"date":"2023-08-20T09:18:52","date_gmt":"2023-08-20T14:18:52","guid":{"rendered":"https:\/\/epacartagena.gov.co\/web\/?page_id=13059"},"modified":"2025-06-22T12:50:34","modified_gmt":"2025-06-22T17:50:34","slug":"mision-y-vision","status":"publish","type":"page","link":"https:\/\/epacartagena.gov.co\/web\/nosotros\/mision-y-vision\/","title":{"rendered":"Misi\u00f3n y visi\u00f3n"},"content":{"rendered":"<style>.kb-row-layout-id13059_464eb6-7f > .kt-row-column-wrap{align-content:start;}:where(.kb-row-layout-id13059_464eb6-7f > .kt-row-column-wrap) > .wp-block-kadence-column{justify-content:start;}.kb-row-layout-id13059_464eb6-7f > .kt-row-column-wrap{column-gap:var(--global-kb-gap-md, 2rem);row-gap:var(--global-kb-gap-md, 2rem);padding-top:var(--global-kb-spacing-md, 2rem);padding-right:var(--global-kb-spacing-sm, 1.5rem);padding-bottom:var(--global-kb-spacing-md, 2rem);padding-left:var(--global-kb-spacing-sm, 1.5rem);grid-template-columns:minmax(0, 1fr);}.kb-row-layout-id13059_464eb6-7f > .kt-row-layout-overlay{opacity:0.30;}@media all and (max-width: 1024px){.kb-row-layout-id13059_464eb6-7f > .kt-row-column-wrap{padding-right:var(--global-kb-spacing-xxs, 0.5rem);padding-left:var(--global-kb-spacing-xxs, 0.5rem);grid-template-columns:minmax(0, 1fr);}}@media all and (max-width: 767px){.kb-row-layout-id13059_464eb6-7f > .kt-row-column-wrap{grid-template-columns:minmax(0, 1fr);}}<\/style><div class=\"kb-row-layout-wrap kb-row-layout-id13059_464eb6-7f alignnone wp-block-kadence-rowlayout\"><div class=\"kt-row-column-wrap kt-has-1-columns kt-row-layout-equal kt-tab-layout-inherit kt-mobile-layout-row kt-row-valign-top\">\n<style>.kadence-column13059_b38078-18 > .kt-inside-inner-col,.kadence-column13059_b38078-18 > .kt-inside-inner-col:before{border-top-left-radius:0px;border-top-right-radius:0px;border-bottom-right-radius:0px;border-bottom-left-radius:0px;}.kadence-column13059_b38078-18 > .kt-inside-inner-col{column-gap:var(--global-kb-gap-sm, 1rem);}.kadence-column13059_b38078-18 > .kt-inside-inner-col{flex-direction:column;}.kadence-column13059_b38078-18 > .kt-inside-inner-col > .aligncenter{width:100%;}.kadence-column13059_b38078-18 > .kt-inside-inner-col:before{opacity:0.3;}.kadence-column13059_b38078-18{position:relative;}@media all and (max-width: 1024px){.kadence-column13059_b38078-18 > .kt-inside-inner-col{flex-direction:column;justify-content:center;}}@media all and (max-width: 767px){.kadence-column13059_b38078-18 > .kt-inside-inner-col{flex-direction:column;justify-content:center;}}<\/style>\n<div class=\"wp-block-kadence-column kadence-column13059_b38078-18\"><div class=\"kt-inside-inner-col\"><style>.kb-row-layout-id13059_30c35d-ca > .kt-row-column-wrap{align-content:start;}:where(.kb-row-layout-id13059_30c35d-ca > .kt-row-column-wrap) > .wp-block-kadence-column{justify-content:start;}.kb-row-layout-id13059_30c35d-ca > .kt-row-column-wrap{column-gap:var(--global-kb-gap-md, 2rem);row-gap:var(--global-kb-gap-md, 2rem);grid-template-columns:minmax(0, 2fr) minmax(0, 1fr);}.kb-row-layout-id13059_30c35d-ca > .kt-row-layout-overlay{opacity:0.30;}@media all and (max-width: 1024px){.kb-row-layout-id13059_30c35d-ca > .kt-row-column-wrap{grid-template-columns:minmax(0, 1fr);}}@media all and (max-width: 767px){.kb-row-layout-id13059_30c35d-ca > .kt-row-column-wrap{grid-template-columns:minmax(0, 1fr);}}<\/style><div class=\"kb-row-layout-wrap kb-row-layout-id13059_30c35d-ca alignnone wp-block-kadence-rowlayout\"><div class=\"kt-row-column-wrap kt-has-2-columns kt-row-layout-left-golden kt-tab-layout-row kt-mobile-layout-row kt-row-valign-top kt-inner-column-height-full\">\n<style>.kadence-column13059_24e985-ef > .kt-inside-inner-col{padding-top:0px;padding-right:0px;padding-bottom:0px;padding-left:0px;}.kadence-column13059_24e985-ef > .kt-inside-inner-col,.kadence-column13059_24e985-ef > .kt-inside-inner-col:before{border-top-left-radius:2rem;border-top-right-radius:2rem;border-bottom-right-radius:2rem;border-bottom-left-radius:2rem;}.kadence-column13059_24e985-ef > .kt-inside-inner-col{column-gap:var(--global-kb-gap-sm, 1rem);}.kadence-column13059_24e985-ef > .kt-inside-inner-col{flex-direction:column;}.kadence-column13059_24e985-ef > .kt-inside-inner-col > .aligncenter{width:100%;}.kadence-column13059_24e985-ef > .kt-inside-inner-col:before{opacity:0.3;}.kadence-column13059_24e985-ef{position:relative;}@media all and (max-width: 1024px){.kadence-column13059_24e985-ef > .kt-inside-inner-col{flex-direction:column;justify-content:center;}}@media all and (max-width: 767px){.kadence-column13059_24e985-ef > .kt-inside-inner-col{flex-direction:column;justify-content:center;}}<\/style>\n<div class=\"wp-block-kadence-column kadence-column13059_24e985-ef\"><div class=\"kt-inside-inner-col\"><style>.kadence-column13059_79e8bd-60 > .kt-inside-inner-col{padding-top:var(--global-kb-spacing-lg, 3rem);padding-right:var(--global-kb-spacing-xs, 1rem);padding-bottom:var(--global-kb-spacing-sm, 1.5rem);padding-left:var(--global-kb-spacing-xs, 1rem);}.kadence-column13059_79e8bd-60 > .kt-inside-inner-col,.kadence-column13059_79e8bd-60 > .kt-inside-inner-col:before{border-top-left-radius:2rem;border-top-right-radius:2rem;border-bottom-right-radius:2rem;border-bottom-left-radius:2rem;}.kadence-column13059_79e8bd-60 > .kt-inside-inner-col{column-gap:var(--global-kb-gap-sm, 1rem);}.kadence-column13059_79e8bd-60 > .kt-inside-inner-col{flex-direction:column;}.kadence-column13059_79e8bd-60 > .kt-inside-inner-col > .aligncenter{width:100%;}.kadence-column13059_79e8bd-60 > .kt-inside-inner-col{background-color:#ebf9fa;}.kadence-column13059_79e8bd-60 > .kt-inside-inner-col:before{opacity:0.3;}.kadence-column13059_79e8bd-60{position:relative;}.kadence-column13059_79e8bd-60, .kt-inside-inner-col > .kadence-column13059_79e8bd-60:not(.specificity){margin-bottom:var(--global-kb-spacing-xs, 1rem);}@media all and (max-width: 1024px){.kadence-column13059_79e8bd-60 > .kt-inside-inner-col{flex-direction:column;justify-content:center;}}@media all and (max-width: 767px){.kadence-column13059_79e8bd-60 > .kt-inside-inner-col{flex-direction:column;justify-content:center;}}<\/style>\n<div class=\"wp-block-kadence-column kadence-column13059_79e8bd-60\"><div class=\"kt-inside-inner-col\"><style>.wp-block-kadence-advancedheading.kt-adv-heading13059_fd750e-e4, .wp-block-kadence-advancedheading.kt-adv-heading13059_fd750e-e4[data-kb-block=\"kb-adv-heading13059_fd750e-e4\"]{padding-bottom:var(--global-kb-spacing-xs, 1rem);padding-left:var(--global-kb-spacing-xs, 1rem);margin-bottom:0px;font-size:27px;line-height:1.2;font-style:normal;color:#268d96;}.wp-block-kadence-advancedheading.kt-adv-heading13059_fd750e-e4 mark.kt-highlight, .wp-block-kadence-advancedheading.kt-adv-heading13059_fd750e-e4[data-kb-block=\"kb-adv-heading13059_fd750e-e4\"] mark.kt-highlight{font-style:normal;color:#f76a0c;-webkit-box-decoration-break:clone;box-decoration-break:clone;padding-top:0px;padding-right:0px;padding-bottom:0px;padding-left:0px;}.wp-block-kadence-advancedheading.kt-adv-heading13059_fd750e-e4 img.kb-inline-image, .wp-block-kadence-advancedheading.kt-adv-heading13059_fd750e-e4[data-kb-block=\"kb-adv-heading13059_fd750e-e4\"] img.kb-inline-image{width:150px;vertical-align:baseline;}@media all and (max-width: 767px){.wp-block-kadence-advancedheading.kt-adv-heading13059_fd750e-e4, .wp-block-kadence-advancedheading.kt-adv-heading13059_fd750e-e4[data-kb-block=\"kb-adv-heading13059_fd750e-e4\"]{font-size:22px;}}<\/style>\n<h2 class=\"kt-adv-heading13059_fd750e-e4 wp-block-kadence-advancedheading\" data-kb-block=\"kb-adv-heading13059_fd750e-e4\">Misi\u00f3n del EPA Cartagena<\/h2>\n\n\n<style>.kadence-column13059_a9c2bc-2a > .kt-inside-inner-col{padding-top:37px;padding-right:37px;padding-bottom:37px;padding-left:37px;}.kadence-column13059_a9c2bc-2a > .kt-inside-inner-col,.kadence-column13059_a9c2bc-2a > .kt-inside-inner-col:before{border-top-left-radius:24px;border-top-right-radius:24px;border-bottom-right-radius:24px;border-bottom-left-radius:24px;}.kadence-column13059_a9c2bc-2a > .kt-inside-inner-col{column-gap:var(--global-kb-gap-sm, 1rem);}.kadence-column13059_a9c2bc-2a > .kt-inside-inner-col{flex-direction:column;}.kadence-column13059_a9c2bc-2a > .kt-inside-inner-col > .aligncenter{width:100%;}.kadence-column13059_a9c2bc-2a > .kt-inside-inner-col{background-color:#ffffff;}.kadence-column13059_a9c2bc-2a > .kt-inside-inner-col:before{opacity:0.3;}.kadence-column13059_a9c2bc-2a{position:relative;}@media all and (max-width: 1024px){.kadence-column13059_a9c2bc-2a > .kt-inside-inner-col{flex-direction:column;justify-content:center;}}@media all and (max-width: 767px){.kadence-column13059_a9c2bc-2a > .kt-inside-inner-col{flex-direction:column;justify-content:center;}}.kadence-column13059_a9c2bc-2a p {margin:0;}<\/style>\n<div class=\"wp-block-kadence-column kadence-column13059_a9c2bc-2a\"><div class=\"kt-inside-inner-col\"><style>.wp-block-kadence-advancedheading.kt-adv-heading13059_304ff8-63, .wp-block-kadence-advancedheading.kt-adv-heading13059_304ff8-63[data-kb-block=\"kb-adv-heading13059_304ff8-63\"]{max-width:1080px;font-size:16px;font-style:normal;}.wp-block-kadence-advancedheading.kt-adv-heading13059_304ff8-63 mark.kt-highlight, .wp-block-kadence-advancedheading.kt-adv-heading13059_304ff8-63[data-kb-block=\"kb-adv-heading13059_304ff8-63\"] mark.kt-highlight{font-style:normal;color:#f76a0c;-webkit-box-decoration-break:clone;box-decoration-break:clone;padding-top:0px;padding-right:0px;padding-bottom:0px;padding-left:0px;}.wp-block-kadence-advancedheading.kt-adv-heading13059_304ff8-63 img.kb-inline-image, .wp-block-kadence-advancedheading.kt-adv-heading13059_304ff8-63[data-kb-block=\"kb-adv-heading13059_304ff8-63\"] img.kb-inline-image{width:150px;vertical-align:baseline;}<\/style>\n<p class=\"kt-adv-heading13059_304ff8-63 wp-block-kadence-advancedheading\" data-kb-block=\"kb-adv-heading13059_304ff8-63\">El Establecimiento P\u00fablico Ambiental de Cartagena es una entidad descentralizada del Distrito de Cartagena que act\u00faa como autoridad ambiental urbana, ejerciendo control y regulaci\u00f3n ambiental, y promoviendo el fortalecimiento de la cultura ambiental a trav\u00e9s de la gesti\u00f3n de planes, programas y proyectos. Trabajamos para la ciudadan\u00eda, sectores productivos y organizaciones sociales, en el \u00e1rea de nuestra jurisdicci\u00f3n, con el prop\u00f3sito de gestionar un ambiente sano, la sostenibilidad de los ecosistemas estrat\u00e9gicos y una mejor calidad de vida para las generaciones actuales y futuras.<\/p>\n<\/div><\/div>\n<\/div><\/div>\n\n\n<style>.kadence-column13059_cdd6df-7d > .kt-inside-inner-col{padding-top:var(--global-kb-spacing-lg, 3rem);padding-right:var(--global-kb-spacing-xs, 1rem);padding-bottom:var(--global-kb-spacing-sm, 1.5rem);padding-left:var(--global-kb-spacing-xs, 1rem);}.kadence-column13059_cdd6df-7d > .kt-inside-inner-col,.kadence-column13059_cdd6df-7d > .kt-inside-inner-col:before{border-top-left-radius:2rem;border-top-right-radius:2rem;border-bottom-right-radius:2rem;border-bottom-left-radius:2rem;}.kadence-column13059_cdd6df-7d > .kt-inside-inner-col{column-gap:var(--global-kb-gap-sm, 1rem);}.kadence-column13059_cdd6df-7d > .kt-inside-inner-col{flex-direction:column;}.kadence-column13059_cdd6df-7d > .kt-inside-inner-col > .aligncenter{width:100%;}.kadence-column13059_cdd6df-7d > .kt-inside-inner-col{background-color:#ebf4e6;}.kadence-column13059_cdd6df-7d > .kt-inside-inner-col:before{opacity:0.3;}.kadence-column13059_cdd6df-7d{position:relative;}@media all and (max-width: 1024px){.kadence-column13059_cdd6df-7d > .kt-inside-inner-col{flex-direction:column;justify-content:center;}}@media all and (max-width: 767px){.kadence-column13059_cdd6df-7d > .kt-inside-inner-col{flex-direction:column;justify-content:center;}}<\/style>\n<div class=\"wp-block-kadence-column kadence-column13059_cdd6df-7d\"><div class=\"kt-inside-inner-col\"><style>.wp-block-kadence-advancedheading.kt-adv-heading13059_1bbbc9-6e, .wp-block-kadence-advancedheading.kt-adv-heading13059_1bbbc9-6e[data-kb-block=\"kb-adv-heading13059_1bbbc9-6e\"]{padding-bottom:var(--global-kb-spacing-xs, 1rem);padding-left:var(--global-kb-spacing-xs, 1rem);margin-bottom:0px;font-size:27px;line-height:1.2;font-style:normal;color:#549911;}.wp-block-kadence-advancedheading.kt-adv-heading13059_1bbbc9-6e mark.kt-highlight, .wp-block-kadence-advancedheading.kt-adv-heading13059_1bbbc9-6e[data-kb-block=\"kb-adv-heading13059_1bbbc9-6e\"] mark.kt-highlight{font-style:normal;color:#f76a0c;-webkit-box-decoration-break:clone;box-decoration-break:clone;padding-top:0px;padding-right:0px;padding-bottom:0px;padding-left:0px;}.wp-block-kadence-advancedheading.kt-adv-heading13059_1bbbc9-6e img.kb-inline-image, .wp-block-kadence-advancedheading.kt-adv-heading13059_1bbbc9-6e[data-kb-block=\"kb-adv-heading13059_1bbbc9-6e\"] img.kb-inline-image{width:150px;vertical-align:baseline;}@media all and (max-width: 767px){.wp-block-kadence-advancedheading.kt-adv-heading13059_1bbbc9-6e, .wp-block-kadence-advancedheading.kt-adv-heading13059_1bbbc9-6e[data-kb-block=\"kb-adv-heading13059_1bbbc9-6e\"]{font-size:22px;}}<\/style>\n<h2 class=\"kt-adv-heading13059_1bbbc9-6e wp-block-kadence-advancedheading\" data-kb-block=\"kb-adv-heading13059_1bbbc9-6e\">Visi\u00f3n del EPA Cartagena<\/h2>\n\n\n<style>.kadence-column13059_e201dc-ef > .kt-inside-inner-col{padding-top:37px;padding-right:37px;padding-bottom:37px;padding-left:37px;}.kadence-column13059_e201dc-ef > .kt-inside-inner-col,.kadence-column13059_e201dc-ef > .kt-inside-inner-col:before{border-top-left-radius:24px;border-top-right-radius:24px;border-bottom-right-radius:24px;border-bottom-left-radius:24px;}.kadence-column13059_e201dc-ef > .kt-inside-inner-col{column-gap:var(--global-kb-gap-sm, 1rem);}.kadence-column13059_e201dc-ef > .kt-inside-inner-col{flex-direction:column;}.kadence-column13059_e201dc-ef > .kt-inside-inner-col > .aligncenter{width:100%;}.kadence-column13059_e201dc-ef > .kt-inside-inner-col{background-color:#ffffff;}.kadence-column13059_e201dc-ef > .kt-inside-inner-col:before{opacity:0.3;}.kadence-column13059_e201dc-ef{position:relative;}@media all and (max-width: 1024px){.kadence-column13059_e201dc-ef > .kt-inside-inner-col{flex-direction:column;justify-content:center;}}@media all and (max-width: 767px){.kadence-column13059_e201dc-ef > .kt-inside-inner-col{flex-direction:column;justify-content:center;}}.kadence-column13059_e201dc-ef p {margin:0;}<\/style>\n<div class=\"wp-block-kadence-column kadence-column13059_e201dc-ef\"><div class=\"kt-inside-inner-col\"><style>.wp-block-kadence-advancedheading.kt-adv-heading13059_730269-50, .wp-block-kadence-advancedheading.kt-adv-heading13059_730269-50[data-kb-block=\"kb-adv-heading13059_730269-50\"]{max-width:1080px;font-size:16px;font-style:normal;}.wp-block-kadence-advancedheading.kt-adv-heading13059_730269-50 mark.kt-highlight, .wp-block-kadence-advancedheading.kt-adv-heading13059_730269-50[data-kb-block=\"kb-adv-heading13059_730269-50\"] mark.kt-highlight{font-style:normal;color:#f76a0c;-webkit-box-decoration-break:clone;box-decoration-break:clone;padding-top:0px;padding-right:0px;padding-bottom:0px;padding-left:0px;}.wp-block-kadence-advancedheading.kt-adv-heading13059_730269-50 img.kb-inline-image, .wp-block-kadence-advancedheading.kt-adv-heading13059_730269-50[data-kb-block=\"kb-adv-heading13059_730269-50\"] img.kb-inline-image{width:150px;vertical-align:baseline;}<\/style>\n<p class=\"kt-adv-heading13059_730269-50 wp-block-kadence-advancedheading\" data-kb-block=\"kb-adv-heading13059_730269-50\">En el a\u00f1o 2027, el Establecimiento P\u00fablico Ambiental EPA Cartagena se consolidar\u00e1 como autoridad ambiental urbana en el Distrito de Cartagena, destacado por su capacidad innovadora para garantizar el acceso equitativo a los derechos ambientales y la sostenibilidad de los ecosistemas estrat\u00e9gicos trabajando con integridad, calidad y responsabilidad para fortalecer la resiliencia ambiental, promover la participaci\u00f3n activa de los grupos de valor y ciudadan\u00eda, alcanzando resultados \u00f3ptimos en la gobernabilidad ambiental.<\/p>\n<\/div><\/div>\n<\/div><\/div>\n<\/div><\/div>\n\n\n<style>.kadence-column13059_e297c1-48 > .kt-inside-inner-col{display:flex;}.kadence-column13059_e297c1-48 > .kt-inside-inner-col{padding-top:var(--global-kb-spacing-xl, 4rem);padding-right:var(--global-kb-spacing-md, 2rem);padding-bottom:var(--global-kb-spacing-lg, 3rem);padding-left:var(--global-kb-spacing-md, 2rem);}.kadence-column13059_e297c1-48 > .kt-inside-inner-col{min-height:600px;}.kadence-column13059_e297c1-48 > .kt-inside-inner-col,.kadence-column13059_e297c1-48 > .kt-inside-inner-col:before{border-top-left-radius:2rem;border-top-right-radius:2rem;border-bottom-right-radius:2rem;border-bottom-left-radius:2rem;}.kadence-column13059_e297c1-48 > .kt-inside-inner-col{column-gap:var(--global-kb-gap-sm, 1rem);}.kadence-column13059_e297c1-48 > .kt-inside-inner-col{flex-direction:column;justify-content:flex-start;}.kadence-column13059_e297c1-48 > .kt-inside-inner-col > .aligncenter{width:100%;}.kt-row-column-wrap > .kadence-column13059_e297c1-48{align-self:flex-start;}.kt-inner-column-height-full:not(.kt-has-1-columns) > .wp-block-kadence-column.kadence-column13059_e297c1-48{align-self:auto;}.kt-inner-column-height-full:not(.kt-has-1-columns) > .wp-block-kadence-column.kadence-column13059_e297c1-48 > .kt-inside-inner-col{flex-direction:column;justify-content:flex-start;}.kadence-column13059_e297c1-48 > .kt-inside-inner-col{background-color:#ebf4e6;background-image:url('https:\/\/epacartagena.gov.co\/web\/wp-content\/uploads\/2025\/05\/img-cienaga-de-las-quintas.jpg');background-size:cover;background-position:62% 60%;background-attachment:scroll;background-repeat:no-repeat;}.kadence-column13059_e297c1-48 > .kt-inside-inner-col:before{opacity:0.3;}.kadence-column13059_e297c1-48{position:relative;}@media all and (max-width: 1024px){.kadence-column13059_e297c1-48 > .kt-inside-inner-col{padding-top:var(--global-kb-spacing-xl, 4rem);flex-direction:column;justify-content:flex-start;}}@media all and (max-width: 1024px){.kt-row-column-wrap > .kadence-column13059_e297c1-48{align-self:flex-start;}}@media all and (max-width: 1024px){.kt-inner-column-height-full:not(.kt-has-1-columns) > .wp-block-kadence-column.kadence-column13059_e297c1-48{align-self:auto;}}@media all and (max-width: 1024px){.kt-inner-column-height-full:not(.kt-has-1-columns) > .wp-block-kadence-column.kadence-column13059_e297c1-48 > .kt-inside-inner-col{flex-direction:column;justify-content:flex-start;}}@media all and (max-width: 767px){.kt-row-column-wrap > .kadence-column13059_e297c1-48{align-self:flex-start;}.kt-inner-column-height-full:not(.kt-has-1-columns) > .wp-block-kadence-column.kadence-column13059_e297c1-48{align-self:auto;}.kt-inner-column-height-full:not(.kt-has-1-columns) > .wp-block-kadence-column.kadence-column13059_e297c1-48 > .kt-inside-inner-col{flex-direction:column;justify-content:flex-start;}.kadence-column13059_e297c1-48 > .kt-inside-inner-col{flex-direction:column;justify-content:flex-start;}}<\/style>\n<div class=\"wp-block-kadence-column kadence-column13059_e297c1-48\"><div class=\"kt-inside-inner-col\"><\/div><\/div>\n\n<\/div><\/div><\/div><\/div>\n\n<\/div><\/div>","protected":false},"excerpt":{"rendered":"<p>Misi\u00f3n del EPA Cartagena El Establecimiento P\u00fablico Ambiental de Cartagena es una entidad descentralizada del Distrito de Cartagena que act\u00faa como autoridad ambiental urbana, ejerciendo control y regulaci\u00f3n ambiental, y promoviendo el fortalecimiento de la cultura ambiental a trav\u00e9s de la gesti\u00f3n de planes, programas y proyectos. Trabajamos para la ciudadan\u00eda, sectores productivos y organizaciones&#8230;<\/p>\n","protected":false},"author":1,"featured_media":0,"parent":695,"menu_order":0,"comment_status":"closed","ping_status":"closed","template":"","meta":{"_acf_changed":false,"_kad_post_transparent":"","_kad_post_title":"","_kad_post_layout":"fullwidth","_kad_post_sidebar_id":"","_kad_post_content_style":"unboxed","_kad_post_vertical_padding":"default","_kad_post_feature":"hide","_kad_post_feature_position":"","_kad_post_header":false,"_kad_post_footer":false,"_kad_post_classname":"","_vp_format_video_url":"","_vp_image_focal_point":[],"footnotes":""},"class_list":["post-13059","page","type-page","status-publish","hentry"],"acf":[],"_links":{"self":[{"href":"https:\/\/epacartagena.gov.co\/web\/wp-json\/wp\/v2\/pages\/13059","targetHints":{"allow":["GET"]}}],"collection":[{"href":"https:\/\/epacartagena.gov.co\/web\/wp-json\/wp\/v2\/pages"}],"about":[{"href":"https:\/\/epacartagena.gov.co\/web\/wp-json\/wp\/v2\/types\/page"}],"author":[{"embeddable":true,"href":"https:\/\/epacartagena.gov.co\/web\/wp-json\/wp\/v2\/users\/1"}],"replies":[{"embeddable":true,"href":"https:\/\/epacartagena.gov.co\/web\/wp-json\/wp\/v2\/comments?post=13059"}],"version-history":[{"count":19,"href":"https:\/\/epacartagena.gov.co\/web\/wp-json\/wp\/v2\/pages\/13059\/revisions"}],"predecessor-version":[{"id":27337,"href":"https:\/\/epacartagena.gov.co\/web\/wp-json\/wp\/v2\/pages\/13059\/revisions\/27337"}],"up":[{"embeddable":true,"href":"https:\/\/epacartagena.gov.co\/web\/wp-json\/wp\/v2\/pages\/695"}],"wp:attachment":[{"href":"https:\/\/epacartagena.gov.co\/web\/wp-json\/wp\/v2\/media?parent=13059"}],"curies":[{"name":"wp","href":"https:\/\/api.w.org\/{rel}","templated":true}]}}