{"id":13083,"date":"2023-08-22T11:43:31","date_gmt":"2023-08-22T16:43:31","guid":{"rendered":"https:\/\/epacartagena.gov.co\/web\/?page_id=13083"},"modified":"2025-06-21T15:49:50","modified_gmt":"2025-06-21T20:49:50","slug":"codigo-de-integridad-y-conflicto-de-interes","status":"publish","type":"page","link":"https:\/\/epacartagena.gov.co\/web\/nosotros\/codigo-de-integridad-y-conflicto-de-interes\/","title":{"rendered":"C\u00f3digo de Integridad y Conflicto de Inter\u00e9s"},"content":{"rendered":"<style>.kb-row-layout-id13083_127ead-62 > .kt-row-column-wrap{align-content:start;}:where(.kb-row-layout-id13083_127ead-62 > .kt-row-column-wrap) > .wp-block-kadence-column{justify-content:start;}.kb-row-layout-id13083_127ead-62 > .kt-row-column-wrap{column-gap:var(--global-kb-gap-md, 2rem);row-gap:var(--global-kb-gap-md, 2rem);padding-top:var(--global-kb-spacing-md, 2rem);padding-right:var(--global-kb-spacing-sm, 1.5rem);padding-bottom:var(--global-kb-spacing-xs, 1rem);padding-left:var(--global-kb-spacing-sm, 1.5rem);grid-template-columns:minmax(0, 1fr);}.kb-row-layout-id13083_127ead-62 > .kt-row-layout-overlay{opacity:0.30;}@media all and (max-width: 1024px){.kb-row-layout-id13083_127ead-62 > .kt-row-column-wrap{padding-right:var(--global-kb-spacing-xxs, 0.5rem);padding-left:var(--global-kb-spacing-xxs, 0.5rem);grid-template-columns:minmax(0, 1fr);}}@media all and (max-width: 767px){.kb-row-layout-id13083_127ead-62 > .kt-row-column-wrap{grid-template-columns:minmax(0, 1fr);}}<\/style><div class=\"kb-row-layout-wrap kb-row-layout-id13083_127ead-62 alignnone wp-block-kadence-rowlayout\"><div class=\"kt-row-column-wrap kt-has-1-columns kt-row-layout-equal kt-tab-layout-inherit kt-mobile-layout-row kt-row-valign-top\">\n<style>.kadence-column13083_473c9c-39 > .kt-inside-inner-col,.kadence-column13083_473c9c-39 > .kt-inside-inner-col:before{border-top-left-radius:0px;border-top-right-radius:0px;border-bottom-right-radius:0px;border-bottom-left-radius:0px;}.kadence-column13083_473c9c-39 > .kt-inside-inner-col{column-gap:var(--global-kb-gap-sm, 1rem);}.kadence-column13083_473c9c-39 > .kt-inside-inner-col{flex-direction:column;}.kadence-column13083_473c9c-39 > .kt-inside-inner-col > .aligncenter{width:100%;}.kadence-column13083_473c9c-39 > .kt-inside-inner-col:before{opacity:0.3;}.kadence-column13083_473c9c-39{position:relative;}@media all and (max-width: 1024px){.kadence-column13083_473c9c-39 > .kt-inside-inner-col{flex-direction:column;justify-content:center;}}@media all and (max-width: 767px){.kadence-column13083_473c9c-39 > .kt-inside-inner-col{flex-direction:column;justify-content:center;}}<\/style>\n<div class=\"wp-block-kadence-column kadence-column13083_473c9c-39\"><div class=\"kt-inside-inner-col\"><style>.kb-row-layout-id13083_771dbd-e3 > .kt-row-column-wrap{align-content:start;}:where(.kb-row-layout-id13083_771dbd-e3 > .kt-row-column-wrap) > .wp-block-kadence-column{justify-content:start;}.kb-row-layout-id13083_771dbd-e3 > .kt-row-column-wrap{column-gap:var(--global-kb-gap-md, 2rem);row-gap:var(--global-kb-gap-md, 2rem);grid-template-columns:minmax(0, 1fr);}.kb-row-layout-id13083_771dbd-e3 > .kt-row-layout-overlay{opacity:0.30;}@media all and (max-width: 1024px){.kb-row-layout-id13083_771dbd-e3 > .kt-row-column-wrap{grid-template-columns:minmax(0, 1fr);}}@media all and (max-width: 767px){.kb-row-layout-id13083_771dbd-e3 > .kt-row-column-wrap{grid-template-columns:minmax(0, 1fr);}}<\/style><div class=\"kb-row-layout-wrap kb-row-layout-id13083_771dbd-e3 alignnone wp-block-kadence-rowlayout\"><div class=\"kt-row-column-wrap kt-has-1-columns kt-row-layout-equal kt-tab-layout-inherit kt-mobile-layout-row kt-row-valign-top kt-inner-column-height-full\">\n<style>.kadence-column13083_8a8d77-55 > .kt-inside-inner-col{padding-top:0px;padding-right:0px;padding-bottom:0px;padding-left:0px;}.kadence-column13083_8a8d77-55 > .kt-inside-inner-col,.kadence-column13083_8a8d77-55 > .kt-inside-inner-col:before{border-top-left-radius:2rem;border-top-right-radius:2rem;border-bottom-right-radius:2rem;border-bottom-left-radius:2rem;}.kadence-column13083_8a8d77-55 > .kt-inside-inner-col{column-gap:var(--global-kb-gap-sm, 1rem);}.kadence-column13083_8a8d77-55 > .kt-inside-inner-col{flex-direction:column;}.kadence-column13083_8a8d77-55 > .kt-inside-inner-col > .aligncenter{width:100%;}.kadence-column13083_8a8d77-55 > .kt-inside-inner-col:before{opacity:0.3;}.kadence-column13083_8a8d77-55{position:relative;}@media all and (max-width: 1024px){.kadence-column13083_8a8d77-55 > .kt-inside-inner-col{flex-direction:column;justify-content:center;}}@media all and (max-width: 767px){.kadence-column13083_8a8d77-55 > .kt-inside-inner-col{flex-direction:column;justify-content:center;}}<\/style>\n<div class=\"wp-block-kadence-column kadence-column13083_8a8d77-55\"><div class=\"kt-inside-inner-col\"><style>.kadence-column13083_bd4d91-b3 > .kt-inside-inner-col{padding-top:var(--global-kb-spacing-lg, 3rem);padding-right:var(--global-kb-spacing-xs, 1rem);padding-bottom:var(--global-kb-spacing-sm, 1.5rem);padding-left:var(--global-kb-spacing-xs, 1rem);}.kadence-column13083_bd4d91-b3 > .kt-inside-inner-col,.kadence-column13083_bd4d91-b3 > .kt-inside-inner-col:before{border-top-left-radius:2rem;border-top-right-radius:2rem;border-bottom-right-radius:2rem;border-bottom-left-radius:2rem;}.kadence-column13083_bd4d91-b3 > .kt-inside-inner-col{column-gap:var(--global-kb-gap-sm, 1rem);}.kadence-column13083_bd4d91-b3 > .kt-inside-inner-col{flex-direction:column;}.kadence-column13083_bd4d91-b3 > .kt-inside-inner-col > .aligncenter{width:100%;}.kadence-column13083_bd4d91-b3 > .kt-inside-inner-col{background-color:#ebf4e6;}.kadence-column13083_bd4d91-b3 > .kt-inside-inner-col:before{opacity:0.3;}.kadence-column13083_bd4d91-b3{position:relative;}.kadence-column13083_bd4d91-b3, .kt-inside-inner-col > .kadence-column13083_bd4d91-b3:not(.specificity){margin-bottom:var(--global-kb-spacing-xs, 1rem);}@media all and (max-width: 1024px){.kadence-column13083_bd4d91-b3 > .kt-inside-inner-col{flex-direction:column;justify-content:center;}}@media all and (max-width: 767px){.kadence-column13083_bd4d91-b3 > .kt-inside-inner-col{flex-direction:column;justify-content:center;}}<\/style>\n<div class=\"wp-block-kadence-column kadence-column13083_bd4d91-b3\"><div class=\"kt-inside-inner-col\"><style>.wp-block-kadence-advancedheading.kt-adv-heading13083_3adc75-8d, .wp-block-kadence-advancedheading.kt-adv-heading13083_3adc75-8d[data-kb-block=\"kb-adv-heading13083_3adc75-8d\"]{padding-bottom:var(--global-kb-spacing-xs, 1rem);padding-left:var(--global-kb-spacing-xs, 1rem);margin-bottom:0px;font-size:27px;line-height:1.2;font-style:normal;color:#268d96;}.wp-block-kadence-advancedheading.kt-adv-heading13083_3adc75-8d mark.kt-highlight, .wp-block-kadence-advancedheading.kt-adv-heading13083_3adc75-8d[data-kb-block=\"kb-adv-heading13083_3adc75-8d\"] mark.kt-highlight{font-style:normal;color:#f76a0c;-webkit-box-decoration-break:clone;box-decoration-break:clone;padding-top:0px;padding-right:0px;padding-bottom:0px;padding-left:0px;}.wp-block-kadence-advancedheading.kt-adv-heading13083_3adc75-8d img.kb-inline-image, .wp-block-kadence-advancedheading.kt-adv-heading13083_3adc75-8d[data-kb-block=\"kb-adv-heading13083_3adc75-8d\"] img.kb-inline-image{width:150px;vertical-align:baseline;}@media all and (max-width: 767px){.wp-block-kadence-advancedheading.kt-adv-heading13083_3adc75-8d, .wp-block-kadence-advancedheading.kt-adv-heading13083_3adc75-8d[data-kb-block=\"kb-adv-heading13083_3adc75-8d\"]{font-size:22px;}}<\/style>\n<h1 class=\"kt-adv-heading13083_3adc75-8d wp-block-kadence-advancedheading\" data-kb-block=\"kb-adv-heading13083_3adc75-8d\">C\u00f3digo de Integridad y Conflicto de Inter\u00e9s<\/h1>\n\n\n<style>.kb-row-layout-id13083_78b1be-bc > .kt-row-column-wrap{align-content:start;}:where(.kb-row-layout-id13083_78b1be-bc > .kt-row-column-wrap) > .wp-block-kadence-column{justify-content:start;}.kb-row-layout-id13083_78b1be-bc > .kt-row-column-wrap{column-gap:var(--global-kb-gap-md, 2rem);row-gap:var(--global-kb-gap-md, 2rem);padding-top:var(--global-kb-spacing-sm, 1.5rem);padding-bottom:var(--global-kb-spacing-sm, 1.5rem);grid-template-columns:minmax(0, 2fr) minmax(0, 1fr);}.kb-row-layout-id13083_78b1be-bc > .kt-row-layout-overlay{opacity:0.30;}@media all and (max-width: 1024px){.kb-row-layout-id13083_78b1be-bc > .kt-row-column-wrap{grid-template-columns:minmax(0, 2fr) minmax(0, 1fr);}}@media all and (max-width: 767px){.kb-row-layout-id13083_78b1be-bc > .kt-row-column-wrap{grid-template-columns:minmax(0, 1fr);}}<\/style><div class=\"kb-row-layout-wrap kb-row-layout-id13083_78b1be-bc alignnone wp-block-kadence-rowlayout\"><div class=\"kt-row-column-wrap kt-has-2-columns kt-row-layout-left-golden kt-tab-layout-inherit kt-mobile-layout-row kt-row-valign-top kt-inner-column-height-full\">\n<style>.kadence-column13083_2e6884-57 > .kt-inside-inner-col{padding-top:37px;padding-right:37px;padding-bottom:37px;padding-left:37px;}.kadence-column13083_2e6884-57 > .kt-inside-inner-col,.kadence-column13083_2e6884-57 > .kt-inside-inner-col:before{border-top-left-radius:24px;border-top-right-radius:24px;border-bottom-right-radius:24px;border-bottom-left-radius:24px;}.kadence-column13083_2e6884-57 > .kt-inside-inner-col{column-gap:var(--global-kb-gap-sm, 1rem);}.kadence-column13083_2e6884-57 > .kt-inside-inner-col{flex-direction:column;}.kadence-column13083_2e6884-57 > .kt-inside-inner-col > .aligncenter{width:100%;}.kadence-column13083_2e6884-57 > .kt-inside-inner-col{background-color:#ffffff;}.kadence-column13083_2e6884-57 > .kt-inside-inner-col:before{opacity:0.3;}.kadence-column13083_2e6884-57{position:relative;}@media all and (max-width: 1024px){.kadence-column13083_2e6884-57 > .kt-inside-inner-col{flex-direction:column;justify-content:center;}}@media all and (max-width: 767px){.kadence-column13083_2e6884-57 > .kt-inside-inner-col{flex-direction:column;justify-content:center;}}<\/style>\n<div class=\"wp-block-kadence-column kadence-column13083_2e6884-57\"><div class=\"kt-inside-inner-col\">\n<p>Desde sus inicios el Establecimiento Publico Ambiental &#8211; EPA CARTAGENA, ha desarrollado sus funciones con base en su c\u00f3digo de \u00e9tica y buenas pr\u00e1cticas, partiendo de la integraci\u00f3n de sus principios y valores.<\/p>\n\n\n\n<p>La Entidad, siempre se ha caracterizado por su gran esfuerzo a la hora de dinamizar su funcionamiento y cumplimiento con respecto a los lineamientos, directrices y normativa vigentes, logrando de esta manera estar en constante proceso de mejoramiento continuo.<\/p>\n\n\n\n<p>Este documento cuenta con un breve an\u00e1lisis de antecedentes, un marco legal y un marco conceptual, que contemplan los valores que se implementan en el establecimiento, en cumplimiento de los par\u00e1metros establecidos por el Departamento Administrativo de la Funci\u00f3n P\u00fablica, para la implementaci\u00f3n del C\u00f3digo de Integridad y la gu\u00eda para la conciencia de los valores, normas de conductas comunes mientras se promueve la correcta declaraci\u00f3n del Establecimiento Publico Ambiental EPA CARTAGENA<\/p>\n\n\n<style>.wp-block-kadence-advancedbtn.kt-btns13083_4a4c68-d2, .site .entry-content .wp-block-kadence-advancedbtn.kt-btns13083_4a4c68-d2, .wp-block-kadence-advancedbtn.kb-btns13083_4a4c68-d2, .site .entry-content .wp-block-kadence-advancedbtn.kb-btns13083_4a4c68-d2{margin-top:var(--global-kb-spacing-sm, 1.5rem);}.wp-block-kadence-advancedbtn.kb-btns13083_4a4c68-d2{gap:var(--global-kb-gap-xs, 0.5rem );justify-content:flex-end;align-items:center;}.kt-btns13083_4a4c68-d2 .kt-button{font-weight:normal;font-style:normal;}.kt-btns13083_4a4c68-d2 .kt-btn-wrap-0{margin-right:5px;}.wp-block-kadence-advancedbtn.kt-btns13083_4a4c68-d2 .kt-btn-wrap-0 .kt-button{color:#555555;border-color:#555555;}.wp-block-kadence-advancedbtn.kt-btns13083_4a4c68-d2 .kt-btn-wrap-0 .kt-button:hover, .wp-block-kadence-advancedbtn.kt-btns13083_4a4c68-d2 .kt-btn-wrap-0 .kt-button:focus{color:#ffffff;border-color:#444444;}.wp-block-kadence-advancedbtn.kt-btns13083_4a4c68-d2 .kt-btn-wrap-0 .kt-button::before{display:none;}.wp-block-kadence-advancedbtn.kt-btns13083_4a4c68-d2 .kt-btn-wrap-0 .kt-button:hover, .wp-block-kadence-advancedbtn.kt-btns13083_4a4c68-d2 .kt-btn-wrap-0 .kt-button:focus{background:#444444;}@media all and (max-width: 1024px){.wp-block-kadence-advancedbtn.kb-btns13083_4a4c68-d2{justify-content:flex-end;}}@media all and (max-width: 767px){.wp-block-kadence-advancedbtn.kb-btns13083_4a4c68-d2{justify-content:flex-start;}}<\/style>\n<div class=\"wp-block-kadence-advancedbtn kb-buttons-wrap kb-btns13083_4a4c68-d2\"><style>ul.menu .wp-block-kadence-advancedbtn .kb-btn13083_e26c03-38.kb-button{width:initial;}.wp-block-kadence-advancedbtn .kb-btn13083_e26c03-38.kb-button{color:var(--global-palette9, #ffffff);background:var(--global-palette1, #3182CE);font-size:16px;font-family:Inter;font-weight:700;border-top-left-radius:2rem;border-top-right-radius:2rem;border-bottom-right-radius:2rem;border-bottom-left-radius:2rem;border-top:2px solid var(--global-palette1, #3182CE);border-right:2px solid var(--global-palette1, #3182CE);border-bottom:2px solid var(--global-palette1, #3182CE);border-left:2px solid var(--global-palette1, #3182CE);padding-top:10px;padding-right:22px;padding-bottom:10px;padding-left:22px;}.wp-block-kadence-advancedbtn .kb-btn13083_e26c03-38.kb-button:hover, .wp-block-kadence-advancedbtn .kb-btn13083_e26c03-38.kb-button:focus{color:var(--global-palette9, #ffffff);background:var(--global-palette2, #2B6CB0);border-top:2px solid var(--global-palette2, #2B6CB0);border-right:2px solid var(--global-palette2, #2B6CB0);border-bottom:2px solid var(--global-palette2, #2B6CB0);border-left:2px solid var(--global-palette2, #2B6CB0);}@media all and (max-width: 1024px){.wp-block-kadence-advancedbtn .kb-btn13083_e26c03-38.kb-button{border-top:2px solid var(--global-palette1, #3182CE);border-right:2px solid var(--global-palette1, #3182CE);border-bottom:2px solid var(--global-palette1, #3182CE);border-left:2px solid var(--global-palette1, #3182CE);}}@media all and (max-width: 1024px){.wp-block-kadence-advancedbtn .kb-btn13083_e26c03-38.kb-button:hover, .wp-block-kadence-advancedbtn .kb-btn13083_e26c03-38.kb-button:focus{border-top:2px solid var(--global-palette2, #2B6CB0);border-right:2px solid var(--global-palette2, #2B6CB0);border-bottom:2px solid var(--global-palette2, #2B6CB0);border-left:2px solid var(--global-palette2, #2B6CB0);}}@media all and (max-width: 767px){.wp-block-kadence-advancedbtn .kb-btn13083_e26c03-38.kb-button{border-top:2px solid var(--global-palette1, #3182CE);border-right:2px solid var(--global-palette1, #3182CE);border-bottom:2px solid var(--global-palette1, #3182CE);border-left:2px solid var(--global-palette1, #3182CE);}.wp-block-kadence-advancedbtn .kb-btn13083_e26c03-38.kb-button:hover, .wp-block-kadence-advancedbtn .kb-btn13083_e26c03-38.kb-button:focus{border-top:2px solid var(--global-palette2, #2B6CB0);border-right:2px solid var(--global-palette2, #2B6CB0);border-bottom:2px solid var(--global-palette2, #2B6CB0);border-left:2px solid var(--global-palette2, #2B6CB0);}}<\/style><a class=\"kb-button kt-button button kb-btn13083_e26c03-38 kt-btn-size-large kt-btn-width-type-auto kb-btn-global-fill  kt-btn-has-text-true kt-btn-has-svg-false  wp-block-kadence-singlebtn\" href=\"https:\/\/epacartagena.gov.co\/web\/wp-content\/uploads\/2024\/08\/EPA-CODIGO-DE-INTEGRIDAD-EN-ADOBER.pdf\"><span class=\"kt-btn-inner-text\"><strong>Accede al C\u00f3digo de Integridad y Conflicto de Inter\u00e9s<\/strong><\/span><\/a><\/div>\n<\/div><\/div>\n\n\n<style>.kadence-column13083_9ff73a-69 > .kt-inside-inner-col,.kadence-column13083_9ff73a-69 > .kt-inside-inner-col:before{border-top-left-radius:0px;border-top-right-radius:0px;border-bottom-right-radius:0px;border-bottom-left-radius:0px;}.kadence-column13083_9ff73a-69 > .kt-inside-inner-col{column-gap:var(--global-kb-gap-sm, 1rem);}.kadence-column13083_9ff73a-69 > .kt-inside-inner-col{flex-direction:column;}.kadence-column13083_9ff73a-69 > .kt-inside-inner-col > .aligncenter{width:100%;}.kadence-column13083_9ff73a-69 > .kt-inside-inner-col:before{opacity:0.3;}.kadence-column13083_9ff73a-69{position:relative;}@media all and (max-width: 1024px){.kadence-column13083_9ff73a-69 > .kt-inside-inner-col{flex-direction:column;justify-content:center;}}@media all and (max-width: 767px){.kadence-column13083_9ff73a-69 > .kt-inside-inner-col{flex-direction:column;justify-content:center;}}<\/style>\n<div class=\"wp-block-kadence-column kadence-column13083_9ff73a-69\"><div class=\"kt-inside-inner-col\">\n<figure class=\"wp-block-image size-full has-custom-border\"><img loading=\"lazy\" decoding=\"async\" width=\"1280\" height=\"1280\" src=\"https:\/\/epacartagena.gov.co\/web\/wp-content\/uploads\/2025\/06\/img-codigo-1-1-2.png\" alt=\"\" class=\"wp-image-27460\" style=\"border-style:none;border-width:0px;border-radius:32px;aspect-ratio:1;object-fit:cover\" srcset=\"https:\/\/epacartagena.gov.co\/web\/wp-content\/uploads\/2025\/06\/img-codigo-1-1-2.png 1280w, https:\/\/epacartagena.gov.co\/web\/wp-content\/uploads\/2025\/06\/img-codigo-1-1-2-300x300.png 300w, https:\/\/epacartagena.gov.co\/web\/wp-content\/uploads\/2025\/06\/img-codigo-1-1-2-1024x1024.png 1024w, https:\/\/epacartagena.gov.co\/web\/wp-content\/uploads\/2025\/06\/img-codigo-1-1-2-150x150.png 150w, https:\/\/epacartagena.gov.co\/web\/wp-content\/uploads\/2025\/06\/img-codigo-1-1-2-768x768.png 768w, https:\/\/epacartagena.gov.co\/web\/wp-content\/uploads\/2025\/06\/img-codigo-1-1-2-500x500.png 500w\" sizes=\"auto, (max-width: 1280px) 100vw, 1280px\" \/><\/figure>\n<\/div><\/div>\n\n<\/div><\/div><\/div><\/div>\n<\/div><\/div>\n\n<\/div><\/div><\/div><\/div>\n\n<\/div><\/div>","protected":false},"excerpt":{"rendered":"<p>C\u00f3digo de Integridad y Conflicto de Inter\u00e9s Desde sus inicios el Establecimiento Publico Ambiental &#8211; EPA CARTAGENA, ha desarrollado sus funciones con base en su c\u00f3digo de \u00e9tica y buenas pr\u00e1cticas, partiendo de la integraci\u00f3n de sus principios y valores. La Entidad, siempre se ha caracterizado por su gran esfuerzo a la hora de dinamizar&#8230;<\/p>\n","protected":false},"author":1,"featured_media":0,"parent":695,"menu_order":0,"comment_status":"closed","ping_status":"closed","template":"","meta":{"_acf_changed":false,"_kad_post_transparent":"default","_kad_post_title":"default","_kad_post_layout":"fullwidth","_kad_post_sidebar_id":"","_kad_post_content_style":"unboxed","_kad_post_vertical_padding":"","_kad_post_feature":"","_kad_post_feature_position":"","_kad_post_header":false,"_kad_post_footer":false,"_kad_post_classname":"","_vp_format_video_url":"","_vp_image_focal_point":[],"footnotes":""},"class_list":["post-13083","page","type-page","status-publish","hentry"],"acf":[],"_links":{"self":[{"href":"https:\/\/epacartagena.gov.co\/web\/wp-json\/wp\/v2\/pages\/13083","targetHints":{"allow":["GET"]}}],"collection":[{"href":"https:\/\/epacartagena.gov.co\/web\/wp-json\/wp\/v2\/pages"}],"about":[{"href":"https:\/\/epacartagena.gov.co\/web\/wp-json\/wp\/v2\/types\/page"}],"author":[{"embeddable":true,"href":"https:\/\/epacartagena.gov.co\/web\/wp-json\/wp\/v2\/users\/1"}],"replies":[{"embeddable":true,"href":"https:\/\/epacartagena.gov.co\/web\/wp-json\/wp\/v2\/comments?post=13083"}],"version-history":[{"count":39,"href":"https:\/\/epacartagena.gov.co\/web\/wp-json\/wp\/v2\/pages\/13083\/revisions"}],"predecessor-version":[{"id":27477,"href":"https:\/\/epacartagena.gov.co\/web\/wp-json\/wp\/v2\/pages\/13083\/revisions\/27477"}],"up":[{"embeddable":true,"href":"https:\/\/epacartagena.gov.co\/web\/wp-json\/wp\/v2\/pages\/695"}],"wp:attachment":[{"href":"https:\/\/epacartagena.gov.co\/web\/wp-json\/wp\/v2\/media?parent=13083"}],"curies":[{"name":"wp","href":"https:\/\/api.w.org\/{rel}","templated":true}]}}