{"id":13493,"date":"2023-10-14T18:24:41","date_gmt":"2023-10-14T23:24:41","guid":{"rendered":"https:\/\/epacartagena.gov.co\/web\/?page_id=13493"},"modified":"2023-10-16T17:01:36","modified_gmt":"2023-10-16T22:01:36","slug":"caracol-africano","status":"publish","type":"page","link":"https:\/\/epacartagena.gov.co\/web\/caracol-africano\/","title":{"rendered":"Recomendaciones para el manejo adecuado del Caracol Africano"},"content":{"rendered":"\n<div class=\"wp-block-group alignwide\"><div class=\"wp-block-group__inner-container is-layout-constrained wp-block-group-is-layout-constrained\">\n<div class=\"wp-block-columns is-layout-flex wp-container-core-columns-is-layout-9d6595d7 wp-block-columns-is-layout-flex\">\n<div class=\"wp-block-column is-layout-flow wp-block-column-is-layout-flow\">\n<figure class=\"wp-block-embed is-type-video is-provider-youtube wp-block-embed-youtube wp-embed-aspect-9-16 wp-has-aspect-ratio\"><div class=\"wp-block-embed__wrapper\">\n<iframe loading=\"lazy\" title=\"Manejo adecuado del Caracol Africano\" width=\"720\" height=\"405\" src=\"https:\/\/www.youtube.com\/embed\/_bnhA8stI6k?feature=oembed\" frameborder=\"0\" allow=\"accelerometer; autoplay; clipboard-write; encrypted-media; gyroscope; picture-in-picture; web-share\" referrerpolicy=\"strict-origin-when-cross-origin\" allowfullscreen><\/iframe>\n<\/div><\/figure>\n<\/div>\n\n\n\n<div class=\"wp-block-column is-layout-flow wp-block-column-is-layout-flow\">\n<figure class=\"wp-block-image size-large\"><img loading=\"lazy\" decoding=\"async\" width=\"1024\" height=\"682\" src=\"https:\/\/epacartagena.gov.co\/web\/wp-content\/uploads\/2023\/10\/Caracol-Africano-1-1024x682.jpg\" alt=\"Fotograf\u00eda del Caracol Africano\" class=\"wp-image-13516\" srcset=\"https:\/\/epacartagena.gov.co\/web\/wp-content\/uploads\/2023\/10\/Caracol-Africano-1-1024x682.jpg 1024w, https:\/\/epacartagena.gov.co\/web\/wp-content\/uploads\/2023\/10\/Caracol-Africano-1-300x200.jpg 300w, https:\/\/epacartagena.gov.co\/web\/wp-content\/uploads\/2023\/10\/Caracol-Africano-1-768x512.jpg 768w, https:\/\/epacartagena.gov.co\/web\/wp-content\/uploads\/2023\/10\/Caracol-Africano-1-500x333.jpg 500w, https:\/\/epacartagena.gov.co\/web\/wp-content\/uploads\/2023\/10\/Caracol-Africano-1-800x533.jpg 800w, https:\/\/epacartagena.gov.co\/web\/wp-content\/uploads\/2023\/10\/Caracol-Africano-1.jpg 1280w\" sizes=\"auto, (max-width: 1024px) 100vw, 1024px\" \/><\/figure>\n\n\n\n<div style=\"height:20px\" aria-hidden=\"true\" class=\"wp-block-spacer\"><\/div>\n\n\n\n<h2 class=\"wp-block-heading has-text-align-center\"><strong>CARACTER\u00cdSTICAS<\/strong><\/h2>\n\n\n\n<p class=\"has-text-align-center\">El caracol africano tiene una concha c\u00f3nica con rayas longitudinales de color marr\u00f3n oscuro y beige, su tronco y cabeza tienen textura gomosa y de color marr\u00f3n. Puede alcanzar hasta los 30 cent\u00edmetros de longitud y la concha del caracol en su parte final posee entre 7 y 9 espirales.<\/p>\n\n\n\n<figure class=\"wp-block-image size-large\"><img loading=\"lazy\" decoding=\"async\" width=\"1024\" height=\"768\" src=\"https:\/\/epacartagena.gov.co\/web\/wp-content\/uploads\/2023\/10\/Caracol-Africano-02-1024x768.jpg\" alt=\"\" class=\"wp-image-13531\" srcset=\"https:\/\/epacartagena.gov.co\/web\/wp-content\/uploads\/2023\/10\/Caracol-Africano-02-1024x768.jpg 1024w, https:\/\/epacartagena.gov.co\/web\/wp-content\/uploads\/2023\/10\/Caracol-Africano-02-300x225.jpg 300w, https:\/\/epacartagena.gov.co\/web\/wp-content\/uploads\/2023\/10\/Caracol-Africano-02-768x576.jpg 768w, https:\/\/epacartagena.gov.co\/web\/wp-content\/uploads\/2023\/10\/Caracol-Africano-02-500x375.jpg 500w, https:\/\/epacartagena.gov.co\/web\/wp-content\/uploads\/2023\/10\/Caracol-Africano-02-800x600.jpg 800w, https:\/\/epacartagena.gov.co\/web\/wp-content\/uploads\/2023\/10\/Caracol-Africano-02.jpg 1280w\" sizes=\"auto, (max-width: 1024px) 100vw, 1024px\" \/><\/figure>\n<\/div>\n<\/div>\n\n\n\n<div style=\"height:40px\" aria-hidden=\"true\" class=\"wp-block-spacer\"><\/div>\n\n\n\n<h2 class=\"wp-block-heading\"><strong>RECOMENDACIONES<\/strong><\/h2>\n\n\n\n<p>Ante la presencia del Caracol Gigante Africano, se recomienda:<\/p>\n\n\n\n<ul class=\"wp-block-list\">\n<li>No tocar los caracoles y evitar el contacto con la baba, especialmente con ojos, nariz, boca y heridas.<\/li>\n\n\n\n<li>Lavar inmediatamente sus manos, si toc\u00f3 al caracol o cualquier superficie que pueda haber estado en contacto con baba o heces del caracol.<\/li>\n\n\n\n<li>No utilizar el caracol como mascota o carnada.<\/li>\n\n\n\n<li>No utilizar venenos contra el caracol, ya que pueden afectar a ni\u00f1os y adultos, mascotas, fauna nativa, cultivos y contaminar el suelo, las aguas y los alimentos, con el mismo.<\/li>\n\n\n\n<li>Eliminar del jard\u00edn basura, escombros, restos de madera o cualquier elemento que pueda ser usado como refugio por el caracol.<\/li>\n\n\n\n<li>Capturar los caracoles, cuando sea necesaria su manipulaci\u00f3n, sin tocarlos directamente con las manos, usar guantes.<\/li>\n\n\n\n<li>Acumularlos en recipientes o bolsas bien cerradas con Cal o Sal, para su posterior disposici\u00f3n final.<\/li>\n<\/ul>\n\n\n\n<div style=\"height:40px\" aria-hidden=\"true\" class=\"wp-block-spacer\"><\/div>\n\n\n\n<h1 class=\"wp-block-heading\">EPA CARTAGENA SIGUE CAMPA\u00d1A DE SENSIBILIZACI\u00d3N ANTE INVASI\u00d3N DE CARACOL AFRICANO<a href=\"https:\/\/www.youtube.com\/@epacartagenaoficial\"><\/a><\/h1>\n\n\n\n<figure class=\"wp-block-embed is-type-video is-provider-youtube wp-block-embed-youtube wp-embed-aspect-16-9 wp-has-aspect-ratio\"><div class=\"wp-block-embed__wrapper\">\n<iframe loading=\"lazy\" title=\"EPA Cartagena sigue campa\u00f1a de sensibilizaci\u00f3n ante invasi\u00f3n de Caracol Africano\" width=\"720\" height=\"405\" src=\"https:\/\/www.youtube.com\/embed\/FeT_elQCWVc?feature=oembed\" frameborder=\"0\" allow=\"accelerometer; autoplay; clipboard-write; encrypted-media; gyroscope; picture-in-picture; web-share\" referrerpolicy=\"strict-origin-when-cross-origin\" allowfullscreen><\/iframe>\n<\/div><\/figure>\n<\/div><\/div>\n","protected":false},"excerpt":{"rendered":"<p>CARACTER\u00cdSTICAS El caracol africano tiene una concha c\u00f3nica con rayas longitudinales de color marr\u00f3n oscuro y beige, su tronco y cabeza tienen textura gomosa y de color marr\u00f3n. Puede alcanzar hasta los 30 cent\u00edmetros de longitud y la concha del caracol en su parte final posee entre 7 y 9 espirales. RECOMENDACIONES Ante la presencia&#8230;<\/p>\n","protected":false},"author":1,"featured_media":0,"parent":0,"menu_order":0,"comment_status":"closed","ping_status":"closed","template":"","meta":{"_acf_changed":false,"_kad_post_transparent":"","_kad_post_title":"","_kad_post_layout":"","_kad_post_sidebar_id":"","_kad_post_content_style":"","_kad_post_vertical_padding":"","_kad_post_feature":"","_kad_post_feature_position":"","_kad_post_header":false,"_kad_post_footer":false,"_kad_post_classname":"","_vp_format_video_url":"","_vp_image_focal_point":[],"footnotes":""},"class_list":["post-13493","page","type-page","status-publish","hentry"],"acf":[],"_links":{"self":[{"href":"https:\/\/epacartagena.gov.co\/web\/wp-json\/wp\/v2\/pages\/13493","targetHints":{"allow":["GET"]}}],"collection":[{"href":"https:\/\/epacartagena.gov.co\/web\/wp-json\/wp\/v2\/pages"}],"about":[{"href":"https:\/\/epacartagena.gov.co\/web\/wp-json\/wp\/v2\/types\/page"}],"author":[{"embeddable":true,"href":"https:\/\/epacartagena.gov.co\/web\/wp-json\/wp\/v2\/users\/1"}],"replies":[{"embeddable":true,"href":"https:\/\/epacartagena.gov.co\/web\/wp-json\/wp\/v2\/comments?post=13493"}],"version-history":[{"count":22,"href":"https:\/\/epacartagena.gov.co\/web\/wp-json\/wp\/v2\/pages\/13493\/revisions"}],"predecessor-version":[{"id":13532,"href":"https:\/\/epacartagena.gov.co\/web\/wp-json\/wp\/v2\/pages\/13493\/revisions\/13532"}],"wp:attachment":[{"href":"https:\/\/epacartagena.gov.co\/web\/wp-json\/wp\/v2\/media?parent=13493"}],"curies":[{"name":"wp","href":"https:\/\/api.w.org\/{rel}","templated":true}]}}