{"id":28569,"date":"2025-07-10T15:34:07","date_gmt":"2025-07-10T20:34:07","guid":{"rendered":"https:\/\/epacartagena.gov.co\/web\/?page_id=28569"},"modified":"2025-07-10T15:39:41","modified_gmt":"2025-07-10T20:39:41","slug":"objetivos-estrategicos","status":"publish","type":"page","link":"https:\/\/epacartagena.gov.co\/web\/nosotros\/objetivos-estrategicos\/","title":{"rendered":"Objetivos estrat\u00e9gicos"},"content":{"rendered":"<style>.kb-row-layout-id28569_c3ed33-8a > .kt-row-column-wrap{align-content:start;}:where(.kb-row-layout-id28569_c3ed33-8a > .kt-row-column-wrap) > .wp-block-kadence-column{justify-content:start;}.kb-row-layout-id28569_c3ed33-8a > .kt-row-column-wrap{column-gap:var(--global-kb-gap-md, 2rem);row-gap:var(--global-kb-gap-md, 2rem);padding-top:var(--global-kb-spacing-md, 2rem);padding-right:var(--global-kb-spacing-sm, 1.5rem);padding-bottom:var(--global-kb-spacing-md, 2rem);padding-left:var(--global-kb-spacing-sm, 1.5rem);grid-template-columns:minmax(0, 1fr);}.kb-row-layout-id28569_c3ed33-8a > .kt-row-layout-overlay{opacity:0.30;}@media all and (max-width: 1024px){.kb-row-layout-id28569_c3ed33-8a > .kt-row-column-wrap{padding-right:var(--global-kb-spacing-xxs, 0.5rem);padding-left:var(--global-kb-spacing-xxs, 0.5rem);grid-template-columns:minmax(0, 1fr);}}@media all and (max-width: 767px){.kb-row-layout-id28569_c3ed33-8a > .kt-row-column-wrap{grid-template-columns:minmax(0, 1fr);}}<\/style><div class=\"kb-row-layout-wrap kb-row-layout-id28569_c3ed33-8a alignnone wp-block-kadence-rowlayout\"><div class=\"kt-row-column-wrap kt-has-1-columns kt-row-layout-equal kt-tab-layout-inherit kt-mobile-layout-row kt-row-valign-top\">\n<style>.kadence-column28569_0cb8bc-77 > .kt-inside-inner-col,.kadence-column28569_0cb8bc-77 > .kt-inside-inner-col:before{border-top-left-radius:0px;border-top-right-radius:0px;border-bottom-right-radius:0px;border-bottom-left-radius:0px;}.kadence-column28569_0cb8bc-77 > .kt-inside-inner-col{column-gap:var(--global-kb-gap-sm, 1rem);}.kadence-column28569_0cb8bc-77 > .kt-inside-inner-col{flex-direction:column;}.kadence-column28569_0cb8bc-77 > .kt-inside-inner-col > .aligncenter{width:100%;}.kadence-column28569_0cb8bc-77 > .kt-inside-inner-col:before{opacity:0.3;}.kadence-column28569_0cb8bc-77{position:relative;}@media all and (max-width: 1024px){.kadence-column28569_0cb8bc-77 > .kt-inside-inner-col{flex-direction:column;justify-content:center;}}@media all and (max-width: 767px){.kadence-column28569_0cb8bc-77 > .kt-inside-inner-col{flex-direction:column;justify-content:center;}}<\/style>\n<div class=\"wp-block-kadence-column kadence-column28569_0cb8bc-77\"><div class=\"kt-inside-inner-col\"><style>.kb-row-layout-id28569_0283ad-b6 > .kt-row-column-wrap{align-content:start;}:where(.kb-row-layout-id28569_0283ad-b6 > .kt-row-column-wrap) > .wp-block-kadence-column{justify-content:start;}.kb-row-layout-id28569_0283ad-b6 > .kt-row-column-wrap{column-gap:var(--global-kb-gap-md, 2rem);row-gap:var(--global-kb-gap-md, 2rem);grid-template-columns:minmax(0, 2fr) minmax(0, 1fr);}.kb-row-layout-id28569_0283ad-b6 > .kt-row-layout-overlay{opacity:0.30;}@media all and (max-width: 1024px){.kb-row-layout-id28569_0283ad-b6 > .kt-row-column-wrap{grid-template-columns:minmax(0, 1fr);}}@media all and (max-width: 767px){.kb-row-layout-id28569_0283ad-b6 > .kt-row-column-wrap{grid-template-columns:minmax(0, 1fr);}}<\/style><div class=\"kb-row-layout-wrap kb-row-layout-id28569_0283ad-b6 alignnone wp-block-kadence-rowlayout\"><div class=\"kt-row-column-wrap kt-has-2-columns kt-row-layout-left-golden kt-tab-layout-row kt-mobile-layout-row kt-row-valign-top kt-inner-column-height-full\">\n<style>.kadence-column28569_010f87-64 > .kt-inside-inner-col{padding-top:0px;padding-right:0px;padding-bottom:0px;padding-left:0px;}.kadence-column28569_010f87-64 > .kt-inside-inner-col,.kadence-column28569_010f87-64 > .kt-inside-inner-col:before{border-top-left-radius:2rem;border-top-right-radius:2rem;border-bottom-right-radius:2rem;border-bottom-left-radius:2rem;}.kadence-column28569_010f87-64 > .kt-inside-inner-col{column-gap:var(--global-kb-gap-sm, 1rem);}.kadence-column28569_010f87-64 > .kt-inside-inner-col{flex-direction:column;}.kadence-column28569_010f87-64 > .kt-inside-inner-col > .aligncenter{width:100%;}.kadence-column28569_010f87-64 > .kt-inside-inner-col:before{opacity:0.3;}.kadence-column28569_010f87-64{position:relative;}@media all and (max-width: 1024px){.kadence-column28569_010f87-64 > .kt-inside-inner-col{flex-direction:column;justify-content:center;}}@media all and (max-width: 767px){.kadence-column28569_010f87-64 > .kt-inside-inner-col{flex-direction:column;justify-content:center;}}<\/style>\n<div class=\"wp-block-kadence-column kadence-column28569_010f87-64\"><div class=\"kt-inside-inner-col\"><style>.kadence-column28569_cad0fa-24 > .kt-inside-inner-col{padding-top:var(--global-kb-spacing-lg, 3rem);padding-right:var(--global-kb-spacing-xs, 1rem);padding-bottom:var(--global-kb-spacing-sm, 1.5rem);padding-left:var(--global-kb-spacing-xs, 1rem);}.kadence-column28569_cad0fa-24 > .kt-inside-inner-col,.kadence-column28569_cad0fa-24 > .kt-inside-inner-col:before{border-top-left-radius:2rem;border-top-right-radius:2rem;border-bottom-right-radius:2rem;border-bottom-left-radius:2rem;}.kadence-column28569_cad0fa-24 > .kt-inside-inner-col{column-gap:var(--global-kb-gap-sm, 1rem);}.kadence-column28569_cad0fa-24 > .kt-inside-inner-col{flex-direction:column;}.kadence-column28569_cad0fa-24 > .kt-inside-inner-col > .aligncenter{width:100%;}.kadence-column28569_cad0fa-24 > .kt-inside-inner-col{background-color:#ebf9fa;}.kadence-column28569_cad0fa-24 > .kt-inside-inner-col:before{opacity:0.3;}.kadence-column28569_cad0fa-24{position:relative;}.kadence-column28569_cad0fa-24, .kt-inside-inner-col > .kadence-column28569_cad0fa-24:not(.specificity){margin-bottom:var(--global-kb-spacing-xs, 1rem);}@media all and (max-width: 1024px){.kadence-column28569_cad0fa-24 > .kt-inside-inner-col{flex-direction:column;justify-content:center;}}@media all and (max-width: 767px){.kadence-column28569_cad0fa-24 > .kt-inside-inner-col{flex-direction:column;justify-content:center;}}<\/style>\n<div class=\"wp-block-kadence-column kadence-column28569_cad0fa-24\"><div class=\"kt-inside-inner-col\"><style>.wp-block-kadence-advancedheading.kt-adv-heading28569_cb2593-ae, .wp-block-kadence-advancedheading.kt-adv-heading28569_cb2593-ae[data-kb-block=\"kb-adv-heading28569_cb2593-ae\"]{padding-bottom:var(--global-kb-spacing-xs, 1rem);padding-left:var(--global-kb-spacing-xs, 1rem);margin-bottom:0px;font-size:27px;line-height:1.2;font-style:normal;color:#268d96;}.wp-block-kadence-advancedheading.kt-adv-heading28569_cb2593-ae mark.kt-highlight, .wp-block-kadence-advancedheading.kt-adv-heading28569_cb2593-ae[data-kb-block=\"kb-adv-heading28569_cb2593-ae\"] mark.kt-highlight{font-style:normal;color:#f76a0c;-webkit-box-decoration-break:clone;box-decoration-break:clone;padding-top:0px;padding-right:0px;padding-bottom:0px;padding-left:0px;}.wp-block-kadence-advancedheading.kt-adv-heading28569_cb2593-ae img.kb-inline-image, .wp-block-kadence-advancedheading.kt-adv-heading28569_cb2593-ae[data-kb-block=\"kb-adv-heading28569_cb2593-ae\"] img.kb-inline-image{width:150px;vertical-align:baseline;}@media all and (max-width: 767px){.wp-block-kadence-advancedheading.kt-adv-heading28569_cb2593-ae, .wp-block-kadence-advancedheading.kt-adv-heading28569_cb2593-ae[data-kb-block=\"kb-adv-heading28569_cb2593-ae\"]{font-size:22px;}}<\/style>\n<h2 class=\"kt-adv-heading28569_cb2593-ae wp-block-kadence-advancedheading\" data-kb-block=\"kb-adv-heading28569_cb2593-ae\">Objetivos estrat\u00e9gicos del EPA Cartagena<\/h2>\n\n\n<style>.kadence-column28569_df534e-ab > .kt-inside-inner-col{padding-top:37px;padding-right:37px;padding-bottom:37px;padding-left:37px;}.kadence-column28569_df534e-ab > .kt-inside-inner-col,.kadence-column28569_df534e-ab > .kt-inside-inner-col:before{border-top-left-radius:24px;border-top-right-radius:24px;border-bottom-right-radius:24px;border-bottom-left-radius:24px;}.kadence-column28569_df534e-ab > .kt-inside-inner-col{column-gap:var(--global-kb-gap-sm, 1rem);}.kadence-column28569_df534e-ab > .kt-inside-inner-col{flex-direction:column;}.kadence-column28569_df534e-ab > .kt-inside-inner-col > .aligncenter{width:100%;}.kadence-column28569_df534e-ab > .kt-inside-inner-col{background-color:#ffffff;}.kadence-column28569_df534e-ab > .kt-inside-inner-col:before{opacity:0.3;}.kadence-column28569_df534e-ab{position:relative;}@media all and (max-width: 1024px){.kadence-column28569_df534e-ab > .kt-inside-inner-col{flex-direction:column;justify-content:center;}}@media all and (max-width: 767px){.kadence-column28569_df534e-ab > .kt-inside-inner-col{flex-direction:column;justify-content:center;}}.kadence-column28569_df534e-ab p {margin:0;}<\/style>\n<div class=\"wp-block-kadence-column kadence-column28569_df534e-ab\"><div class=\"kt-inside-inner-col\"><style>.wp-block-kadence-advancedheading.kt-adv-heading28569_a96a29-21, .wp-block-kadence-advancedheading.kt-adv-heading28569_a96a29-21[data-kb-block=\"kb-adv-heading28569_a96a29-21\"]{max-width:1080px;font-size:16px;font-style:normal;}.wp-block-kadence-advancedheading.kt-adv-heading28569_a96a29-21 mark.kt-highlight, .wp-block-kadence-advancedheading.kt-adv-heading28569_a96a29-21[data-kb-block=\"kb-adv-heading28569_a96a29-21\"] mark.kt-highlight{font-style:normal;color:#f76a0c;-webkit-box-decoration-break:clone;box-decoration-break:clone;padding-top:0px;padding-right:0px;padding-bottom:0px;padding-left:0px;}.wp-block-kadence-advancedheading.kt-adv-heading28569_a96a29-21 img.kb-inline-image, .wp-block-kadence-advancedheading.kt-adv-heading28569_a96a29-21[data-kb-block=\"kb-adv-heading28569_a96a29-21\"] img.kb-inline-image{width:150px;vertical-align:baseline;}<\/style>\n<p class=\"kt-adv-heading28569_a96a29-21 wp-block-kadence-advancedheading\" data-kb-block=\"kb-adv-heading28569_a96a29-21\">1. Mejorar la calidad de vida de los habitantes en el \u00e1rea de la jurisdicci\u00f3n a trav\u00e9s de la mejora de la calidad ambiental, enfoc\u00e1ndose en la reducci\u00f3n de la contaminaci\u00f3n del aire, agua y suelo, la restauraci\u00f3n de ecosistemas, la educaci\u00f3n y cultura ambiental.<br><br>2. Impulsar el desarrollo econ\u00f3mico sostenible a trav\u00e9s de la promoci\u00f3n de buenas pr\u00e1cticas ambientales, y del ejercicio de control y seguimiento ambiental al aparato productivo en el casco urbano del distrito de Cartagena de indias.<br><br>3. Consolidar la sostenibilidad ambiental urbana mediante la protecci\u00f3n y recuperaci\u00f3n de cuerpos de agua y la generaci\u00f3n de corredores ecol\u00f3gicos, protegiendo la estructura ecol\u00f3gica en pro del desarrollo urbano sostenible.<br><br>4. Fortalecer la gesti\u00f3n ambiental a trav\u00e9s de la innovaci\u00f3n y la modernizaci\u00f3n administrativa, implementando herramientas tecnol\u00f3gicas para la participaci\u00f3n ciudadana en la toma de decisiones ambientales, y optimizando los procesos de gesti\u00f3n institucional para mejorar la eficiencia y transparencia.<\/p>\n<\/div><\/div>\n<\/div><\/div>\n<\/div><\/div>\n\n\n<style>.kadence-column28569_a5650b-ee > .kt-inside-inner-col{display:flex;}.kadence-column28569_a5650b-ee > .kt-inside-inner-col{padding-top:var(--global-kb-spacing-xl, 4rem);padding-right:var(--global-kb-spacing-md, 2rem);padding-bottom:var(--global-kb-spacing-lg, 3rem);padding-left:var(--global-kb-spacing-md, 2rem);}.kadence-column28569_a5650b-ee > .kt-inside-inner-col{min-height:600px;}.kadence-column28569_a5650b-ee > .kt-inside-inner-col,.kadence-column28569_a5650b-ee > .kt-inside-inner-col:before{border-top-left-radius:2rem;border-top-right-radius:2rem;border-bottom-right-radius:2rem;border-bottom-left-radius:2rem;}.kadence-column28569_a5650b-ee > .kt-inside-inner-col{column-gap:var(--global-kb-gap-sm, 1rem);}.kadence-column28569_a5650b-ee > .kt-inside-inner-col{flex-direction:column;justify-content:flex-start;}.kadence-column28569_a5650b-ee > .kt-inside-inner-col > .aligncenter{width:100%;}.kt-row-column-wrap > .kadence-column28569_a5650b-ee{align-self:flex-start;}.kt-inner-column-height-full:not(.kt-has-1-columns) > .wp-block-kadence-column.kadence-column28569_a5650b-ee{align-self:auto;}.kt-inner-column-height-full:not(.kt-has-1-columns) > .wp-block-kadence-column.kadence-column28569_a5650b-ee > .kt-inside-inner-col{flex-direction:column;justify-content:flex-start;}.kadence-column28569_a5650b-ee > .kt-inside-inner-col{background-color:#ebf4e6;background-image:url('https:\/\/epacartagena.gov.co\/web\/wp-content\/uploads\/2025\/07\/img-2-3-rotonda-punte-roman.jpg');background-size:cover;background-position:62% 60%;background-attachment:scroll;background-repeat:no-repeat;}.kadence-column28569_a5650b-ee > .kt-inside-inner-col:before{opacity:0.3;}.kadence-column28569_a5650b-ee{position:relative;}@media all and (max-width: 1024px){.kadence-column28569_a5650b-ee > .kt-inside-inner-col{padding-top:var(--global-kb-spacing-xl, 4rem);flex-direction:column;justify-content:flex-start;}}@media all and (max-width: 1024px){.kt-row-column-wrap > .kadence-column28569_a5650b-ee{align-self:flex-start;}}@media all and (max-width: 1024px){.kt-inner-column-height-full:not(.kt-has-1-columns) > .wp-block-kadence-column.kadence-column28569_a5650b-ee{align-self:auto;}}@media all and (max-width: 1024px){.kt-inner-column-height-full:not(.kt-has-1-columns) > .wp-block-kadence-column.kadence-column28569_a5650b-ee > .kt-inside-inner-col{flex-direction:column;justify-content:flex-start;}}@media all and (max-width: 767px){.kt-row-column-wrap > .kadence-column28569_a5650b-ee{align-self:flex-start;}.kt-inner-column-height-full:not(.kt-has-1-columns) > .wp-block-kadence-column.kadence-column28569_a5650b-ee{align-self:auto;}.kt-inner-column-height-full:not(.kt-has-1-columns) > .wp-block-kadence-column.kadence-column28569_a5650b-ee > .kt-inside-inner-col{flex-direction:column;justify-content:flex-start;}.kadence-column28569_a5650b-ee > .kt-inside-inner-col{flex-direction:column;justify-content:flex-start;}}<\/style>\n<div class=\"wp-block-kadence-column kadence-column28569_a5650b-ee\"><div class=\"kt-inside-inner-col\"><\/div><\/div>\n\n<\/div><\/div><\/div><\/div>\n\n<\/div><\/div>\n\n\n<p><\/p>\n","protected":false},"excerpt":{"rendered":"<p>Objetivos estrat\u00e9gicos del EPA Cartagena 1. Mejorar la calidad de vida de los habitantes en el \u00e1rea de la jurisdicci\u00f3n a trav\u00e9s de la mejora de la calidad ambiental, enfoc\u00e1ndose en la reducci\u00f3n de la contaminaci\u00f3n del aire, agua y suelo, la restauraci\u00f3n de ecosistemas, la educaci\u00f3n y cultura ambiental. 2. Impulsar el desarrollo econ\u00f3mico&#8230;<\/p>\n","protected":false},"author":1,"featured_media":0,"parent":695,"menu_order":0,"comment_status":"closed","ping_status":"closed","template":"","meta":{"_acf_changed":false,"_kad_post_transparent":"","_kad_post_title":"","_kad_post_layout":"fullwidth","_kad_post_sidebar_id":"","_kad_post_content_style":"unboxed","_kad_post_vertical_padding":"default","_kad_post_feature":"hide","_kad_post_feature_position":"","_kad_post_header":false,"_kad_post_footer":false,"_kad_post_classname":"","_vp_format_video_url":"","_vp_image_focal_point":[],"footnotes":""},"class_list":["post-28569","page","type-page","status-publish","hentry"],"acf":[],"_links":{"self":[{"href":"https:\/\/epacartagena.gov.co\/web\/wp-json\/wp\/v2\/pages\/28569","targetHints":{"allow":["GET"]}}],"collection":[{"href":"https:\/\/epacartagena.gov.co\/web\/wp-json\/wp\/v2\/pages"}],"about":[{"href":"https:\/\/epacartagena.gov.co\/web\/wp-json\/wp\/v2\/types\/page"}],"author":[{"embeddable":true,"href":"https:\/\/epacartagena.gov.co\/web\/wp-json\/wp\/v2\/users\/1"}],"replies":[{"embeddable":true,"href":"https:\/\/epacartagena.gov.co\/web\/wp-json\/wp\/v2\/comments?post=28569"}],"version-history":[{"count":3,"href":"https:\/\/epacartagena.gov.co\/web\/wp-json\/wp\/v2\/pages\/28569\/revisions"}],"predecessor-version":[{"id":28576,"href":"https:\/\/epacartagena.gov.co\/web\/wp-json\/wp\/v2\/pages\/28569\/revisions\/28576"}],"up":[{"embeddable":true,"href":"https:\/\/epacartagena.gov.co\/web\/wp-json\/wp\/v2\/pages\/695"}],"wp:attachment":[{"href":"https:\/\/epacartagena.gov.co\/web\/wp-json\/wp\/v2\/media?parent=28569"}],"curies":[{"name":"wp","href":"https:\/\/api.w.org\/{rel}","templated":true}]}}