{"id":33718,"date":"2026-01-15T14:21:08","date_gmt":"2026-01-15T19:21:08","guid":{"rendered":"https:\/\/epacartagena.gov.co\/web\/?page_id=33718"},"modified":"2026-02-02T16:10:56","modified_gmt":"2026-02-02T21:10:56","slug":"plan-de-ejecucion-y-monitoreo-del-programa-de-transparencia-y-etica-publica","status":"publish","type":"page","link":"https:\/\/epacartagena.gov.co\/web\/servicio-al-ciudadano\/plan-de-ejecucion-y-monitoreo-del-programa-de-transparencia-y-etica-publica\/","title":{"rendered":"Plan de ejecuci\u00f3n y monitoreo del Programa de Transparencia y \u00c9tica P\u00fablica"},"content":{"rendered":"<style>.kb-row-layout-id33718_c9c470-f9 > .kt-row-column-wrap{align-content:start;}:where(.kb-row-layout-id33718_c9c470-f9 > .kt-row-column-wrap) > .wp-block-kadence-column{justify-content:start;}.kb-row-layout-id33718_c9c470-f9 > .kt-row-column-wrap{column-gap:var(--global-kb-gap-md, 2rem);row-gap:var(--global-kb-gap-md, 2rem);padding-top:var(--global-kb-spacing-md, 2rem);padding-right:var(--global-kb-spacing-sm, 1.5rem);padding-bottom:var(--global-kb-spacing-md, 2rem);padding-left:var(--global-kb-spacing-sm, 1.5rem);grid-template-columns:minmax(0, 1fr);}.kb-row-layout-id33718_c9c470-f9 > .kt-row-layout-overlay{opacity:0.30;}@media all and (max-width: 1024px){.kb-row-layout-id33718_c9c470-f9 > .kt-row-column-wrap{padding-right:var(--global-kb-spacing-xxs, 0.5rem);padding-left:var(--global-kb-spacing-xxs, 0.5rem);grid-template-columns:minmax(0, 1fr);}}@media all and (max-width: 767px){.kb-row-layout-id33718_c9c470-f9 > .kt-row-column-wrap{grid-template-columns:minmax(0, 1fr);}}<\/style><div class=\"kb-row-layout-wrap kb-row-layout-id33718_c9c470-f9 alignnone wp-block-kadence-rowlayout\"><div class=\"kt-row-column-wrap kt-has-1-columns kt-row-layout-equal kt-tab-layout-inherit kt-mobile-layout-row kt-row-valign-top\">\n<style>.kadence-column33718_882b1f-df > .kt-inside-inner-col,.kadence-column33718_882b1f-df > .kt-inside-inner-col:before{border-top-left-radius:0px;border-top-right-radius:0px;border-bottom-right-radius:0px;border-bottom-left-radius:0px;}.kadence-column33718_882b1f-df > .kt-inside-inner-col{column-gap:var(--global-kb-gap-sm, 1rem);}.kadence-column33718_882b1f-df > .kt-inside-inner-col{flex-direction:column;}.kadence-column33718_882b1f-df > .kt-inside-inner-col > .aligncenter{width:100%;}.kadence-column33718_882b1f-df > .kt-inside-inner-col:before{opacity:0.3;}.kadence-column33718_882b1f-df{position:relative;}@media all and (max-width: 1024px){.kadence-column33718_882b1f-df > .kt-inside-inner-col{flex-direction:column;justify-content:center;}}@media all and (max-width: 767px){.kadence-column33718_882b1f-df > .kt-inside-inner-col{flex-direction:column;justify-content:center;}}<\/style>\n<div class=\"wp-block-kadence-column kadence-column33718_882b1f-df\"><div class=\"kt-inside-inner-col\"><style>.kb-row-layout-id33718_075a3a-22 > .kt-row-column-wrap{align-content:start;}:where(.kb-row-layout-id33718_075a3a-22 > .kt-row-column-wrap) > .wp-block-kadence-column{justify-content:start;}.kb-row-layout-id33718_075a3a-22 > .kt-row-column-wrap{column-gap:var(--global-kb-gap-md, 2rem);row-gap:var(--global-kb-gap-md, 2rem);grid-template-columns:minmax(0, 2fr) minmax(0, 1fr);}.kb-row-layout-id33718_075a3a-22 > .kt-row-layout-overlay{opacity:0.30;}@media all and (max-width: 1024px){.kb-row-layout-id33718_075a3a-22 > .kt-row-column-wrap{grid-template-columns:minmax(0, 1fr);}}@media all and (max-width: 767px){.kb-row-layout-id33718_075a3a-22 > .kt-row-column-wrap{grid-template-columns:minmax(0, 1fr);}}<\/style><div class=\"kb-row-layout-wrap kb-row-layout-id33718_075a3a-22 alignnone wp-block-kadence-rowlayout\"><div class=\"kt-row-column-wrap kt-has-2-columns kt-row-layout-left-golden kt-tab-layout-row kt-mobile-layout-row kt-row-valign-top kt-inner-column-height-full\">\n<style>.kadence-column33718_4dd7eb-67 > .kt-inside-inner-col{padding-top:0px;padding-right:0px;padding-bottom:0px;padding-left:0px;}.kadence-column33718_4dd7eb-67 > .kt-inside-inner-col,.kadence-column33718_4dd7eb-67 > .kt-inside-inner-col:before{border-top-left-radius:2rem;border-top-right-radius:2rem;border-bottom-right-radius:2rem;border-bottom-left-radius:2rem;}.kadence-column33718_4dd7eb-67 > .kt-inside-inner-col{column-gap:var(--global-kb-gap-sm, 1rem);}.kadence-column33718_4dd7eb-67 > .kt-inside-inner-col{flex-direction:column;}.kadence-column33718_4dd7eb-67 > .kt-inside-inner-col > .aligncenter{width:100%;}.kadence-column33718_4dd7eb-67 > .kt-inside-inner-col:before{opacity:0.3;}.kadence-column33718_4dd7eb-67{position:relative;}@media all and (max-width: 1024px){.kadence-column33718_4dd7eb-67 > .kt-inside-inner-col{flex-direction:column;justify-content:center;}}@media all and (max-width: 767px){.kadence-column33718_4dd7eb-67 > .kt-inside-inner-col{flex-direction:column;justify-content:center;}}.kadence-column33718_4dd7eb-67 p {margin:0;}@media (max-width: 767px){.kadence-column33718_4dd7eb-67 ul.kt-svg-icon-list .kt-svg-icon-list-item-wrap{    font-size: 0.92rem;}user agent stylesheetli {}<\/style>\n<div class=\"wp-block-kadence-column kadence-column33718_4dd7eb-67\"><div class=\"kt-inside-inner-col\"><style>.kadence-column33718_a838a0-d4 > .kt-inside-inner-col{padding-top:var(--global-kb-spacing-lg, 3rem);padding-right:var(--global-kb-spacing-xs, 1rem);padding-bottom:var(--global-kb-spacing-sm, 1.5rem);padding-left:var(--global-kb-spacing-xs, 1rem);}.kadence-column33718_a838a0-d4 > .kt-inside-inner-col,.kadence-column33718_a838a0-d4 > .kt-inside-inner-col:before{border-top-left-radius:2rem;border-top-right-radius:2rem;border-bottom-right-radius:2rem;border-bottom-left-radius:2rem;}.kadence-column33718_a838a0-d4 > .kt-inside-inner-col{column-gap:var(--global-kb-gap-sm, 1rem);}.kadence-column33718_a838a0-d4 > .kt-inside-inner-col{flex-direction:column;}.kadence-column33718_a838a0-d4 > .kt-inside-inner-col > .aligncenter{width:100%;}.kadence-column33718_a838a0-d4 > .kt-inside-inner-col{background-color:var(--global-palette7, #EDF2F7);}.kadence-column33718_a838a0-d4 > .kt-inside-inner-col:before{opacity:0.3;}.kadence-column33718_a838a0-d4{position:relative;}@media all and (max-width: 1024px){.kadence-column33718_a838a0-d4 > .kt-inside-inner-col{flex-direction:column;justify-content:center;}}@media all and (max-width: 767px){.kadence-column33718_a838a0-d4 > .kt-inside-inner-col{padding-right:var(--global-kb-spacing-xxs, 0.5rem);padding-left:var(--global-kb-spacing-xxs, 0.5rem);flex-direction:column;justify-content:center;}}<\/style>\n<div class=\"wp-block-kadence-column kadence-column33718_a838a0-d4\"><div class=\"kt-inside-inner-col\"><style>.wp-block-kadence-advancedheading.kt-adv-heading33718_a036ad-cc, .wp-block-kadence-advancedheading.kt-adv-heading33718_a036ad-cc[data-kb-block=\"kb-adv-heading33718_a036ad-cc\"]{max-width:617px;padding-bottom:var(--global-kb-spacing-xs, 1rem);padding-left:var(--global-kb-spacing-xs, 1rem);margin-bottom:0px;font-size:27px;line-height:1.4;font-style:normal;}.wp-block-kadence-advancedheading.kt-adv-heading33718_a036ad-cc mark.kt-highlight, .wp-block-kadence-advancedheading.kt-adv-heading33718_a036ad-cc[data-kb-block=\"kb-adv-heading33718_a036ad-cc\"] mark.kt-highlight{font-style:normal;color:#f76a0c;-webkit-box-decoration-break:clone;box-decoration-break:clone;padding-top:0px;padding-right:0px;padding-bottom:0px;padding-left:0px;}.wp-block-kadence-advancedheading.kt-adv-heading33718_a036ad-cc img.kb-inline-image, .wp-block-kadence-advancedheading.kt-adv-heading33718_a036ad-cc[data-kb-block=\"kb-adv-heading33718_a036ad-cc\"] img.kb-inline-image{width:150px;vertical-align:baseline;}@media all and (max-width: 767px){.wp-block-kadence-advancedheading.kt-adv-heading33718_a036ad-cc, .wp-block-kadence-advancedheading.kt-adv-heading33718_a036ad-cc[data-kb-block=\"kb-adv-heading33718_a036ad-cc\"]{font-size:22px;}}<\/style>\n<h2 class=\"kt-adv-heading33718_a036ad-cc wp-block-kadence-advancedheading has-theme-palette-1-color has-text-color\" data-kb-block=\"kb-adv-heading33718_a036ad-cc\">Plan de ejecuci\u00f3n y monitoreo del Programa de Transparencia y \u00c9tica P\u00fablica<\/h2>\n\n\n<style>.kadence-column33718_b56ea2-36 > .kt-inside-inner-col{padding-top:37px;padding-right:37px;padding-bottom:37px;padding-left:37px;}.kadence-column33718_b56ea2-36 > .kt-inside-inner-col,.kadence-column33718_b56ea2-36 > .kt-inside-inner-col:before{border-top-left-radius:24px;border-top-right-radius:24px;border-bottom-right-radius:24px;border-bottom-left-radius:24px;}.kadence-column33718_b56ea2-36 > .kt-inside-inner-col{column-gap:var(--global-kb-gap-sm, 1rem);}.kadence-column33718_b56ea2-36 > .kt-inside-inner-col{flex-direction:column;}.kadence-column33718_b56ea2-36 > .kt-inside-inner-col > .aligncenter{width:100%;}.kadence-column33718_b56ea2-36 > .kt-inside-inner-col{background-color:#ffffff;}.kadence-column33718_b56ea2-36 > .kt-inside-inner-col:before{opacity:0.3;}.kadence-column33718_b56ea2-36{position:relative;}@media all and (max-width: 1024px){.kadence-column33718_b56ea2-36 > .kt-inside-inner-col{flex-direction:column;justify-content:center;}}@media all and (max-width: 767px){.kadence-column33718_b56ea2-36 > .kt-inside-inner-col{padding-right:8px;padding-left:8px;flex-direction:column;justify-content:center;}}<\/style>\n<div class=\"wp-block-kadence-column kadence-column33718_b56ea2-36\"><div class=\"kt-inside-inner-col\"><style>.wp-block-kadence-column.kb-section-dir-horizontal > .kt-inside-inner-col > .kt-info-box33718_ec767b-96 .kt-blocks-info-box-link-wrap{max-width:unset;}.kt-info-box33718_ec767b-96 .kt-blocks-info-box-link-wrap{border-top:0px solid var(--global-palette7, #eeeeee);border-right:0px solid var(--global-palette7, #eeeeee);border-bottom:0px solid var(--global-palette7, #eeeeee);border-left:0px solid var(--global-palette7, #eeeeee);border-top-left-radius:30px;border-top-right-radius:30px;border-bottom-right-radius:30px;border-bottom-left-radius:30px;background:#ffffff;padding-top:0px;padding-right:0px;padding-bottom:0px;padding-left:0px;}.kt-info-box33718_ec767b-96 .kadence-info-box-icon-container .kt-info-svg-icon, .kt-info-box33718_ec767b-96 .kt-info-svg-icon-flip, .kt-info-box33718_ec767b-96 .kt-blocks-info-box-number{font-size:50px;}.kt-info-box33718_ec767b-96 .kt-blocks-info-box-media{color:var(--global-palette1, #3182CE);border-top-width:0px;border-right-width:0px;border-bottom-width:0px;border-left-width:0px;padding-top:5px;padding-right:5px;padding-bottom:5px;padding-left:5px;margin-top:0px;margin-right:0px;margin-bottom:0px;margin-left:0px;}.kt-info-box33718_ec767b-96 .kt-infobox-textcontent h2.kt-blocks-info-box-title{padding-top:0px;padding-right:0px;padding-bottom:0px;padding-left:0px;margin-top:5px;margin-right:0px;margin-bottom:10px;margin-left:0px;}.kt-info-box33718_ec767b-96 .kt-blocks-info-box-learnmore{background:transparent;border-width:0px 0px 0px 0px;padding-top:4px;padding-right:8px;padding-bottom:4px;padding-left:8px;margin-top:10px;margin-right:0px;margin-bottom:10px;margin-left:0px;}@media all and (max-width: 1024px){.kt-info-box33718_ec767b-96 .kt-blocks-info-box-link-wrap{border-top:0px solid var(--global-palette7, #eeeeee);border-right:0px solid var(--global-palette7, #eeeeee);border-bottom:0px solid var(--global-palette7, #eeeeee);border-left:0px solid var(--global-palette7, #eeeeee);}}@media all and (max-width: 767px){.kt-info-box33718_ec767b-96 .kt-blocks-info-box-link-wrap{border-top:0px solid var(--global-palette7, #eeeeee);border-right:0px solid var(--global-palette7, #eeeeee);border-bottom:0px solid var(--global-palette7, #eeeeee);border-left:0px solid var(--global-palette7, #eeeeee);}}<\/style>\n<div class=\"wp-block-kadence-infobox kt-info-box33718_ec767b-96\"><span class=\"kt-blocks-info-box-link-wrap info-box-link kt-blocks-info-box-media-align-left kt-info-halign-left\"><div class=\"kt-blocks-info-box-media-container\"><div class=\"kt-blocks-info-box-media kt-info-media-animate-none\"><div class=\"kadence-info-box-icon-container kt-info-icon-animate-none\"><div class=\"kadence-info-box-icon-inner-container\"><span class=\"kb-svg-icon-wrap kb-svg-icon-fe_file kt-info-svg-icon\"><svg viewBox=\"0 0 24 24\"  fill=\"none\" stroke=\"currentColor\" stroke-width=\"2\" stroke-linecap=\"round\" stroke-linejoin=\"round\" xmlns=\"http:\/\/www.w3.org\/2000\/svg\"  aria-hidden=\"true\"><path d=\"M13 2H6a2 2 0 0 0-2 2v16a2 2 0 0 0 2 2h12a2 2 0 0 0 2-2V9z\"\/><polyline points=\"13 2 13 9 20 9\"\/><\/svg><\/span><\/div><\/div><\/div><\/div><div class=\"kt-infobox-textcontent\"><p class=\"kt-blocks-info-box-text\"><a href=\"https:\/\/forms.office.com\/r\/Te7xiyxmeR?origin=lprLink\"><strong><strong><\/strong><\/strong><\/a><strong><strong><a href=\"https:\/\/epacartagena.gov.co\/web\/wp-content\/uploads\/2026\/01\/F-GP-025-FORMATO-PLAN-DE-ACCION-PTEP-2026.xlsx\">Plan de Ejecuci\u00f3n y Monitoreo del PTEP 2026<\/a><\/strong><\/strong><\/p><\/div><\/span><\/div>\n\n\n\n<p><\/p>\n<\/div><\/div>\n<\/div><\/div>\n<\/div><\/div>\n\n\n<style>.kadence-column33718_331b0b-e8 > .kt-inside-inner-col{display:flex;}.kadence-column33718_331b0b-e8 > .kt-inside-inner-col{padding-top:var(--global-kb-spacing-xl, 4rem);padding-right:var(--global-kb-spacing-md, 2rem);padding-bottom:var(--global-kb-spacing-lg, 3rem);padding-left:var(--global-kb-spacing-md, 2rem);}.kadence-column33718_331b0b-e8 > .kt-inside-inner-col{min-height:160px;}.kadence-column33718_331b0b-e8 > .kt-inside-inner-col,.kadence-column33718_331b0b-e8 > .kt-inside-inner-col:before{border-top-left-radius:2rem;border-top-right-radius:2rem;border-bottom-right-radius:2rem;border-bottom-left-radius:2rem;}.kadence-column33718_331b0b-e8 > .kt-inside-inner-col{column-gap:var(--global-kb-gap-sm, 1rem);}.kadence-column33718_331b0b-e8 > .kt-inside-inner-col{flex-direction:column;justify-content:flex-start;}.kadence-column33718_331b0b-e8 > .kt-inside-inner-col > .aligncenter{width:100%;}.kt-row-column-wrap > .kadence-column33718_331b0b-e8{align-self:flex-start;}.kt-inner-column-height-full:not(.kt-has-1-columns) > .wp-block-kadence-column.kadence-column33718_331b0b-e8{align-self:auto;}.kt-inner-column-height-full:not(.kt-has-1-columns) > .wp-block-kadence-column.kadence-column33718_331b0b-e8 > .kt-inside-inner-col{flex-direction:column;justify-content:flex-start;}.kadence-column33718_331b0b-e8 > .kt-inside-inner-col{background-color:#ebf4e6;background-image:url('https:\/\/epacartagena.gov.co\/web\/wp-content\/uploads\/2025\/06\/Epa-edificio_2x_2025.jpg');background-size:cover;background-position:36% 48%;background-attachment:scroll;background-repeat:no-repeat;}.kadence-column33718_331b0b-e8 > .kt-inside-inner-col:before{opacity:0.3;}.kadence-column33718_331b0b-e8{position:relative;}@media all and (max-width: 1024px){.kadence-column33718_331b0b-e8 > .kt-inside-inner-col{padding-top:var(--global-kb-spacing-xl, 4rem);flex-direction:column;justify-content:flex-start;}}@media all and (max-width: 1024px){.kt-row-column-wrap > .kadence-column33718_331b0b-e8{align-self:flex-start;}}@media all and (max-width: 1024px){.kt-inner-column-height-full:not(.kt-has-1-columns) > .wp-block-kadence-column.kadence-column33718_331b0b-e8{align-self:auto;}}@media all and (max-width: 1024px){.kt-inner-column-height-full:not(.kt-has-1-columns) > .wp-block-kadence-column.kadence-column33718_331b0b-e8 > .kt-inside-inner-col{flex-direction:column;justify-content:flex-start;}}@media all and (max-width: 767px){.kt-row-column-wrap > .kadence-column33718_331b0b-e8{align-self:flex-start;}.kt-inner-column-height-full:not(.kt-has-1-columns) > .wp-block-kadence-column.kadence-column33718_331b0b-e8{align-self:auto;}.kt-inner-column-height-full:not(.kt-has-1-columns) > .wp-block-kadence-column.kadence-column33718_331b0b-e8 > .kt-inside-inner-col{flex-direction:column;justify-content:flex-start;}.kadence-column33718_331b0b-e8 > .kt-inside-inner-col{flex-direction:column;justify-content:flex-start;}}<\/style>\n<div class=\"wp-block-kadence-column kadence-column33718_331b0b-e8\"><div class=\"kt-inside-inner-col\"><\/div><\/div>\n\n<\/div><\/div><\/div><\/div>\n\n<\/div><\/div>","protected":false},"excerpt":{"rendered":"<p>Plan de ejecuci\u00f3n y monitoreo del Programa de Transparencia y \u00c9tica P\u00fablica<\/p>\n","protected":false},"author":1,"featured_media":0,"parent":519,"menu_order":0,"comment_status":"closed","ping_status":"closed","template":"","meta":{"_acf_changed":false,"_kad_post_transparent":"","_kad_post_title":"","_kad_post_layout":"fullwidth","_kad_post_sidebar_id":"","_kad_post_content_style":"unboxed","_kad_post_vertical_padding":"hide","_kad_post_feature":"","_kad_post_feature_position":"","_kad_post_header":false,"_kad_post_footer":false,"_kad_post_classname":"","_vp_format_video_url":"","_vp_image_focal_point":[],"footnotes":""},"class_list":["post-33718","page","type-page","status-publish","hentry"],"acf":[],"_links":{"self":[{"href":"https:\/\/epacartagena.gov.co\/web\/wp-json\/wp\/v2\/pages\/33718","targetHints":{"allow":["GET"]}}],"collection":[{"href":"https:\/\/epacartagena.gov.co\/web\/wp-json\/wp\/v2\/pages"}],"about":[{"href":"https:\/\/epacartagena.gov.co\/web\/wp-json\/wp\/v2\/types\/page"}],"author":[{"embeddable":true,"href":"https:\/\/epacartagena.gov.co\/web\/wp-json\/wp\/v2\/users\/1"}],"replies":[{"embeddable":true,"href":"https:\/\/epacartagena.gov.co\/web\/wp-json\/wp\/v2\/comments?post=33718"}],"version-history":[{"count":10,"href":"https:\/\/epacartagena.gov.co\/web\/wp-json\/wp\/v2\/pages\/33718\/revisions"}],"predecessor-version":[{"id":33941,"href":"https:\/\/epacartagena.gov.co\/web\/wp-json\/wp\/v2\/pages\/33718\/revisions\/33941"}],"up":[{"embeddable":true,"href":"https:\/\/epacartagena.gov.co\/web\/wp-json\/wp\/v2\/pages\/519"}],"wp:attachment":[{"href":"https:\/\/epacartagena.gov.co\/web\/wp-json\/wp\/v2\/media?parent=33718"}],"curies":[{"name":"wp","href":"https:\/\/api.w.org\/{rel}","templated":true}]}}