{"id":4113,"date":"2021-06-01T02:37:32","date_gmt":"2021-06-01T07:37:32","guid":{"rendered":"http:\/\/epacartagena.gov.co\/web\/?page_id=4113"},"modified":"2022-04-17T15:04:35","modified_gmt":"2022-04-17T20:04:35","slug":"preguntas-frecuentes","status":"publish","type":"page","link":"https:\/\/epacartagena.gov.co\/web\/preguntas-frecuentes\/","title":{"rendered":"Preguntas frecuentes"},"content":{"rendered":"\n<div class=\"wp-block-uagb-tabs uagb-block-ed0faaea uagb-tabs__wrap uagb-tabs__hstyle1-desktop uagb-tabs__hstyle1-tablet uagb-tabs__stack1-mobile\" data-tab-active=\"0\"><ul class=\"uagb-tabs__panel uagb-tabs__align-left\"><li class=\"uagb-tab uagb-tabs__active\"><a href=\"#uagb-tabs__tab0\" class=\"uagb-tabs-list uagb-tabs__icon-position-left\" data-tab=\"0\"><span>\u00c1rea Administrativa y Financiera<\/span><\/a><\/li><li class=\"uagb-tab \"><a href=\"#uagb-tabs__tab1\" class=\"uagb-tabs-list uagb-tabs__icon-position-left\" data-tab=\"1\"><span>\u00c1rea Subdirecci\u00f3n T\u00e9cnica y Desarrollo Sostenible<\/span><\/a><\/li><\/ul><div class=\"uagb-tabs__body-wrap\">\n<div class=\"wp-block-uagb-tabs-child uagb-tabs__body-container uagb-tabs__inner-tab uagb-inner-tab-0\"><div class=\"uagb-blocks__7e7f8fc6 uagb-tabs__body\" aria-labelledby=\"uagb-tabs__tab0\">\n<div class=\"wp-block-columns is-layout-flex wp-container-core-columns-is-layout-9d6595d7 wp-block-columns-is-layout-flex\">\n<div class=\"wp-block-column is-layout-flow wp-block-column-is-layout-flow\" style=\"flex-basis:33.33%\">\n<h3 class=\"wp-block-heading\">\u00bfCu\u00e1les son los medios de comunicaci\u00f3n con el EPA?<\/h3>\n<\/div>\n\n\n\n<div class=\"wp-block-column is-layout-flow wp-block-column-is-layout-flow\" style=\"flex-basis:66.66%\">\n<p>Est\u00e1n dos l\u00edneas telef\u00f3nicas, una fija (+57) 605 6421316, y una l\u00ednea celular que solo se pueden comunicar a trav\u00e9s de WhatsApp (+57) 301 2106719, est\u00e1 nuestro sitio web <a href=\"https:\/\/epacartagena.gov.co\/web\/\" data-type=\"URL\" data-id=\"https:\/\/epacartagena.gov.co\/web\/\">www.epacartagena.gov.co<\/a>, y en el banner principal en donde puede presentar sus PETICIONES, QUEJAS, RECLAMOS O DENUNCIAS; tambi\u00e9n a trav\u00e9s del correo atencionalciudadano@epacartagena.gov.co<\/p>\n<\/div>\n<\/div>\n\n\n\n<div class=\"wp-block-columns is-layout-flex wp-container-core-columns-is-layout-9d6595d7 wp-block-columns-is-layout-flex\">\n<div class=\"wp-block-column is-layout-flow wp-block-column-is-layout-flow\" style=\"flex-basis:33.33%\">\n<h3 class=\"wp-block-heading\">\u00bfC\u00f3mo dan tr\u00e1mite a una queja realizada?<\/h3>\n<\/div>\n\n\n\n<div class=\"wp-block-column is-layout-flow wp-block-column-is-layout-flow\" style=\"flex-basis:66.66%\">\n<p><strong>Para dar tr\u00e1mite a una queja, siga los siguientes pasos: <\/strong><\/p>\n\n\n\n<ol class=\"wp-block-list\"><li>Ingrese a nuestro sitio web <a href=\"https:\/\/epacartagena.gov.co\/web\/\" data-type=\"URL\" data-id=\"https:\/\/epacartagena.gov.co\/web\/\">www.epacartagena.gov.co<\/a><\/li><li>En el banner principal escoja la opci\u00f3n PETICIONES, QUEJAS, RECLAMOS O DENUNCIAS |SIGOB, <\/li><li>Se abre una nueva ventana que contiene un formulario diligencie la informaci\u00f3n completa.<\/li><li>Al correo electr\u00f3nico indicado en el formulario le llegar\u00e1 el soporte del radicado de su petici\u00f3n con la informaci\u00f3n respectiva para consulta.<\/li><\/ol>\n<\/div>\n<\/div>\n<\/div><\/div>\n\n\n\n<div class=\"wp-block-uagb-tabs-child uagb-tabs__body-container uagb-tabs__inner-tab uagb-inner-tab-1\"><div class=\"uagb-blocks__5215cd4d uagb-tabs__body\" aria-labelledby=\"uagb-tabs__tab1\">\n<div class=\"wp-block-columns is-layout-flex wp-container-core-columns-is-layout-9d6595d7 wp-block-columns-is-layout-flex\">\n<div class=\"wp-block-column is-layout-flow wp-block-column-is-layout-flow\" style=\"flex-basis:33.33%\">\n<h3 class=\"wp-block-heading\">Tengo dudas sobre el procedimiento de poda y tala, \u00bfen qu\u00e9 consisten?<\/h3>\n<\/div>\n\n\n\n<div class=\"wp-block-column is-layout-flow wp-block-column-is-layout-flow\" style=\"flex-basis:66.66%\">\n<p>La poda de un \u00e1rbol consiste en cortar algunas de sus ramas con cuidado y correctamente, y se hace para mantenimiento del mismo o para que sus ramas no se enreden en las l\u00edneas de energ\u00eda o telef\u00f3nica; mientras que la tala es cortar por el pie un \u00e1rbol o masa de \u00e1rboles.<\/p>\n<\/div>\n<\/div>\n\n\n\n<div class=\"wp-block-columns is-layout-flex wp-container-core-columns-is-layout-9d6595d7 wp-block-columns-is-layout-flex\">\n<div class=\"wp-block-column is-layout-flow wp-block-column-is-layout-flow\" style=\"flex-basis:33.33%\">\n<h3 class=\"wp-block-heading\">\u00bfQu\u00e9 hace el EPA para el cuidado y mantenimiento de los \u00e1rboles que se encuentran en las v\u00edas y zonas p\u00fablicas?<\/h3>\n<\/div>\n\n\n\n<div class=\"wp-block-column is-layout-flow wp-block-column-is-layout-flow\" style=\"flex-basis:66.66%\">\n<p>El EPA cada vez que realiza una siembre realiza un convenio con la comunidad que se encuentra en el \u00e1rea de influencia de la siembra en la cual, la comunidad se compromete con el riego y cuidado de los \u00e1rboles, y el EPA con el apoyo de los jardineros y el personal t\u00e9cnico realiza manteamiento a los \u00e1rboles sembrados tales como, podas, fertilizaci\u00f3n, plateos, y control fitosanitario.<\/p>\n<\/div>\n<\/div>\n\n\n\n<div class=\"wp-block-columns is-layout-flex wp-container-core-columns-is-layout-9d6595d7 wp-block-columns-is-layout-flex\">\n<div class=\"wp-block-column is-layout-flow wp-block-column-is-layout-flow\" style=\"flex-basis:33.33%\">\n<h3 class=\"wp-block-heading\">\u00bfQu\u00e9 tiene proyectado el EPA para el control de la deforestaci\u00f3n en el Cerro de la Popa?<\/h3>\n<\/div>\n\n\n\n<div class=\"wp-block-column is-layout-flow wp-block-column-is-layout-flow\" style=\"flex-basis:66.66%\">\n<p>Desde el proyecto Recuperaci\u00f3n de \u00c1reas Ambientalmente Degradadas, el Establecimiento Publico Ambiental, sembrar\u00e1 alrededor de 2030 \u00e1rboles recuperando aproximadamente dos hect\u00e1reas de Bosque seco tropical, por medio de compensaciones, adem\u00e1s se recuperar\u00e1n 5 hect\u00e1reas m\u00e1s con reforestaciones a trav\u00e9s de siembra de \u00e1rboles frutales, maderables, y plantas vetiver, con la implementaci\u00f3n del megaproyecto del Ecoparque, el cual se presentar\u00e1 al sistema general de regal\u00edas, para su aprobaci\u00f3n, el cual incluye miradores, senderos, ciclov\u00edas, sistema de montain biking ente otros, adem\u00e1s; se est\u00e1n identificando en conjunto con la Polic\u00eda Ambiental, la Guardia Ambiental, el Ecobloque, nuevas invasiones para frenarlas y hacer la recuperaci\u00f3n del Espacio p\u00fablico, y evitar la deforestaci\u00f3n. Se implementar\u00e1n monitoreos constantes para el seguimiento de estas estructuras. adem\u00e1s, se seguir\u00e1n conformando convos de emprendimiento verde, de econom\u00eda circular, en proyectos de tipo agroforestal, de reciclaje, ecotur\u00edsticos, entre otros, fomentando el emprendimiento verde, se seguir\u00e1 promoviendo la sensibilizaci\u00f3n ambiental en la comunidad. La meta es reforestar 10 hect\u00e1reas de este bosque seco tropical, al t\u00e9rmino del periodo del plan de Desarrollo Salvemos Juntos a Cartagena 2022- 2023. Tambi\u00e9n se contar\u00e1 con un plan ambiental integral para salvaguardar este pulm\u00f3n ambiental de la ciudad.<\/p>\n<\/div>\n<\/div>\n\n\n\n<div class=\"wp-block-columns is-layout-flex wp-container-core-columns-is-layout-9d6595d7 wp-block-columns-is-layout-flex\">\n<div class=\"wp-block-column is-layout-flow wp-block-column-is-layout-flow\" style=\"flex-basis:33.33%\">\n<h3 class=\"wp-block-heading\">\u00bfQu\u00e9 puede hacer el EPA para la protecci\u00f3n de las playas?<\/h3>\n<\/div>\n\n\n\n<div class=\"wp-block-column is-layout-flow wp-block-column-is-layout-flow\" style=\"flex-basis:66.66%\">\n<p>Se debe trabajar articuladamente con la DIMAR para la preservaci\u00f3n del ecosistema en las \u00e1reas concesionadas y zonificadas por la entidad competente que para este caso es DIMAR.<\/p>\n<\/div>\n<\/div>\n\n\n\n<div class=\"wp-block-columns is-layout-flex wp-container-core-columns-is-layout-9d6595d7 wp-block-columns-is-layout-flex\">\n<div class=\"wp-block-column is-layout-flow wp-block-column-is-layout-flow\" style=\"flex-basis:33.33%\">\n<h3 class=\"wp-block-heading\">\u00bfCu\u00e1ndo se le hace monitoreo a la calidad del aire?<\/h3>\n<\/div>\n\n\n\n<div class=\"wp-block-column is-layout-flow wp-block-column-is-layout-flow\" style=\"flex-basis:66.66%\">\n<p>El EPA, cuenta con un sistema de vigilancia de calidad de aire (SVCA), compuesto por 6 estaciones con equipos autom\u00e1ticos y semiautom\u00e1ticos, ubicados en puntos estrat\u00e9gicos de la ciudad. <br><\/p>\n\n\n\n<p>Este monitoreo es diario, si las estaciones est\u00e1n funcionando correctamente, pero en la actualidad las estaciones est\u00e1n por fuera de servicio, por lo que la entidad se encuentra en este momento en el proceso de actualizaci\u00f3n.<\/p>\n<\/div>\n<\/div>\n\n\n\n<div class=\"wp-block-columns is-layout-flex wp-container-core-columns-is-layout-9d6595d7 wp-block-columns-is-layout-flex\">\n<div class=\"wp-block-column is-layout-flow wp-block-column-is-layout-flow\" style=\"flex-basis:33.33%\">\n<h3 class=\"wp-block-heading\">\u00bfQui\u00e9n realiza la limpieza de los ca\u00f1os y canales?<\/h3>\n<\/div>\n\n\n\n<div class=\"wp-block-column is-layout-flow wp-block-column-is-layout-flow\" style=\"flex-basis:66.66%\">\n<p>Actualmente la entidad quien desarrolla la limpieza de ca\u00f1os y canales dentro del per\u00edmetro urbano es la secretaria de infraestructura.<\/p>\n<\/div>\n<\/div>\n\n\n\n<div class=\"wp-block-columns is-layout-flex wp-container-core-columns-is-layout-9d6595d7 wp-block-columns-is-layout-flex\">\n<div class=\"wp-block-column is-layout-flow wp-block-column-is-layout-flow\" style=\"flex-basis:33.33%\">\n<h3 class=\"wp-block-heading\">\u00bfC\u00f3mo puedo solicitar apoyo para una siembra de \u00e1rboles en mi comunidad?<\/h3>\n<\/div>\n\n\n\n<div class=\"wp-block-column is-layout-flow wp-block-column-is-layout-flow\" style=\"flex-basis:66.66%\">\n<p>Por medio de una solicitud formal que puedes ser radicada al correo <strong>atencionalciudadano@epacartagena.gov.co<\/strong> o por medio de la p\u00e1gina web en atenci\u00f3n al ciudadano, una vez realiza la solicitud al correo llegara un c\u00f3digo de radicado, por medio del cual un t\u00e9cnico del EPA realizara la visita t\u00e9cnica y determinara si el sitio de siembra propuesto es apto o no, y que especies son las m\u00e1s id\u00f3neas para sembrar.<\/p>\n\n\n\n<p><br>El EPA Cartagena hace convenio con la comunidad y se coordina la siembra y el mantenimiento de los \u00e1rboles.<\/p>\n\n\n\n<p><br>EPA Cartagena suministra los \u00e1rboles y la tierra negra (dependiendo si hay existencia).<\/p>\n<\/div>\n<\/div>\n\n\n\n<div class=\"wp-block-columns is-layout-flex wp-container-core-columns-is-layout-9d6595d7 wp-block-columns-is-layout-flex\">\n<div class=\"wp-block-column is-layout-flow wp-block-column-is-layout-flow\" style=\"flex-basis:33.33%\">\n<h3 class=\"wp-block-heading\">\u00bfC\u00f3mo radico una solicitud de aprovechamiento forestal?<\/h3>\n<\/div>\n\n\n\n<div class=\"wp-block-column is-layout-flow wp-block-column-is-layout-flow\" style=\"flex-basis:66.66%\">\n<p>Por medio de una solicitud formal que puedes ser radicada al correo <strong>atencionalciudadano@epacartagena.gov.co<\/strong> o por medio de la p\u00e1gina web en atenci\u00f3n al ciudadano, una vez realiza la solicitud al correo llegara un c\u00f3digo de radicado, por medio del cual un t\u00e9cnico del EPA realizara la visita t\u00e9cnica autorizando o no el aprovechamiento forestal.<\/p>\n<\/div>\n<\/div>\n\n\n\n<div class=\"wp-block-columns is-layout-flex wp-container-core-columns-is-layout-9d6595d7 wp-block-columns-is-layout-flex\">\n<div class=\"wp-block-column is-layout-flow wp-block-column-is-layout-flow\" style=\"flex-basis:33.33%\">\n<h3 class=\"wp-block-heading\">\u00bfA qui\u00e9n denuncio las construcciones ilegales?<\/h3>\n<\/div>\n\n\n\n<div class=\"wp-block-column is-layout-flow wp-block-column-is-layout-flow\" style=\"flex-basis:66.66%\">\n<p>BAJAMAR: alcald\u00eda local, epa y\/o CARDIQUE, Polic\u00eda Nacional, Dimar<br>SUELO CONSOLIDADO: Inspecci\u00f3n polic\u00eda, Polic\u00eda Nacional, EPA<\/p>\n<\/div>\n<\/div>\n\n\n\n<div class=\"wp-block-columns is-layout-flex wp-container-core-columns-is-layout-9d6595d7 wp-block-columns-is-layout-flex\">\n<div class=\"wp-block-column is-layout-flow wp-block-column-is-layout-flow\" style=\"flex-basis:33.33%\">\n<h3 class=\"wp-block-heading\">\u00bfD\u00f3nde puedo denunciar la quema permanente de basuras?<\/h3>\n<\/div>\n\n\n\n<div class=\"wp-block-column is-layout-flow wp-block-column-is-layout-flow\" style=\"flex-basis:66.66%\">\n<p>Esta actividad est\u00e1 prohibida de acuerdo al decreto 948\/93 cuando es a cielo abierto. Referente a la quema de basura en el \u00e1rea urbana deben dirigirse a la inspecci\u00f3n de polic\u00eda.<\/p>\n<\/div>\n<\/div>\n\n\n\n<div class=\"wp-block-columns is-layout-flex wp-container-core-columns-is-layout-9d6595d7 wp-block-columns-is-layout-flex\">\n<div class=\"wp-block-column is-layout-flow wp-block-column-is-layout-flow\" style=\"flex-basis:33.33%\">\n<h3 class=\"wp-block-heading\">\u00bfC\u00f3mo van a recuperar la bah\u00eda de Cartagena?<\/h3>\n<\/div>\n\n\n\n<div class=\"wp-block-column is-layout-flow wp-block-column-is-layout-flow\" style=\"flex-basis:66.66%\">\n<p>Este es el objetivo de la Sentencia del Consejo de Estado identificada con el radicado 13-001-23-33-000-2017-00987-01. Para lograrlo, las entidades sentenciadas (al Ministerio de Ambiente y Desarrollo Sostenible (MADS), a la Corporaci\u00f3n Aut\u00f3noma Regional del Canal del Dique (CARDIQUE), al Establecimiento P\u00fablico Ambiental de Cartagena (EPA-Cartagena), al Distrito tur\u00edstico y Cultural de Cartagena de Indias (D.T y C de Cartagena) y a la Direcci\u00f3n General Mar\u00edtima (DIMAR)) actualmente se encuentran trabajando en la formulaci\u00f3n del Plan Maestro de Restauraci\u00f3n para la Bah\u00eda de Cartagena, el cual corresponde a una hoja de ruta que contendr\u00e1 acciones puntuales enfocadas a recuperar este cuerpo de agua. Para esto, el plan abordar\u00e1 los problemas que enfrenta la bah\u00eda desde la \u00f3ptica de los siguientes programas:<\/p>\n\n\n\n<p><br><strong>I.<\/strong> Un programa de evaluaci\u00f3n, prevenci\u00f3n, reducci\u00f3n y control de fuentes terrestres y marinas que contemplar\u00e1n proyectos espec\u00edficos para cada uno de los factores<br>causales identificados el apartado VII.3.1.2 de esta decisi\u00f3n.<br><strong>II. <\/strong>Un programa de rehabilitaci\u00f3n y restauraci\u00f3n de ecosistemas marinos y costeros degradados, conservaci\u00f3n de especies y biodiversidad marina.<br><strong>III. <\/strong>Un programa de conservaci\u00f3n de \u00e1reas marinas y costeras protegidas (Actualizaci\u00f3n de la zonificaci\u00f3n de los manglares de la bah\u00eda de Cartagena, Implementaci\u00f3n del plan de manejo del \u00e1rea marina protegida \u201carchipi\u00e9lagos del rosario y san Bernardo (AMP-ARSB) 2013-2023 en el sector 4- pen\u00ednsula de bar\u00fa, zona costera continental, protecci\u00f3n de ecosistemas de arrecifes de coral, manglares, lagunas, ci\u00e9nagas y praderas de pastos marinos).<br><strong>IV. <\/strong>Un programa de educaci\u00f3n y uso sostenible.<br><strong>V.<\/strong> Un programa preventivo de evaluaci\u00f3n de sistemas de informaci\u00f3n.<br><strong>VI.<\/strong> Un programa de Gesti\u00f3n Estrat\u00e9gica de los intereses mar\u00edtimos relacionado con los problemas se\u00f1alados en el ac\u00e1pite VII.3.2.2.<\/p>\n<\/div>\n<\/div>\n\n\n\n<div class=\"wp-block-columns is-layout-flex wp-container-core-columns-is-layout-9d6595d7 wp-block-columns-is-layout-flex\">\n<div class=\"wp-block-column is-layout-flow wp-block-column-is-layout-flow\" style=\"flex-basis:33.33%\">\n<h3 class=\"wp-block-heading\">\u00bfQu\u00e9 se est\u00e1 haciendo para la recuperaci\u00f3n de la Ci\u00e9naga de la Virgen?<\/h3>\n<\/div>\n\n\n\n<div class=\"wp-block-column is-layout-flow wp-block-column-is-layout-flow\" style=\"flex-basis:66.66%\">\n<p>El Establecimiento Publico Ambiental de Cartagena viene ejecutando el proyecto Sistema de Gesti\u00f3n H\u00eddrica de la Ci\u00e9naga de la Virgen y recuperaci\u00f3n del manglar, el cual pretende desde una visi\u00f3n integral abordar los problemas ambientales y promover soluciones sostenibles en el tiempo y adaptadas a las comunidades que forman este socio-ecosistema.<\/p>\n\n\n\n<p><br><strong>A continuaci\u00f3n, se listan las actividades ejecutadas hasta el momento:<\/strong><\/p>\n\n\n\n<p><br>I. GENERACI\u00d3N DE CARTOGRAF\u00cdA relacionada a cobertura de manglar 2021.<\/p>\n\n\n\n<p><br><strong>II. DESARROLLO HERRAMIENTA ARGIS WEB MAP,<\/strong> donde se registra la informaci\u00f3n recolectada georreferenciada en tiempo real y puede ser visualizada para su an\u00e1lisis e interpretaci\u00f3n.<\/p>\n\n\n\n<p><br><strong>III. CARACTERIZACI\u00d3N SOCIOECON\u00d3MICA<\/strong>, realizada en las unidades de vivienda que se encuentran ubicadas en zonas de baja mar y que tienen condiciones de vivienda espec\u00edficas como no poseer servicios p\u00fablicos y no tener pisos consolidados o cementados.<\/p>\n\n\n\n<p><br><strong>IV. ARTICULACI\u00d3N CON OTROS ACTORES:<\/strong> se ha logrado articular acciones con 28 actores en los cuales hay participaci\u00f3n de los diferentes sectores de la poblaci\u00f3n como son l\u00edderes comunitarios y sociales, organizaciones sociales, empresas privadas, y dependencias de car\u00e1cter distrital, autoridades ambientales regionales y nacionales.<\/p>\n\n\n\n<p><br><strong>V. CAPACITACI\u00d3N Y SENSIBILIZACI\u00d3N<\/strong><br>Capacitaci\u00f3n: realizadas con j\u00f3venes en riesgo de las comunidades del \u00e1rea de influencia para la conformaci\u00f3n de grupos comunitarios de monitoreo ambiental haciendo \u00e9nfasis en los siguientes temas: conceptualizaci\u00f3n, priorizaci\u00f3n y definici\u00f3n de \u00e1reas de monitoreo, variables e indicadores, establecimiento de los comit\u00e9s locales de monitoreo; y apoyo en la formulaci\u00f3n del plan de acci\u00f3n y planificaci\u00f3n del lanzamiento del grupo y m\u00e9todos para la sistematizaci\u00f3n de la experiencia.<\/p>\n\n\n\n<p><br><strong>VI. IDENTIFICACI\u00d3N DE PUNTOS A INTERVENIR<\/strong><br>Con recorridos permanentes v\u00eda terrestre y con sobrevuelos con drones se han identificado las \u00e1reas y puntos a intervenir para esto se aplican los formularios digitales, esta informaci\u00f3n es compartida con el personal de ECOBLOQUE para la ejecuci\u00f3n de las actividades de recuperaci\u00f3n f\u00edsica del territorio. Se priorizaron cerca de 1 hect\u00e1rea de terrenos afectados por cerramientos, loteo, relleno e invasi\u00f3n con unidades de vivienda sin ocupantes.<\/p>\n\n\n\n<p><br><strong>VII. MEJORAMIENTO DE ECOSISTEMAS ESTRAT\u00c9GICOS<\/strong><\/p>\n\n\n\n<p><strong><br>VIII. ACTIVIDADES COMPLEMENTARIAS<\/strong><br><\/p>\n\n\n\n<ol class=\"wp-block-list\"><li>Dise\u00f1o y articulaci\u00f3n del Pacto por la Ci\u00e9naga donde se han convocado a los diversos actores a comprometerse en acciones s\u00f3lidas para la recuperaci\u00f3n del territorio, en este Pacto se ha articulado con dependencias del orden distrital como es la Secretar\u00eda de Planeaci\u00f3n Distrital, con la cual se han realizado mesas t\u00e9cnicas y de planificaci\u00f3n del territorio, dise\u00f1o de las estrategias de concertaci\u00f3n comunitaria y recolecci\u00f3n de informaci\u00f3n comunitaria.<br><\/li><li>Generaci\u00f3n de Negocios verdes -COVOS y seguimiento a las actividades.<br><br>Con la inclusi\u00f3n del proyecto de Negocios Verdes en el proceso, as\u00ed como las sinergias con los aliados y cooperantes se gestionaron recursos para la generaci\u00f3n de proyectos productivos comunitarios que contribuyan a frenar el deterioro ambiental de la ci\u00e9naga y promuevan la preservaci\u00f3n de los recursos ecosist\u00e9micos de la ci\u00e9naga de la Virgen, de esta manera a trav\u00e9s de Mercycorps org se est\u00e1n ejecutando las ideas de negocios verdes.<br><\/li><li>Recolecci\u00f3n de 4000 semillas de mangle rojo para establecimiento de viveros comunitarios.<br><\/li><li>Ampliaci\u00f3n de la cobertura de PACARIBE en \u00e1reas estrat\u00e9gicas para disminuir la acumulaci\u00f3n de residuos s\u00f3lidos que facilitan el relleno de lotes en la Ci\u00e9naga de la Virgen.<br><\/li><li>Participaci\u00f3n de 23 j\u00f3venes en riesgo.<br><\/li><li>Generaci\u00f3n de cartograf\u00eda social desde el sector suroccidental (Br La Mar\u00eda) de la Ci\u00e9naga hasta el sector suroriental (Br El Poz\u00f3n).<br><\/li><li>Apoyo a la conceptualizaci\u00f3n de la actualizaci\u00f3n del Macroproyecto Ci\u00e9naga de la Virgen.<\/li><\/ol>\n<\/div>\n<\/div>\n\n\n\n<div class=\"wp-block-columns is-layout-flex wp-container-core-columns-is-layout-9d6595d7 wp-block-columns-is-layout-flex\">\n<div class=\"wp-block-column is-layout-flow wp-block-column-is-layout-flow\" style=\"flex-basis:33.33%\">\n<h3 class=\"wp-block-heading\">\u00bfQu\u00e9 tipo de acompa\u00f1amiento ofrecen ustedes para las jornadas de limpieza?<\/h3>\n<\/div>\n\n\n\n<div class=\"wp-block-column is-layout-flow wp-block-column-is-layout-flow\" style=\"flex-basis:66.66%\">\n<p>El proyecto de Recuperaci\u00f3n de \u00e1reas Ambientalmente Degradadas, contempla entre sus metas del Plan de Desarrollo, realizar limpiezas en \u00e1reas ambientalmente degradadas, El Establecimiento Publico Ambiental, participa, realizando las limpiezas en conjunto con la Polic\u00eda Nacional, Ambiental y Ecol\u00f3gica, La Guardia Ambiental , la comunidad, y la empresa de Aseo Pacaribe, adem\u00e1s articuladamente con la Subdirecci\u00f3n de Investigaciones y Educaci\u00f3n , se realizan jornadas de sensibilizaci\u00f3n ambiental con la comunidad y did\u00e1cticas con los ni\u00f1os y ni\u00f1as, promoviendo el desarrollo sostenible y la educaci\u00f3n ambiental, posteriormente estas \u00e1reas recuperadas a trav\u00e9s de las limpiezas son sembradas con \u00e1rboles maderables y frutales para evitar que nuevamente seas convertidas en basureros sat\u00e9lites. Adem\u00e1s, se gestionan con nuestro aliado estrat\u00e9gico Pacaribe, tanques de 1100 litros para la recolecci\u00f3n de residuos s\u00f3lidos en zonas donde se necesitan urgentemente.<\/p>\n<\/div>\n<\/div>\n\n\n\n<div class=\"wp-block-columns is-layout-flex wp-container-core-columns-is-layout-9d6595d7 wp-block-columns-is-layout-flex\">\n<div class=\"wp-block-column is-layout-flow wp-block-column-is-layout-flow\" style=\"flex-basis:33.33%\">\n<h3 class=\"wp-block-heading\">\u00bfQu\u00e9 tipo de \u00e1rboles son recomendados para sembrar y por qu\u00e9?<\/h3>\n<\/div>\n\n\n\n<div class=\"wp-block-column is-layout-flow wp-block-column-is-layout-flow\" style=\"flex-basis:66.66%\">\n<p>En el manual de silvicultura adoptado mediante el decreto 0274 del 10 de febrero 2017, se encuentra el ranking de las especies m\u00e1s id\u00f3neas para cada sitio de siembra, de igual manera en la p\u00e1gina del EPA se encuentra el programa Verde Distrito Cartagena, <a href=\"https:\/\/epacartagena.gov.co\/web\/verde-distrito-cartagena\/\" data-type=\"URL\" data-id=\"https:\/\/epacartagena.gov.co\/web\/verde-distrito-cartagena\/\">epacartagena.gov.co\/web\/verde-distrito-cartagena<\/a> donde podr\u00e1 encontrar informaci\u00f3n de los \u00e1rboles m\u00e1s id\u00f3neos para la ciudad.<\/p>\n<\/div>\n<\/div>\n<\/div><\/div>\n<\/div><\/div>\n","protected":false},"excerpt":{"rendered":"","protected":false},"author":1,"featured_media":0,"parent":0,"menu_order":0,"comment_status":"closed","ping_status":"closed","template":"","meta":{"_acf_changed":false,"_kad_post_transparent":"","_kad_post_title":"","_kad_post_layout":"","_kad_post_sidebar_id":"","_kad_post_content_style":"","_kad_post_vertical_padding":"","_kad_post_feature":"","_kad_post_feature_position":"","_kad_post_header":false,"_kad_post_footer":false,"_kad_post_classname":"","_vp_format_video_url":"","_vp_image_focal_point":[],"footnotes":""},"class_list":["post-4113","page","type-page","status-publish","hentry"],"acf":[],"_links":{"self":[{"href":"https:\/\/epacartagena.gov.co\/web\/wp-json\/wp\/v2\/pages\/4113","targetHints":{"allow":["GET"]}}],"collection":[{"href":"https:\/\/epacartagena.gov.co\/web\/wp-json\/wp\/v2\/pages"}],"about":[{"href":"https:\/\/epacartagena.gov.co\/web\/wp-json\/wp\/v2\/types\/page"}],"author":[{"embeddable":true,"href":"https:\/\/epacartagena.gov.co\/web\/wp-json\/wp\/v2\/users\/1"}],"replies":[{"embeddable":true,"href":"https:\/\/epacartagena.gov.co\/web\/wp-json\/wp\/v2\/comments?post=4113"}],"version-history":[{"count":33,"href":"https:\/\/epacartagena.gov.co\/web\/wp-json\/wp\/v2\/pages\/4113\/revisions"}],"predecessor-version":[{"id":6288,"href":"https:\/\/epacartagena.gov.co\/web\/wp-json\/wp\/v2\/pages\/4113\/revisions\/6288"}],"wp:attachment":[{"href":"https:\/\/epacartagena.gov.co\/web\/wp-json\/wp\/v2\/media?parent=4113"}],"curies":[{"name":"wp","href":"https:\/\/api.w.org\/{rel}","templated":true}]}}