{"id":5365,"date":"2021-10-31T09:46:20","date_gmt":"2021-10-31T14:46:20","guid":{"rendered":"https:\/\/epacartagena.gov.co\/web\/?page_id=5365"},"modified":"2021-10-31T09:46:31","modified_gmt":"2021-10-31T14:46:31","slug":"mapa-del-sitio","status":"publish","type":"page","link":"https:\/\/epacartagena.gov.co\/web\/mapa-del-sitio\/","title":{"rendered":"Mapa del Sitio"},"content":{"rendered":"<div class=\"wsp-container\"><h2 class=\"wsp-pages-title\">P\u00e1ginas<\/h2>\n<ul class=\"wsp-pages-list\">\n<li class=\"page_item page-item-10026 current_page_parent\"><a href=\"https:\/\/epacartagena.gov.co\/web\/blog\/\">Blog<\/a><\/li>\n<li class=\"page_item page-item-13056\"><a href=\"https:\/\/epacartagena.gov.co\/web\/certificado-de-accesibilidad-y-usabilidad-web\/\">Certificado de accesibilidad y usabilidad web<\/a><\/li>\n<li class=\"page_item page-item-929\"><a href=\"https:\/\/epacartagena.gov.co\/web\/contactenos\/\">Cont\u00e1ctenos<\/a><\/li>\n<li class=\"page_item page-item-811\"><a href=\"https:\/\/epacartagena.gov.co\/web\/convocatorias\/\">Convocatorias<\/a><\/li>\n<li class=\"page_item page-item-11044\"><a href=\"https:\/\/epacartagena.gov.co\/web\/normativa-plasticos\/\">Dile NO a los pl\u00e1sticos de un solo uso<\/a><\/li>\n<li class=\"page_item page-item-17834\"><a href=\"https:\/\/epacartagena.gov.co\/web\/documentos-rectores-de-las-politicas-de-gestion-y-desempeno\/\">DOCUMENTOS RECTORES DE LAS POL\u00cdTICAS DE GESTI\u00d3N Y DESEMPE\u00d1O<\/a><\/li>\n<li class=\"page_item page-item-922\"><a href=\"https:\/\/epacartagena.gov.co\/web\/especies-de-arboles-sugeridas-para-la-siembra\/\">Especies de \u00e1rboles sugeridas para la siembra<\/a><\/li>\n<li class=\"page_item page-item-1279\"><a href=\"https:\/\/epacartagena.gov.co\/web\/furag\/\">Furag<\/a><\/li>\n<li class=\"page_item page-item-1136\"><a href=\"https:\/\/epacartagena.gov.co\/web\/informe-de-austeridad-del-gasto\/\">INFORME DE AUSTERIDAD DEL GASTO<\/a><\/li>\n<li class=\"page_item page-item-2949\"><a href=\"https:\/\/epacartagena.gov.co\/web\/informe-de-seguimiento-a-las-pqrs\/\">Informe de seguimiento a las PQR\u00b4S<\/a><\/li>\n<li class=\"page_item page-item-1138\"><a href=\"https:\/\/epacartagena.gov.co\/web\/informes-pormenorizados\/\">Informe Pormenorizado del Estado del Control Interno<\/a><\/li>\n<li class=\"page_item page-item-2961\"><a href=\"https:\/\/epacartagena.gov.co\/web\/informe-rendicion-cuenta-fiscal-a-la-cgr\/\">Informe Rendici\u00f3n Cuenta Fiscal a la CGR<\/a><\/li>\n<li class=\"page_item page-item-2938\"><a href=\"https:\/\/epacartagena.gov.co\/web\/informes-al-concejo-distrital\/\">Informes al Concejo Distrital<\/a><\/li>\n<li class=\"page_item page-item-13111\"><a href=\"https:\/\/epacartagena.gov.co\/web\/informes-de-seguimiento\/\">Informes de Seguimiento<\/a><\/li>\n<li class=\"page_item page-item-2\"><a href=\"https:\/\/epacartagena.gov.co\/web\/\">Inicio<\/a><\/li>\n<li class=\"page_item page-item-1115\"><a href=\"https:\/\/epacartagena.gov.co\/web\/manuales\/\">Manuales<\/a><\/li>\n<li class=\"page_item page-item-5365\"><a href=\"https:\/\/epacartagena.gov.co\/web\/mapa-del-sitio\/\">Mapa del Sitio<\/a><\/li>\n<li class=\"page_item page-item-4539\"><a href=\"https:\/\/epacartagena.gov.co\/web\/mi-bahia-a-lo-bien\/\">Mi bah\u00eda a lo bien<\/a><\/li>\n<li class=\"page_item page-item-1175\"><a href=\"https:\/\/epacartagena.gov.co\/web\/modelo-de-operacion-por-procesos\/\">Modelo de operaci\u00f3n por procesos<\/a><\/li>\n<li class=\"page_item page-item-1212\"><a href=\"https:\/\/epacartagena.gov.co\/web\/modelo-integrado-de-planeacion-y-gestion-mipg-2\/\">Modelo Integrado de Planeaci\u00f3n y Gesti\u00f3n -MIPG<\/a><\/li>\n<li class=\"page_item page-item-695 page_item_has_children\"><a href=\"https:\/\/epacartagena.gov.co\/web\/nosotros\/\">Nosotros<\/a>\n<ul class='children'>\n\t<li class=\"page_item page-item-7344\"><a href=\"https:\/\/epacartagena.gov.co\/web\/nosotros\/codigo-de-integridad\/\">C\u00f3digo de integridad<\/a><\/li>\n\t<li class=\"page_item page-item-13083\"><a href=\"https:\/\/epacartagena.gov.co\/web\/nosotros\/codigo-de-integridad-y-conflicto-de-interes\/\">C\u00f3digo de Integridad y Conflicto de Inter\u00e9s<\/a><\/li>\n\t<li class=\"page_item page-item-727\"><a href=\"https:\/\/epacartagena.gov.co\/web\/nosotros\/directorio\/\">Directorio<\/a><\/li>\n\t<li class=\"page_item page-item-697\"><a href=\"https:\/\/epacartagena.gov.co\/web\/nosotros\/entidades-y-autoridades-que-nos-vigilan\/\">Entidades y autoridades que nos vigilan<\/a><\/li>\n\t<li class=\"page_item page-item-8587\"><a href=\"https:\/\/epacartagena.gov.co\/web\/nosotros\/funciones-generales\/\">Funciones y deberes<\/a><\/li>\n\t<li class=\"page_item page-item-707\"><a href=\"https:\/\/epacartagena.gov.co\/web\/nosotros\/jurisdiccion\/\">Jurisdicci\u00f3n<\/a><\/li>\n\t<li class=\"page_item page-item-13059\"><a href=\"https:\/\/epacartagena.gov.co\/web\/nosotros\/mision-y-vision\/\">Misi\u00f3n y visi\u00f3n<\/a><\/li>\n\t<li class=\"page_item page-item-29772\"><a href=\"https:\/\/epacartagena.gov.co\/web\/nosotros\/normograma\/\">Normograma<\/a><\/li>\n\t<li class=\"page_item page-item-28569\"><a href=\"https:\/\/epacartagena.gov.co\/web\/nosotros\/objetivos-estrategicos\/\">Objetivos estrat\u00e9gicos<\/a><\/li>\n\t<li class=\"page_item page-item-714\"><a href=\"https:\/\/epacartagena.gov.co\/web\/nosotros\/organigrama\/\">Organigrama<\/a><\/li>\n\t<li class=\"page_item page-item-722\"><a href=\"https:\/\/epacartagena.gov.co\/web\/nosotros\/organizacion-y-naturaleza-juridica\/\">Organizaci\u00f3n y Naturaleza Jur\u00eddica<\/a><\/li>\n\t<li class=\"page_item page-item-6231\"><a href=\"https:\/\/epacartagena.gov.co\/web\/nosotros\/piga\/\">Plan Institucional de Gesti\u00f3n Ambiental \u2013 PIGA<\/a><\/li>\n<\/ul>\n<\/li>\n<li class=\"page_item page-item-3295 page_item_has_children\"><a href=\"https:\/\/epacartagena.gov.co\/web\/notiepa\/\">NotiEPA<\/a>\n<ul class='children'>\n\t<li class=\"page_item page-item-4359\"><a href=\"https:\/\/epacartagena.gov.co\/web\/notiepa\/areas-degradadas\/\">\u00c1reas degradadas<\/a><\/li>\n\t<li class=\"page_item page-item-4100\"><a href=\"https:\/\/epacartagena.gov.co\/web\/notiepa\/cambio-climatico\/\">Cambio clim\u00e1tico<\/a><\/li>\n\t<li class=\"page_item page-item-4096\"><a href=\"https:\/\/epacartagena.gov.co\/web\/notiepa\/educacion-ambiental\/\">Educaci\u00f3n Ambiental<\/a><\/li>\n\t<li class=\"page_item page-item-4076\"><a href=\"https:\/\/epacartagena.gov.co\/web\/notiepa\/fauna-y-flora\/\">Fauna y Flora<\/a><\/li>\n\t<li class=\"page_item page-item-4360\"><a href=\"https:\/\/epacartagena.gov.co\/web\/notiepa\/la-entidad\/\">La Entidad<\/a><\/li>\n\t<li class=\"page_item page-item-4105\"><a href=\"https:\/\/epacartagena.gov.co\/web\/notiepa\/negocios-verdes\/\">Negocios Verdes<\/a><\/li>\n\t<li class=\"page_item page-item-4879\"><a href=\"https:\/\/epacartagena.gov.co\/web\/notiepa\/vigilancia-y-control\/\">Vigilancia y Control<\/a><\/li>\n<\/ul>\n<\/li>\n<li class=\"page_item page-item-5869\"><a href=\"https:\/\/epacartagena.gov.co\/web\/ofertas-de-empleo\/\">Ofertas de empleo<\/a><\/li>\n<li class=\"page_item page-item-5880\"><a href=\"https:\/\/epacartagena.gov.co\/web\/participa\/\">Participa<\/a><\/li>\n<li class=\"page_item page-item-595\"><a href=\"https:\/\/epacartagena.gov.co\/web\/plan-de-silvicultura-urbana-de-cartagena\/\">Plan de Silvicultura Urbana de Cartagena<\/a><\/li>\n<li class=\"page_item page-item-7810\"><a href=\"https:\/\/epacartagena.gov.co\/web\/planes-de-accion\/\">Planes de Acci\u00f3n<\/a><\/li>\n<li class=\"page_item page-item-2953\"><a href=\"https:\/\/epacartagena.gov.co\/web\/planes-de-mejoramiento\/\">Planes de Mejoramiento<\/a><\/li>\n<li class=\"page_item page-item-11052\"><a href=\"https:\/\/epacartagena.gov.co\/web\/portfolio\/\">Porfolio<\/a><\/li>\n<li class=\"page_item page-item-4113\"><a href=\"https:\/\/epacartagena.gov.co\/web\/preguntas-frecuentes\/\">Preguntas frecuentes<\/a><\/li>\n<li class=\"page_item page-item-13493\"><a href=\"https:\/\/epacartagena.gov.co\/web\/caracol-africano\/\">Recomendaciones para el manejo adecuado del Caracol Africano<\/a><\/li>\n<li class=\"page_item page-item-1134\"><a href=\"https:\/\/epacartagena.gov.co\/web\/rendicion-de-cuentas\/\">RENDICI\u00d3N DE CUENTAS<\/a><\/li>\n<li class=\"page_item page-item-2944\"><a href=\"https:\/\/epacartagena.gov.co\/web\/reportes-de-derechos-de-autor\/\">Reportes de derechos de autor<\/a><\/li>\n<li class=\"page_item page-item-519 page_item_has_children\"><a href=\"https:\/\/epacartagena.gov.co\/web\/servicio-al-ciudadano\/\">Servicio al ciudadano<\/a>\n<ul class='children'>\n\t<li class=\"page_item page-item-650\"><a href=\"https:\/\/epacartagena.gov.co\/web\/servicio-al-ciudadano\/boletines-por-ano\/\">Autos y Resoluciones<\/a><\/li>\n\t<li class=\"page_item page-item-6324\"><a href=\"https:\/\/epacartagena.gov.co\/web\/servicio-al-ciudadano\/canales-de-atencion\/\">Canales de atenci\u00f3n<\/a><\/li>\n\t<li class=\"page_item page-item-582\"><a href=\"https:\/\/epacartagena.gov.co\/web\/servicio-al-ciudadano\/contrataciones\/\">Contrataciones<\/a><\/li>\n\t<li class=\"page_item page-item-1100\"><a href=\"https:\/\/epacartagena.gov.co\/web\/servicio-al-ciudadano\/estados-financieros\/\">Estados financieros<\/a><\/li>\n\t<li class=\"page_item page-item-13080\"><a href=\"https:\/\/epacartagena.gov.co\/web\/servicio-al-ciudadano\/informacion-sobre-decisiones-que-puede-afectar-al-publico\/\">Informaci\u00f3n sobre decisiones que puede afectar al p\u00fablico.<\/a><\/li>\n\t<li class=\"page_item page-item-1092\"><a href=\"https:\/\/epacartagena.gov.co\/web\/servicio-al-ciudadano\/informes\/\">Informes<\/a><\/li>\n\t<li class=\"page_item page-item-1096\"><a href=\"https:\/\/epacartagena.gov.co\/web\/servicio-al-ciudadano\/informes-de-gestion\/\">Informes de Gesti\u00f3n<\/a><\/li>\n\t<li class=\"page_item page-item-1226\"><a href=\"https:\/\/epacartagena.gov.co\/web\/servicio-al-ciudadano\/plan-anticorrupcion\/\">Plan Anticorrupci\u00f3n<\/a><\/li>\n\t<li class=\"page_item page-item-33718\"><a href=\"https:\/\/epacartagena.gov.co\/web\/servicio-al-ciudadano\/plan-de-ejecucion-y-monitoreo-del-programa-de-transparencia-y-etica-publica\/\">Plan de ejecuci\u00f3n y monitoreo del Programa de Transparencia y \u00c9tica P\u00fablica<\/a><\/li>\n\t<li class=\"page_item page-item-1104\"><a href=\"https:\/\/epacartagena.gov.co\/web\/servicio-al-ciudadano\/presupuestos\/\">Presupuestos<\/a><\/li>\n\t<li class=\"page_item page-item-606\"><a href=\"https:\/\/epacartagena.gov.co\/web\/servicio-al-ciudadano\/participacion-ciudadana\/\">Siga su correspondencia<\/a><\/li>\n\t<li class=\"page_item page-item-7600\"><a href=\"https:\/\/epacartagena.gov.co\/web\/servicio-al-ciudadano\/sistema-de-busquedas-de-normas\/\">Sistema de b\u00fasquedas de normas<\/a><\/li>\n\t<li class=\"page_item page-item-521 page_item_has_children\"><a href=\"https:\/\/epacartagena.gov.co\/web\/servicio-al-ciudadano\/tramites-y-servicios\/\">Tr\u00e1mites y servicios<\/a>\n\t<ul class='children'>\n\t\t<li class=\"page_item page-item-613\"><a href=\"https:\/\/epacartagena.gov.co\/web\/servicio-al-ciudadano\/tramites-y-servicios\/gestion-integral-de-los-residuos-de-construccion-y-demolicion\/\">Gesti\u00f3n integral de los residuos de construcci\u00f3n y demolici\u00f3n<\/a><\/li>\n\t\t<li class=\"page_item page-item-34016\"><a href=\"https:\/\/epacartagena.gov.co\/web\/servicio-al-ciudadano\/tramites-y-servicios\/inventario-nacional-de-pcb\/\">Inventario Nacional de PCB<\/a><\/li>\n\t\t<li class=\"page_item page-item-3751\"><a href=\"https:\/\/epacartagena.gov.co\/web\/servicio-al-ciudadano\/tramites-y-servicios\/envases-y-empaques\/\">Registro de empresas transformadoras de envases y empaques<\/a><\/li>\n\t\t<li class=\"page_item page-item-541\"><a href=\"https:\/\/epacartagena.gov.co\/web\/servicio-al-ciudadano\/tramites-y-servicios\/registro-de-generadores-y-gestores-de-aceites-de-cocina-usado-acu\/\">Registro de Generadores y Gestores de Aceites de Cocina Usado \u2013 ACU<\/a><\/li>\n\t\t<li class=\"page_item page-item-2706\"><a href=\"https:\/\/epacartagena.gov.co\/web\/servicio-al-ciudadano\/tramites-y-servicios\/llantas-usadas\/\">Registro de Gestores de Llantas Usadas<\/a><\/li>\n\t\t<li class=\"page_item page-item-551\"><a href=\"https:\/\/epacartagena.gov.co\/web\/servicio-al-ciudadano\/tramites-y-servicios\/rua\/\">RUA<\/a><\/li>\n\t<\/ul>\n<\/li>\n<\/ul>\n<\/li>\n<li class=\"page_item page-item-824\"><a href=\"https:\/\/epacartagena.gov.co\/web\/sistema-de-gestion-de-seguridad-y-salud-en-el-trabajo\/\">Sistema de Gesti\u00f3n de Seguridad y Salud en el Trabajo<\/a><\/li>\n<li class=\"page_item page-item-17602\"><a href=\"https:\/\/epacartagena.gov.co\/web\/tablas-de-retencion-documental\/\">Tablas de Retenci\u00f3n Documental<\/a><\/li>\n<li class=\"page_item page-item-3\"><a href=\"https:\/\/epacartagena.gov.co\/web\/politica-privacidad\/\">T\u00e9rminos y Condiciones de Uso<\/a><\/li>\n<li class=\"page_item page-item-665\"><a href=\"https:\/\/epacartagena.gov.co\/web\/transparencia-y-acceso-a-informacion-publica\/\">Transparencia<\/a><\/li>\n<li class=\"page_item page-item-840\"><a href=\"https:\/\/epacartagena.gov.co\/web\/verde-distrito-cartagena\/\">Verde Distrito Cartagena<\/a><\/li>\n<li class=\"page_item page-item-13007\"><a href=\"https:\/\/epacartagena.gov.co\/web\/videos\/\">Videos institucionales<\/a><\/li>\n<\/ul>\n<\/div>\n","protected":false},"excerpt":{"rendered":"","protected":false},"author":1,"featured_media":0,"parent":0,"menu_order":0,"comment_status":"closed","ping_status":"closed","template":"","meta":{"_acf_changed":false,"_kad_post_transparent":"","_kad_post_title":"","_kad_post_layout":"","_kad_post_sidebar_id":"","_kad_post_content_style":"","_kad_post_vertical_padding":"","_kad_post_feature":"","_kad_post_feature_position":"","_kad_post_header":false,"_kad_post_footer":false,"_kad_post_classname":"","_vp_format_video_url":"","_vp_image_focal_point":[],"footnotes":""},"class_list":["post-5365","page","type-page","status-publish","hentry"],"acf":[],"_links":{"self":[{"href":"https:\/\/epacartagena.gov.co\/web\/wp-json\/wp\/v2\/pages\/5365","targetHints":{"allow":["GET"]}}],"collection":[{"href":"https:\/\/epacartagena.gov.co\/web\/wp-json\/wp\/v2\/pages"}],"about":[{"href":"https:\/\/epacartagena.gov.co\/web\/wp-json\/wp\/v2\/types\/page"}],"author":[{"embeddable":true,"href":"https:\/\/epacartagena.gov.co\/web\/wp-json\/wp\/v2\/users\/1"}],"replies":[{"embeddable":true,"href":"https:\/\/epacartagena.gov.co\/web\/wp-json\/wp\/v2\/comments?post=5365"}],"version-history":[{"count":1,"href":"https:\/\/epacartagena.gov.co\/web\/wp-json\/wp\/v2\/pages\/5365\/revisions"}],"predecessor-version":[{"id":5366,"href":"https:\/\/epacartagena.gov.co\/web\/wp-json\/wp\/v2\/pages\/5365\/revisions\/5366"}],"wp:attachment":[{"href":"https:\/\/epacartagena.gov.co\/web\/wp-json\/wp\/v2\/media?parent=5365"}],"curies":[{"name":"wp","href":"https:\/\/api.w.org\/{rel}","templated":true}]}}