{"id":541,"date":"2020-12-23T00:07:09","date_gmt":"2020-12-23T00:07:09","guid":{"rendered":"http:\/\/epacartagena.gov.co\/web\/?page_id=541"},"modified":"2025-09-08T13:40:43","modified_gmt":"2025-09-08T18:40:43","slug":"registro-de-generadores-y-gestores-de-aceites-de-cocina-usado-acu","status":"publish","type":"page","link":"https:\/\/epacartagena.gov.co\/web\/servicio-al-ciudadano\/tramites-y-servicios\/registro-de-generadores-y-gestores-de-aceites-de-cocina-usado-acu\/","title":{"rendered":"Registro de Generadores y Gestores de Aceites de Cocina Usado \u2013 ACU"},"content":{"rendered":"\n<p>Mediante la resoluci\u00f3n&nbsp; 0316 del 01 de Marzo de 2018&nbsp;el Ministerio de Ambiente y Desarrollo Sostenible establece las disposiciones para la adecuada gesti\u00f3n de los Aceites de Cocina Usados \u2013 ACU y aplica a los productores, distribuidores y comercializadores de aceites vegetales comestibles, generadores (industriales, comerciales y servicios) y gestores de ACU.<\/p>\n\n\n\n<p>Toda persona industrial, comercial y de servicios que genere ACU y toda persona que sea gestor de ACU en el marco de lo establecido en la resolucion 0316 de Marzo de 2018 deber\u00e1n inscribirse ante la Autoridad Ambiental competente en el \u00e1rea donde se realizar\u00e1 la activida de generaci\u00f3n, recolecci\u00f3n, tratamiento y\/o aprovechamiento de ACU.<\/p>\n\n\n\n<h2 class=\"wp-block-heading\">&nbsp;Objetivos:<\/h2>\n\n\n\n<p>El proceso de inscripci\u00f3n debe atender al cumplimiento de los siguientes objetivos:<\/p>\n\n\n\n<p><strong>a) <\/strong>permitir la consolidaci\u00f3n de informaci\u00f3n reportada por cada uno de los inscritos, a saber: generadores industriales, comerciales, de servicios y gestores de ACU.<\/p>\n\n\n\n<p><strong>b) <\/strong>facilitar el reporte de informaci\u00f3n para el seguimiento de las actividades que desarrollan generadores industriales, comerciales, de servicios y gestores ACU.<\/p>\n\n\n\n<p><strong>c) <\/strong>servir de base para que la Autoridad Ambiental competente ejerza el control y verificaci\u00f3n de cumplimiento de las obligaciones estipuladas en la presente resoluci\u00f3n para los generadores industriales, comerciales, de servicios y gestores de ACU.<\/p>\n\n\n\n<h3 class=\"wp-block-heading\" id=\"registro\"><strong>Como Realizar el Registro:<\/strong><\/h3>\n\n\n\n<p><a href=\"https:\/\/forms.office.com\/r\/p13FaevnXD\">Clic aqu\u00ed para realizar la inscripci\u00f3n para generadores de Aceites de Cocina usado<\/a><\/p>\n\n\n\n<p><a href=\"https:\/\/forms.office.com\/r\/cfcFXkhXVP\">Clic aqu\u00ed para realizar la inscripci\u00f3n para gestores de Aceites de Cocina usado<\/a><\/p>\n\n\n\n<p><a href=\"https:\/\/epacartagena.gov.co\/web\/file-pdf\/servicios\/acu\/Resolucio%CC%81n-316-de-2018-.pdf\" data-type=\"URL\" target=\"_blank\" rel=\"noreferrer noopener\">Descargar resoluci\u00f3n 0316 del 01 de Marzo de 2018 del Ministerio de Ambiente y Desarrollo Sostenible<\/a><\/p>\n\n\n\n<p><a href=\"https:\/\/epacartagena.gov.co\/web\/wp-content\/uploads\/2024\/11\/Reporte-Anual-ACU-Generadores-EPA-Cartagena.xlsx\" target=\"_blank\" rel=\"noreferrer noopener\">Formato para el Reporte Anual ACU Generadores<\/a><\/p>\n\n\n\n<p><a href=\"https:\/\/epacartagena.gov.co\/web\/wp-content\/uploads\/2024\/11\/Reporte-Anual-ACU-Gestores-EPA-Cartagena.xlsx\" target=\"_blank\" rel=\"noreferrer noopener\">Formato para el Reporte anual ACU Gestores<\/a><\/p>\n\n\n\n<p><\/p>\n","protected":false},"excerpt":{"rendered":"<p>Mediante la resoluci\u00f3n&nbsp; 0316 del 01 de Marzo de 2018&nbsp;el Ministerio de Ambiente y Desarrollo Sostenible establece las disposiciones para la adecuada gesti\u00f3n de los Aceites de Cocina Usados \u2013 ACU y aplica a los productores, distribuidores y comercializadores de aceites vegetales comestibles, generadores (industriales, comerciales y servicios) y gestores de ACU. Toda persona industrial,&#8230;<\/p>\n","protected":false},"author":1,"featured_media":26466,"parent":521,"menu_order":0,"comment_status":"closed","ping_status":"closed","template":"","meta":{"_acf_changed":false,"_kad_post_transparent":"","_kad_post_title":"","_kad_post_layout":"","_kad_post_sidebar_id":"","_kad_post_content_style":"","_kad_post_vertical_padding":"default","_kad_post_feature":"show","_kad_post_feature_position":"behind","_kad_post_header":false,"_kad_post_footer":false,"_kad_post_classname":"","_vp_format_video_url":"","_vp_image_focal_point":[],"footnotes":""},"class_list":["post-541","page","type-page","status-publish","has-post-thumbnail","hentry"],"acf":[],"_links":{"self":[{"href":"https:\/\/epacartagena.gov.co\/web\/wp-json\/wp\/v2\/pages\/541","targetHints":{"allow":["GET"]}}],"collection":[{"href":"https:\/\/epacartagena.gov.co\/web\/wp-json\/wp\/v2\/pages"}],"about":[{"href":"https:\/\/epacartagena.gov.co\/web\/wp-json\/wp\/v2\/types\/page"}],"author":[{"embeddable":true,"href":"https:\/\/epacartagena.gov.co\/web\/wp-json\/wp\/v2\/users\/1"}],"replies":[{"embeddable":true,"href":"https:\/\/epacartagena.gov.co\/web\/wp-json\/wp\/v2\/comments?post=541"}],"version-history":[{"count":12,"href":"https:\/\/epacartagena.gov.co\/web\/wp-json\/wp\/v2\/pages\/541\/revisions"}],"predecessor-version":[{"id":30256,"href":"https:\/\/epacartagena.gov.co\/web\/wp-json\/wp\/v2\/pages\/541\/revisions\/30256"}],"up":[{"embeddable":true,"href":"https:\/\/epacartagena.gov.co\/web\/wp-json\/wp\/v2\/pages\/521"}],"wp:featuredmedia":[{"embeddable":true,"href":"https:\/\/epacartagena.gov.co\/web\/wp-json\/wp\/v2\/media\/26466"}],"wp:attachment":[{"href":"https:\/\/epacartagena.gov.co\/web\/wp-json\/wp\/v2\/media?parent=541"}],"curies":[{"name":"wp","href":"https:\/\/api.w.org\/{rel}","templated":true}]}}