{"id":551,"date":"2020-12-23T00:19:53","date_gmt":"2020-12-23T00:19:53","guid":{"rendered":"http:\/\/epacartagena.gov.co\/web\/?page_id=551"},"modified":"2026-03-17T16:35:41","modified_gmt":"2026-03-17T21:35:41","slug":"rua","status":"publish","type":"page","link":"https:\/\/epacartagena.gov.co\/web\/servicio-al-ciudadano\/tramites-y-servicios\/rua\/","title":{"rendered":"RUA"},"content":{"rendered":"<style>.kb-row-layout-wrap.wp-block-kadence-rowlayout.kb-row-layout-id551_aa7f41-c2{margin-bottom:var(--global-kb-spacing-md, 2rem);}.kb-row-layout-id551_aa7f41-c2 > .kt-row-column-wrap{align-content:start;}:where(.kb-row-layout-id551_aa7f41-c2 > .kt-row-column-wrap) > .wp-block-kadence-column{justify-content:start;}.kb-row-layout-id551_aa7f41-c2 > .kt-row-column-wrap{column-gap:var(--global-kb-gap-md, 2rem);row-gap:var(--global-kb-gap-md, 2rem);max-width:var( --global-content-width, 1290px );padding-left:var(--global-content-edge-padding);padding-right:var(--global-content-edge-padding);padding-top:var(--global-kb-spacing-sm, 1.5rem);padding-bottom:var(--global-kb-spacing-sm, 1.5rem);grid-template-columns:minmax(0, 1fr);}.kb-row-layout-id551_aa7f41-c2{background-color:#c32c42;}.kb-row-layout-id551_aa7f41-c2 > .kt-row-layout-overlay{opacity:0.30;}@media all and (min-width: 1025px){.kb-row-layout-id551_aa7f41-c2{display:none !important;}}@media all and (max-width: 1024px){.kb-row-layout-id551_aa7f41-c2 > .kt-row-column-wrap{grid-template-columns:minmax(0, 1fr);}}@media all and (min-width: 768px) and (max-width: 1024px){.kb-row-layout-id551_aa7f41-c2{display:none !important;}}@media all and (max-width: 767px){.kb-row-layout-id551_aa7f41-c2 > .kt-row-column-wrap{grid-template-columns:minmax(0, 1fr);}.kb-row-layout-id551_aa7f41-c2{display:none !important;}}<\/style><div class=\"kb-row-layout-wrap kb-row-layout-id551_aa7f41-c2 alignnone kb-v-lg-hidden kb-v-md-hidden kb-v-sm-hidden kt-row-has-bg wp-block-kadence-rowlayout\" id=\"rua\"><div class=\"kt-row-column-wrap kt-has-1-columns kt-row-layout-equal kt-tab-layout-inherit kt-mobile-layout-row kt-row-valign-top kb-theme-content-width\">\n<style>.kadence-column551_4dc861-98 > .kt-inside-inner-col{padding-top:var(--global-kb-spacing-lg, 3rem);padding-right:var(--global-kb-spacing-lg, 3rem);padding-bottom:var(--global-kb-spacing-lg, 3rem);padding-left:var(--global-kb-spacing-lg, 3rem);}.kadence-column551_4dc861-98 > .kt-inside-inner-col{border-top:0px solid #e20026;border-right:0px solid #e20026;border-bottom:0px solid #e20026;border-left:0px solid #e20026;}.kadence-column551_4dc861-98 > .kt-inside-inner-col,.kadence-column551_4dc861-98 > .kt-inside-inner-col:before{border-top-left-radius:2rem;border-top-right-radius:2rem;border-bottom-right-radius:2rem;border-bottom-left-radius:2rem;}.kadence-column551_4dc861-98 > .kt-inside-inner-col{column-gap:var(--global-kb-gap-sm, 1rem);}.kadence-column551_4dc861-98 > .kt-inside-inner-col{flex-direction:column;}.kadence-column551_4dc861-98 > .kt-inside-inner-col > .aligncenter{width:100%;}.kadence-column551_4dc861-98 > .kt-inside-inner-col{background-color:var(--global-palette9, #ffffff);}.kadence-column551_4dc861-98 > .kt-inside-inner-col:before{opacity:0.3;}.kadence-column551_4dc861-98{position:relative;}@media all and (max-width: 1024px){.kadence-column551_4dc861-98 > .kt-inside-inner-col{border-top:0px solid #e20026;border-right:0px solid #e20026;border-bottom:0px solid #e20026;border-left:0px solid #e20026;flex-direction:column;justify-content:center;}}@media all and (max-width: 767px){.kadence-column551_4dc861-98 > .kt-inside-inner-col{padding-top:var(--global-kb-spacing-sm, 1.5rem);padding-right:var(--global-kb-spacing-sm, 1.5rem);padding-bottom:var(--global-kb-spacing-sm, 1.5rem);padding-left:var(--global-kb-spacing-sm, 1.5rem);border-top:0px solid #e20026;border-right:0px solid #e20026;border-bottom:0px solid #e20026;border-left:0px solid #e20026;flex-direction:column;justify-content:center;}}<\/style>\n<div class=\"wp-block-kadence-column kadence-column551_4dc861-98\"><div class=\"kt-inside-inner-col\"><style>.wp-block-kadence-advancedheading.kt-adv-heading551_ae386d-2e, .wp-block-kadence-advancedheading.kt-adv-heading551_ae386d-2e[data-kb-block=\"kb-adv-heading551_ae386d-2e\"]{font-size:var(--global-kb-font-size-lg, 2rem);font-style:normal;}.wp-block-kadence-advancedheading.kt-adv-heading551_ae386d-2e mark.kt-highlight, .wp-block-kadence-advancedheading.kt-adv-heading551_ae386d-2e[data-kb-block=\"kb-adv-heading551_ae386d-2e\"] mark.kt-highlight{font-style:normal;color:#f76a0c;-webkit-box-decoration-break:clone;box-decoration-break:clone;padding-top:0px;padding-right:0px;padding-bottom:0px;padding-left:0px;}.wp-block-kadence-advancedheading.kt-adv-heading551_ae386d-2e img.kb-inline-image, .wp-block-kadence-advancedheading.kt-adv-heading551_ae386d-2e[data-kb-block=\"kb-adv-heading551_ae386d-2e\"] img.kb-inline-image{width:150px;vertical-align:baseline;}<\/style>\n<h3 class=\"kt-adv-heading551_ae386d-2e wp-block-kadence-advancedheading\" data-kb-block=\"kb-adv-heading551_ae386d-2e\">\ud83d\udce2 Atenci\u00f3n establecimientos del sector no manufacturero, deben inscribirse en el Registro \u00danico Ambiental (RUA).<\/h3>\n\n\n\n<p>Acorde al art\u00edculo 7 de la Resoluci\u00f3n 0839 de 2023: El Registro \u00danico Ambiental (RUA), deber\u00e1 ser diligenciado y actualizado por las personas naturales y jur\u00eddicas que, de acuerdo con la normativa ambiental vigente, requieran de licencia ambiental, plan de manejo ambiental, permisos, concesiones dem\u00e1s autorizaciones ambientales para el uso y\/o aprovechamiento de los recursos naturales renovables, as\u00ed como los generadores obligados a reportar en el Registro de generadores de residuos peligrosos.<\/p>\n\n\n<style>.wp-block-kadence-advancedheading.kt-adv-heading551_9d68b0-a4, .wp-block-kadence-advancedheading.kt-adv-heading551_9d68b0-a4[data-kb-block=\"kb-adv-heading551_9d68b0-a4\"]{font-size:17px;font-style:normal;}.wp-block-kadence-advancedheading.kt-adv-heading551_9d68b0-a4 mark.kt-highlight, .wp-block-kadence-advancedheading.kt-adv-heading551_9d68b0-a4[data-kb-block=\"kb-adv-heading551_9d68b0-a4\"] mark.kt-highlight{font-style:normal;color:#f76a0c;-webkit-box-decoration-break:clone;box-decoration-break:clone;padding-top:0px;padding-right:0px;padding-bottom:0px;padding-left:0px;}.wp-block-kadence-advancedheading.kt-adv-heading551_9d68b0-a4 img.kb-inline-image, .wp-block-kadence-advancedheading.kt-adv-heading551_9d68b0-a4[data-kb-block=\"kb-adv-heading551_9d68b0-a4\"] img.kb-inline-image{width:150px;vertical-align:baseline;}<\/style>\n<h3 class=\"kt-adv-heading551_9d68b0-a4 wp-block-kadence-advancedheading has-theme-palette-4-color has-text-color\" data-kb-block=\"kb-adv-heading551_9d68b0-a4\">\ud83d\udcc5 <strong>Cronograma de inscripci\u00f3n seg\u00fan el \u00faltimo d\u00edgito del NIT<\/strong> (Sin incluir el d\u00edgito de verificaci\u00f3n):<\/h3>\n\n\n\n<figure class=\"wp-block-table\"><table class=\"has-theme-palette-7-background-color has-background has-fixed-layout\"><thead><tr><th><strong>\u00daltimo d\u00edgito del NIT<\/strong><\/th><th><strong>Fechas para radicar la solicitud<\/strong><\/th><\/tr><\/thead><tbody><tr><td><strong>0 al 4<\/strong><\/td><td>Del <strong>1 de junio<\/strong> al <strong>31 de agosto<\/strong> de <strong>2025<\/strong><\/td><\/tr><tr><td><strong>5 al 9<\/strong><\/td><td>Del <strong>1 de septiembre<\/strong> al <strong>30 de noviembre<\/strong> de <strong>2025<\/strong><\/td><\/tr><\/tbody><\/table><\/figure>\n\n\n\n<p><\/p>\n\n\n<style>.wp-block-kadence-advancedheading.kt-adv-heading551_b5a4ea-80, .wp-block-kadence-advancedheading.kt-adv-heading551_b5a4ea-80[data-kb-block=\"kb-adv-heading551_b5a4ea-80\"]{font-style:normal;}.wp-block-kadence-advancedheading.kt-adv-heading551_b5a4ea-80 mark.kt-highlight, .wp-block-kadence-advancedheading.kt-adv-heading551_b5a4ea-80[data-kb-block=\"kb-adv-heading551_b5a4ea-80\"] mark.kt-highlight{font-style:normal;color:#f76a0c;-webkit-box-decoration-break:clone;box-decoration-break:clone;padding-top:0px;padding-right:0px;padding-bottom:0px;padding-left:0px;}.wp-block-kadence-advancedheading.kt-adv-heading551_b5a4ea-80 img.kb-inline-image, .wp-block-kadence-advancedheading.kt-adv-heading551_b5a4ea-80[data-kb-block=\"kb-adv-heading551_b5a4ea-80\"] img.kb-inline-image{width:150px;vertical-align:baseline;}<\/style>\n<h3 class=\"kt-adv-heading551_b5a4ea-80 wp-block-kadence-advancedheading has-theme-palette-4-color has-text-color\" data-kb-block=\"kb-adv-heading551_b5a4ea-80\">\ud83d\udcbb <strong>\u00bfA\u00fan no se ha inscrito?<\/strong><br><\/h3>\n\n\n\n<p class=\"has-medium-font-size\">Haga clic en el siguiente enlace y seleccione la opci\u00f3n <strong>\u201cInscripci\u00f3n en l\u00ednea\u201d<\/strong>:<br>\ud83d\udc49 <a class=\"\" href=\"https:\/\/rua.ideam.gov.co\/rua\/login.jsf\">https:\/\/rua.ideam.gov.co\/rua\/login.jsf<\/a><\/p>\n<\/div><\/div>\n\n<\/div><\/div>\n\n\n<h2 class=\"wp-block-heading\">Informaci\u00f3n sobre RUA<\/h2>\n\n\n\n<h3 class=\"wp-block-heading\"><strong>Normatividad<\/strong><\/h3>\n\n\n\n<ul class=\"wp-block-list\">\n<li><a href=\"https:\/\/www.minambiente.gov.co\/wp-content\/uploads\/2023\/10\/RES.-0839-DE-2023.pdf\">Descargar Resoluci\u00f3n 839 de 2023<\/a><\/li>\n\n\n\n<li><a rel=\"noreferrer noopener\" href=\"https:\/\/epacartagena.gov.co\/web\/wp-content\/uploads\/2020\/12\/Res1362de2007-.pdf\" target=\"_blank\">Descargar Resoluci\u00f3n 1362 del 2 de Agosto de 2007<\/a><\/li>\n\n\n\n<li><a href=\"https:\/\/epacartagena.gov.co\/web\/file-pdf\/servicios\/respel\/Resolucion_0658_2019.pdf\" data-type=\"URL\" data-id=\"https:\/\/epacartagena.gov.co\/web\/file-pdf\/servicios\/respel\/Resolucion_0658_2019.pdf\" target=\"_blank\" rel=\"noreferrer noopener\">Descargar Decreto 4741 del 30 de Diciembre de 2005<\/a><\/li>\n<\/ul>\n\n\n\n<h3 class=\"wp-block-heading\"><strong>Aplicativo en Linea<\/strong><\/h3>\n\n\n\n<ul class=\"wp-block-list\">\n<li><a href=\"https:\/\/rua.ideam.gov.co\/rua\/login.jsf\">Inscripcion en linea de los establecimientos en RUA(IDEAM)<\/a><\/li>\n\n\n\n<li><a href=\"http:\/\/archivo.ideam.gov.co\/documents\/51310\/126919692\/Instructivo+inscripci%C3%B3n+en+linea+Establecimientos+_publicaci%C3%B3n.pdf\">Manual de Inscripci\u00f3n RUA por parte de establecimientos<\/a><\/li>\n\n\n\n<li><a href=\"https:\/\/www.ideam.gov.co\/sites\/default\/files\/prensa\/publicaciones\/manual_diligenciamiento_rua_v2.pdf\">Manual para el diligenciamiento de la informaci\u00f3n en el registro \u00fanico ambiental \u2013 RUA por parte de los establecimientos<\/a><\/li>\n<\/ul>\n\n\n\n<h3 class=\"wp-block-heading\"><strong>Infograf\u00eda<\/strong><\/h3>\n\n\n\n<ul class=\"wp-block-list\">\n<li><a href=\"https:\/\/epacartagena.gov.co\/web\/wp-content\/uploads\/2022\/12\/Infografia-RUA-PB-2020.pdf\" data-type=\"URL\" data-id=\"https:\/\/epacartagena.gov.co\/web\/wp-content\/uploads\/2022\/12\/Infografia-RUA-PB-2020.pdf\" target=\"_blank\" rel=\"noreferrer noopener\">RUA \u2013 EPA Cartagena 2020<\/a><\/li>\n<\/ul>\n","protected":false},"excerpt":{"rendered":"<p>\ud83d\udce2 Atenci\u00f3n establecimientos del sector no manufacturero, deben inscribirse en el Registro \u00danico Ambiental (RUA). Acorde al art\u00edculo 7 de la Resoluci\u00f3n 0839 de 2023: El Registro \u00danico Ambiental (RUA), deber\u00e1 ser diligenciado y actualizado por las personas naturales y jur\u00eddicas que, de acuerdo con la normativa ambiental vigente, requieran de licencia ambiental, plan de&#8230;<\/p>\n","protected":false},"author":1,"featured_media":26548,"parent":521,"menu_order":0,"comment_status":"closed","ping_status":"closed","template":"","meta":{"_acf_changed":false,"_kad_post_transparent":"","_kad_post_title":"","_kad_post_layout":"","_kad_post_sidebar_id":"","_kad_post_content_style":"","_kad_post_vertical_padding":"default","_kad_post_feature":"show","_kad_post_feature_position":"behind","_kad_post_header":false,"_kad_post_footer":false,"_kad_post_classname":"","_vp_format_video_url":"","_vp_image_focal_point":[],"footnotes":""},"class_list":["post-551","page","type-page","status-publish","has-post-thumbnail","hentry"],"acf":[],"_links":{"self":[{"href":"https:\/\/epacartagena.gov.co\/web\/wp-json\/wp\/v2\/pages\/551","targetHints":{"allow":["GET"]}}],"collection":[{"href":"https:\/\/epacartagena.gov.co\/web\/wp-json\/wp\/v2\/pages"}],"about":[{"href":"https:\/\/epacartagena.gov.co\/web\/wp-json\/wp\/v2\/types\/page"}],"author":[{"embeddable":true,"href":"https:\/\/epacartagena.gov.co\/web\/wp-json\/wp\/v2\/users\/1"}],"replies":[{"embeddable":true,"href":"https:\/\/epacartagena.gov.co\/web\/wp-json\/wp\/v2\/comments?post=551"}],"version-history":[{"count":56,"href":"https:\/\/epacartagena.gov.co\/web\/wp-json\/wp\/v2\/pages\/551\/revisions"}],"predecessor-version":[{"id":34515,"href":"https:\/\/epacartagena.gov.co\/web\/wp-json\/wp\/v2\/pages\/551\/revisions\/34515"}],"up":[{"embeddable":true,"href":"https:\/\/epacartagena.gov.co\/web\/wp-json\/wp\/v2\/pages\/521"}],"wp:featuredmedia":[{"embeddable":true,"href":"https:\/\/epacartagena.gov.co\/web\/wp-json\/wp\/v2\/media\/26548"}],"wp:attachment":[{"href":"https:\/\/epacartagena.gov.co\/web\/wp-json\/wp\/v2\/media?parent=551"}],"curies":[{"name":"wp","href":"https:\/\/api.w.org\/{rel}","templated":true}]}}