{"id":5869,"date":"2021-12-29T18:01:22","date_gmt":"2021-12-29T23:01:22","guid":{"rendered":"https:\/\/epacartagena.gov.co\/web\/?page_id=5869"},"modified":"2025-06-29T16:57:54","modified_gmt":"2025-06-29T21:57:54","slug":"ofertas-de-empleo","status":"publish","type":"page","link":"https:\/\/epacartagena.gov.co\/web\/ofertas-de-empleo\/","title":{"rendered":"Ofertas de empleo"},"content":{"rendered":"<style>.kb-row-layout-id5869_2c59bb-6d > .kt-row-column-wrap{align-content:start;}:where(.kb-row-layout-id5869_2c59bb-6d > .kt-row-column-wrap) > .wp-block-kadence-column{justify-content:start;}.kb-row-layout-id5869_2c59bb-6d > .kt-row-column-wrap{column-gap:var(--global-kb-gap-md, 2rem);row-gap:var(--global-kb-gap-md, 2rem);padding-top:var(--global-kb-spacing-md, 2rem);padding-right:var(--global-kb-spacing-sm, 1.5rem);padding-bottom:var(--global-kb-spacing-md, 2rem);padding-left:var(--global-kb-spacing-sm, 1.5rem);grid-template-columns:minmax(0, 1fr);}.kb-row-layout-id5869_2c59bb-6d > .kt-row-layout-overlay{opacity:0.30;}@media all and (max-width: 1024px){.kb-row-layout-id5869_2c59bb-6d > .kt-row-column-wrap{padding-right:var(--global-kb-spacing-xxs, 0.5rem);padding-left:var(--global-kb-spacing-xxs, 0.5rem);grid-template-columns:minmax(0, 1fr);}}@media all and (max-width: 767px){.kb-row-layout-id5869_2c59bb-6d > .kt-row-column-wrap{grid-template-columns:minmax(0, 1fr);}}<\/style><div class=\"kb-row-layout-wrap kb-row-layout-id5869_2c59bb-6d alignnone wp-block-kadence-rowlayout\"><div class=\"kt-row-column-wrap kt-has-1-columns kt-row-layout-equal kt-tab-layout-inherit kt-mobile-layout-row kt-row-valign-top\">\n<style>.kadence-column5869_9d741c-b5 > .kt-inside-inner-col,.kadence-column5869_9d741c-b5 > .kt-inside-inner-col:before{border-top-left-radius:0px;border-top-right-radius:0px;border-bottom-right-radius:0px;border-bottom-left-radius:0px;}.kadence-column5869_9d741c-b5 > .kt-inside-inner-col{column-gap:var(--global-kb-gap-sm, 1rem);}.kadence-column5869_9d741c-b5 > .kt-inside-inner-col{flex-direction:column;}.kadence-column5869_9d741c-b5 > .kt-inside-inner-col > .aligncenter{width:100%;}.kadence-column5869_9d741c-b5 > .kt-inside-inner-col:before{opacity:0.3;}.kadence-column5869_9d741c-b5{position:relative;}@media all and (max-width: 1024px){.kadence-column5869_9d741c-b5 > .kt-inside-inner-col{flex-direction:column;justify-content:center;}}@media all and (max-width: 767px){.kadence-column5869_9d741c-b5 > .kt-inside-inner-col{flex-direction:column;justify-content:center;}}<\/style>\n<div class=\"wp-block-kadence-column kadence-column5869_9d741c-b5\"><div class=\"kt-inside-inner-col\"><style>.kb-row-layout-id5869_d1b3a1-fb > .kt-row-column-wrap{align-content:start;}:where(.kb-row-layout-id5869_d1b3a1-fb > .kt-row-column-wrap) > .wp-block-kadence-column{justify-content:start;}.kb-row-layout-id5869_d1b3a1-fb > .kt-row-column-wrap{column-gap:var(--global-kb-gap-md, 2rem);row-gap:var(--global-kb-gap-sm, 1rem);grid-template-columns:minmax(0, 2fr) minmax(0, 1fr);}.kb-row-layout-id5869_d1b3a1-fb > .kt-row-layout-overlay{opacity:0.30;}@media all and (max-width: 1024px){.kb-row-layout-id5869_d1b3a1-fb > .kt-row-column-wrap{grid-template-columns:minmax(0, 1fr);}}@media all and (max-width: 767px){.kb-row-layout-id5869_d1b3a1-fb > .kt-row-column-wrap{grid-template-columns:minmax(0, 1fr);}}<\/style><div class=\"kb-row-layout-wrap kb-row-layout-id5869_d1b3a1-fb alignnone wp-block-kadence-rowlayout\"><div class=\"kt-row-column-wrap kt-has-2-columns kt-row-layout-left-golden kt-tab-layout-row kt-mobile-layout-row kt-row-valign-top kt-inner-column-height-full\">\n<style>.kadence-column5869_25d233-c1 > .kt-inside-inner-col{padding-top:0px;padding-right:0px;padding-bottom:0px;padding-left:0px;}.kadence-column5869_25d233-c1 > .kt-inside-inner-col,.kadence-column5869_25d233-c1 > .kt-inside-inner-col:before{border-top-left-radius:2rem;border-top-right-radius:2rem;border-bottom-right-radius:2rem;border-bottom-left-radius:2rem;}.kadence-column5869_25d233-c1 > .kt-inside-inner-col{column-gap:var(--global-kb-gap-sm, 1rem);}.kadence-column5869_25d233-c1 > .kt-inside-inner-col{flex-direction:column;}.kadence-column5869_25d233-c1 > .kt-inside-inner-col > .aligncenter{width:100%;}.kadence-column5869_25d233-c1 > .kt-inside-inner-col:before{opacity:0.3;}.kadence-column5869_25d233-c1{position:relative;}@media all and (max-width: 1024px){.kadence-column5869_25d233-c1 > .kt-inside-inner-col{flex-direction:column;justify-content:center;}}@media all and (max-width: 767px){.kadence-column5869_25d233-c1 > .kt-inside-inner-col{flex-direction:column;justify-content:center;}}@media (min-width: 601px) {  .kadence-column5869_25d233-c1 .wp-block-media-text {    grid-template-columns: 10% auto !important;  }}.kadence-column5869_25d233-c1 .wp-block-media-text {    background: transtaprent;    border-radius: 1rem;    padding: 0;    margin-bottom: .5rem;}.kadence-column5869_25d233-c1 .wp-block-media-text h2 , .kadence-column5869_25d233-c1 .wp-block-media-text h3, .kadence-column5869_25d233-c1 .wp-block-media-text h4{    font-size:28px;    color:var(--global-palette1);    margin: 0 0 .25rem 0;}.kadence-column5869_25d233-c1 .wp-block-media-text p {    margin-bottom:.25rem;}.kadence-column5869_25d233-c1 .wp-block-media-text p strong{    color: var(--global-palette4);} .kadence-column5869_25d233-c1 .wp-block-media-text p strong a{    color: var(--global-palette4);}.kadence-column5869_25d233-c1 .wp-block-media-text p a:hover{    color: var(--global-palette1);}.kadence-column5869_25d233-c1 .wp-block-media-text>.wp-block-media-text__content {    padding: 0 2%;}@media (max-width: 600px) {  .kadence-column5869_25d233-c1 .wp-block-media-text>.wp-block-media-text__content {      padding: 0 4%;  }}.wp-block-media-text>.wp-block-media-text__media {    background: var(--global-palette9);    border-radius: 50%;    border:solid 2px var(--global-palette1);}@media (max-width: 600px) {  .wp-block-media-text>.wp-block-media-text__media {      max-width: 100px;      margin-bottom:1rem;  }}.kadence-column5869_25d233-c1 ol li {    margin-bottom: 1rem;    padding-left: 0.5em;    margin-left: -0.5em;    }.kadence-column5869_25d233-c1 ol li::marker {  color: var(--global-palette2);  font-weight: 700;  font-size: 20px;}<\/style>\n<div class=\"wp-block-kadence-column kadence-column5869_25d233-c1\"><div class=\"kt-inside-inner-col\"><style>.kadence-column5869_f9c9bc-19 > .kt-inside-inner-col{padding-top:var(--global-kb-spacing-lg, 3rem);padding-right:var(--global-kb-spacing-xs, 1rem);padding-bottom:var(--global-kb-spacing-sm, 1.5rem);padding-left:var(--global-kb-spacing-xs, 1rem);}.kadence-column5869_f9c9bc-19 > .kt-inside-inner-col,.kadence-column5869_f9c9bc-19 > .kt-inside-inner-col:before{border-top-left-radius:2rem;border-top-right-radius:2rem;border-bottom-right-radius:2rem;border-bottom-left-radius:2rem;}.kadence-column5869_f9c9bc-19 > .kt-inside-inner-col{column-gap:var(--global-kb-gap-sm, 1rem);}.kadence-column5869_f9c9bc-19 > .kt-inside-inner-col{flex-direction:column;}.kadence-column5869_f9c9bc-19 > .kt-inside-inner-col > .aligncenter{width:100%;}.kadence-column5869_f9c9bc-19 > .kt-inside-inner-col{background-color:#ebf4e6;}.kadence-column5869_f9c9bc-19 > .kt-inside-inner-col:before{opacity:0.3;}.kadence-column5869_f9c9bc-19{position:relative;}.kadence-column5869_f9c9bc-19, .kt-inside-inner-col > .kadence-column5869_f9c9bc-19:not(.specificity){margin-bottom:var(--global-kb-spacing-xs, 1rem);}@media all and (max-width: 1024px){.kadence-column5869_f9c9bc-19 > .kt-inside-inner-col{flex-direction:column;justify-content:center;}}@media all and (max-width: 767px){.kadence-column5869_f9c9bc-19 > .kt-inside-inner-col{flex-direction:column;justify-content:center;}}<\/style>\n<div class=\"wp-block-kadence-column kadence-column5869_f9c9bc-19\"><div class=\"kt-inside-inner-col\"><style>.wp-block-kadence-advancedheading.kt-adv-heading5869_e17436-b8, .wp-block-kadence-advancedheading.kt-adv-heading5869_e17436-b8[data-kb-block=\"kb-adv-heading5869_e17436-b8\"]{padding-bottom:var(--global-kb-spacing-xs, 1rem);padding-left:var(--global-kb-spacing-xs, 1rem);margin-bottom:0px;font-size:27px;line-height:1.2;font-style:normal;color:#549911;}.wp-block-kadence-advancedheading.kt-adv-heading5869_e17436-b8 mark.kt-highlight, .wp-block-kadence-advancedheading.kt-adv-heading5869_e17436-b8[data-kb-block=\"kb-adv-heading5869_e17436-b8\"] mark.kt-highlight{font-style:normal;color:#f76a0c;-webkit-box-decoration-break:clone;box-decoration-break:clone;padding-top:0px;padding-right:0px;padding-bottom:0px;padding-left:0px;}.wp-block-kadence-advancedheading.kt-adv-heading5869_e17436-b8 img.kb-inline-image, .wp-block-kadence-advancedheading.kt-adv-heading5869_e17436-b8[data-kb-block=\"kb-adv-heading5869_e17436-b8\"] img.kb-inline-image{width:150px;vertical-align:baseline;}@media all and (max-width: 767px){.wp-block-kadence-advancedheading.kt-adv-heading5869_e17436-b8, .wp-block-kadence-advancedheading.kt-adv-heading5869_e17436-b8[data-kb-block=\"kb-adv-heading5869_e17436-b8\"]{font-size:22px;}}<\/style>\n<h1 class=\"kt-adv-heading5869_e17436-b8 wp-block-kadence-advancedheading\" data-kb-block=\"kb-adv-heading5869_e17436-b8\">Ofertas de empleo<\/h1>\n\n\n<style>.kadence-column5869_3e6b73-49 > .kt-inside-inner-col{padding-top:37px;padding-right:37px;padding-bottom:37px;padding-left:37px;}.kadence-column5869_3e6b73-49 > .kt-inside-inner-col,.kadence-column5869_3e6b73-49 > .kt-inside-inner-col:before{border-top-left-radius:24px;border-top-right-radius:24px;border-bottom-right-radius:24px;border-bottom-left-radius:24px;}.kadence-column5869_3e6b73-49 > .kt-inside-inner-col{column-gap:var(--global-kb-gap-sm, 1rem);}.kadence-column5869_3e6b73-49 > .kt-inside-inner-col{flex-direction:column;}.kadence-column5869_3e6b73-49 > .kt-inside-inner-col > .aligncenter{width:100%;}.kadence-column5869_3e6b73-49 > .kt-inside-inner-col{background-color:#ffffff;}.kadence-column5869_3e6b73-49 > .kt-inside-inner-col:before{opacity:0.3;}.kadence-column5869_3e6b73-49{position:relative;}@media all and (max-width: 1024px){.kadence-column5869_3e6b73-49 > .kt-inside-inner-col{flex-direction:column;justify-content:center;}}@media all and (max-width: 767px){.kadence-column5869_3e6b73-49 > .kt-inside-inner-col{flex-direction:column;justify-content:center;}}<\/style>\n<div class=\"wp-block-kadence-column kadence-column5869_3e6b73-49\"><div class=\"kt-inside-inner-col\">\n<p>En esta secci\u00f3n podr\u00e1s encontrar ofertas de empleo del EPA Cartagena. <\/p>\n<\/div><\/div>\n<\/div><\/div>\n\n\n<style>.kadence-column5869_2df9f5-c0 > .kt-inside-inner-col{padding-top:var(--global-kb-spacing-lg, 3rem);padding-right:var(--global-kb-spacing-xs, 1rem);padding-bottom:var(--global-kb-spacing-sm, 1.5rem);padding-left:var(--global-kb-spacing-xs, 1rem);}.kadence-column5869_2df9f5-c0 > .kt-inside-inner-col,.kadence-column5869_2df9f5-c0 > .kt-inside-inner-col:before{border-top-left-radius:2rem;border-top-right-radius:2rem;border-bottom-right-radius:2rem;border-bottom-left-radius:2rem;}.kadence-column5869_2df9f5-c0 > .kt-inside-inner-col{column-gap:var(--global-kb-gap-sm, 1rem);}.kadence-column5869_2df9f5-c0 > .kt-inside-inner-col{flex-direction:column;}.kadence-column5869_2df9f5-c0 > .kt-inside-inner-col > .aligncenter{width:100%;}.kadence-column5869_2df9f5-c0 > .kt-inside-inner-col{background-color:#ebf9fa;}.kadence-column5869_2df9f5-c0 > .kt-inside-inner-col:before{opacity:0.3;}.kadence-column5869_2df9f5-c0{position:relative;}.kadence-column5869_2df9f5-c0, .kt-inside-inner-col > .kadence-column5869_2df9f5-c0:not(.specificity){margin-bottom:var(--global-kb-spacing-xs, 1rem);}@media all and (max-width: 1024px){.kadence-column5869_2df9f5-c0 > .kt-inside-inner-col{flex-direction:column;justify-content:center;}}@media all and (max-width: 767px){.kadence-column5869_2df9f5-c0 > .kt-inside-inner-col{flex-direction:column;justify-content:center;}}<\/style>\n<div class=\"wp-block-kadence-column kadence-column5869_2df9f5-c0\"><div class=\"kt-inside-inner-col\"><style>.kadence-column5869_994f3c-3d > .kt-inside-inner-col{padding-top:37px;padding-right:37px;padding-bottom:37px;padding-left:37px;}.kadence-column5869_994f3c-3d > .kt-inside-inner-col,.kadence-column5869_994f3c-3d > .kt-inside-inner-col:before{border-top-left-radius:24px;border-top-right-radius:24px;border-bottom-right-radius:24px;border-bottom-left-radius:24px;}.kadence-column5869_994f3c-3d > .kt-inside-inner-col{column-gap:var(--global-kb-gap-sm, 1rem);}.kadence-column5869_994f3c-3d > .kt-inside-inner-col{flex-direction:column;}.kadence-column5869_994f3c-3d > .kt-inside-inner-col > .aligncenter{width:100%;}.kadence-column5869_994f3c-3d > .kt-inside-inner-col{background-color:#ffffff;}.kadence-column5869_994f3c-3d > .kt-inside-inner-col:before{opacity:0.3;}.kadence-column5869_994f3c-3d{position:relative;}@media all and (max-width: 1024px){.kadence-column5869_994f3c-3d > .kt-inside-inner-col{flex-direction:column;justify-content:center;}}@media all and (max-width: 767px){.kadence-column5869_994f3c-3d > .kt-inside-inner-col{flex-direction:column;justify-content:center;}}<\/style>\n<div class=\"wp-block-kadence-column kadence-column5869_994f3c-3d\"><div class=\"kt-inside-inner-col\">\n<div class=\"wp-block-group\"><div class=\"wp-block-group__inner-container is-layout-flow wp-block-group-is-layout-flow\">\n<h2 class=\"wp-block-heading has-theme-palette-2-color has-text-color has-link-color wp-elements-c778fd9af4fbce267361616621dee19c\">El Establecimiento P\u00fablico ambiental EPA Cartagena est\u00e1 contratando ingeniero ambiental para el dise\u00f1o e implementaci\u00f3n del PIGA<\/h2>\n\n\n\n<p>El Establecimiento P\u00fablico Ambiental de Cartagena invita a postularse para el cargo de Ingeniero Ambiental para el dise\u00f1o e implementaci\u00f3n del PIGA.&nbsp;<\/p>\n\n\n\n<p><strong>Requisitos<\/strong>:<\/p>\n\n\n\n<ul class=\"wp-block-list\">\n<li>Experiencia profesional de 1 a\u00f1o. <\/li>\n\n\n\n<li>Experiencia certificada en formulaci\u00f3n de proyectos o planes correctivos en la gesti\u00f3n ambiental. <\/li>\n\n\n\n<li>Remitir hoja de vida con soportes que acrediten los requisitos exigidos, junto con una propuesta de una (1) hoja de c\u00f3mo implementar\u00e1 su plan de trabajo focalizado a dise\u00f1o e implementaci\u00f3n del PIGA en el EPA Cartagena. <\/li>\n\n\n\n<li>Recepci\u00f3n de hoja de vida del 23 al 25 de junio de 2021 a trav\u00e9s del buz\u00f3n electr\u00f3nico: talentohumano@epacartagena.gov.co <\/li>\n<\/ul>\n\n\n\n<figure class=\"wp-block-image size-full is-resized has-custom-border\"><img loading=\"lazy\" decoding=\"async\" width=\"711\" height=\"440\" src=\"https:\/\/epacartagena.gov.co\/web\/wp-content\/uploads\/2021\/12\/Convocatoria-Externa-Ingeniero-Ambiental.png\" alt=\"\" class=\"wp-image-5887\" style=\"border-style:none;border-width:0px;border-radius:8px;width:436px;height:auto\" srcset=\"https:\/\/epacartagena.gov.co\/web\/wp-content\/uploads\/2021\/12\/Convocatoria-Externa-Ingeniero-Ambiental.png 711w, https:\/\/epacartagena.gov.co\/web\/wp-content\/uploads\/2021\/12\/Convocatoria-Externa-Ingeniero-Ambiental-300x186.png 300w\" sizes=\"auto, (max-width: 711px) 100vw, 711px\" \/><\/figure>\n<\/div><\/div>\n<\/div><\/div>\n<\/div><\/div>\n<\/div><\/div>\n\n\n<style>.kadence-column5869_0c1ad9-34 > .kt-inside-inner-col{display:flex;}.kadence-column5869_0c1ad9-34 > .kt-inside-inner-col{min-height:600px;}.kadence-column5869_0c1ad9-34 > .kt-inside-inner-col,.kadence-column5869_0c1ad9-34 > .kt-inside-inner-col:before{border-top-left-radius:2rem;border-top-right-radius:2rem;border-bottom-right-radius:2rem;border-bottom-left-radius:2rem;}.kadence-column5869_0c1ad9-34 > .kt-inside-inner-col{column-gap:var(--global-kb-gap-sm, 1rem);}.kadence-column5869_0c1ad9-34 > .kt-inside-inner-col{flex-direction:column;justify-content:flex-start;}.kadence-column5869_0c1ad9-34 > .kt-inside-inner-col > .aligncenter{width:100%;}.kt-row-column-wrap > .kadence-column5869_0c1ad9-34{align-self:flex-start;}.kt-inner-column-height-full:not(.kt-has-1-columns) > .wp-block-kadence-column.kadence-column5869_0c1ad9-34{align-self:auto;}.kt-inner-column-height-full:not(.kt-has-1-columns) > .wp-block-kadence-column.kadence-column5869_0c1ad9-34 > .kt-inside-inner-col{flex-direction:column;justify-content:flex-start;}.kadence-column5869_0c1ad9-34 > .kt-inside-inner-col:before{opacity:0.3;}.kadence-column5869_0c1ad9-34{position:relative;}@media all and (max-width: 1024px){.kt-row-column-wrap > .kadence-column5869_0c1ad9-34{align-self:flex-start;}}@media all and (max-width: 1024px){.kt-inner-column-height-full:not(.kt-has-1-columns) > .wp-block-kadence-column.kadence-column5869_0c1ad9-34{align-self:auto;}}@media all and (max-width: 1024px){.kt-inner-column-height-full:not(.kt-has-1-columns) > .wp-block-kadence-column.kadence-column5869_0c1ad9-34 > .kt-inside-inner-col{flex-direction:column;justify-content:flex-start;}}@media all and (max-width: 1024px){.kadence-column5869_0c1ad9-34 > .kt-inside-inner-col{flex-direction:column;justify-content:flex-start;}}@media all and (max-width: 767px){.kt-row-column-wrap > .kadence-column5869_0c1ad9-34{align-self:flex-start;}.kt-inner-column-height-full:not(.kt-has-1-columns) > .wp-block-kadence-column.kadence-column5869_0c1ad9-34{align-self:auto;}.kt-inner-column-height-full:not(.kt-has-1-columns) > .wp-block-kadence-column.kadence-column5869_0c1ad9-34 > .kt-inside-inner-col{flex-direction:column;justify-content:flex-start;}.kadence-column5869_0c1ad9-34 > .kt-inside-inner-col{flex-direction:column;justify-content:flex-start;}}<\/style>\n<div class=\"wp-block-kadence-column kadence-column5869_0c1ad9-34\"><div class=\"kt-inside-inner-col\">\n<figure class=\"wp-block-image size-full has-custom-border\"><img decoding=\"async\" src=\"https:\/\/epacartagena.gov.co\/web\/wp-content\/uploads\/2025\/06\/img-puente-roman-c-1-1.jpg\" alt=\"\" class=\"wp-image-27908\" style=\"border-style:none;border-width:0px;border-radius:32px;aspect-ratio:1;object-fit:cover\"\/><\/figure>\n<\/div><\/div>\n\n<\/div><\/div><\/div><\/div>\n\n<\/div><\/div>","protected":false},"excerpt":{"rendered":"<p>Ofertas de empleo En esta secci\u00f3n podr\u00e1s encontrar ofertas de empleo del EPA Cartagena. El Establecimiento P\u00fablico ambiental EPA Cartagena est\u00e1 contratando ingeniero ambiental para el dise\u00f1o e implementaci\u00f3n del PIGA El Establecimiento P\u00fablico Ambiental de Cartagena invita a postularse para el cargo de Ingeniero Ambiental para el dise\u00f1o e implementaci\u00f3n del PIGA.&nbsp; Requisitos:<\/p>\n","protected":false},"author":1,"featured_media":0,"parent":0,"menu_order":0,"comment_status":"closed","ping_status":"closed","template":"","meta":{"_acf_changed":false,"_kad_post_transparent":"","_kad_post_title":"","_kad_post_layout":"fullwidth","_kad_post_sidebar_id":"","_kad_post_content_style":"unboxed","_kad_post_vertical_padding":"hide","_kad_post_feature":"","_kad_post_feature_position":"","_kad_post_header":false,"_kad_post_footer":false,"_kad_post_classname":"","_vp_format_video_url":"","_vp_image_focal_point":[],"footnotes":""},"class_list":["post-5869","page","type-page","status-publish","hentry"],"acf":[],"_links":{"self":[{"href":"https:\/\/epacartagena.gov.co\/web\/wp-json\/wp\/v2\/pages\/5869","targetHints":{"allow":["GET"]}}],"collection":[{"href":"https:\/\/epacartagena.gov.co\/web\/wp-json\/wp\/v2\/pages"}],"about":[{"href":"https:\/\/epacartagena.gov.co\/web\/wp-json\/wp\/v2\/types\/page"}],"author":[{"embeddable":true,"href":"https:\/\/epacartagena.gov.co\/web\/wp-json\/wp\/v2\/users\/1"}],"replies":[{"embeddable":true,"href":"https:\/\/epacartagena.gov.co\/web\/wp-json\/wp\/v2\/comments?post=5869"}],"version-history":[{"count":6,"href":"https:\/\/epacartagena.gov.co\/web\/wp-json\/wp\/v2\/pages\/5869\/revisions"}],"predecessor-version":[{"id":28162,"href":"https:\/\/epacartagena.gov.co\/web\/wp-json\/wp\/v2\/pages\/5869\/revisions\/28162"}],"wp:attachment":[{"href":"https:\/\/epacartagena.gov.co\/web\/wp-json\/wp\/v2\/media?parent=5869"}],"curies":[{"name":"wp","href":"https:\/\/api.w.org\/{rel}","templated":true}]}}