{"id":613,"date":"2020-12-23T01:57:34","date_gmt":"2020-12-23T01:57:34","guid":{"rendered":"http:\/\/epacartagena.gov.co\/web\/?page_id=613"},"modified":"2026-02-24T14:22:33","modified_gmt":"2026-02-24T19:22:33","slug":"gestion-integral-de-los-residuos-de-construccion-y-demolicion","status":"publish","type":"page","link":"https:\/\/epacartagena.gov.co\/web\/servicio-al-ciudadano\/tramites-y-servicios\/gestion-integral-de-los-residuos-de-construccion-y-demolicion\/","title":{"rendered":"Gesti\u00f3n integral de los residuos de construcci\u00f3n y demolici\u00f3n"},"content":{"rendered":"\n<p><\/p>\n\n\n\n<p>El Establecimiento P\u00fablico Ambiental, EPA Cartagena, informa a los generadores, transportadores y receptores de RCD que habilit\u00f3 una secci\u00f3n para dar a conocer todas las disposiciones normativas vigentes con respecto al manejo, aprovechamiento, transporte y disposici\u00f3n final de los residuos de construcci\u00f3n y demolici\u00f3n.<\/p>\n\n\n\n<h2 class=\"wp-block-heading\"><strong>Normatividad<\/strong><\/h2>\n\n\n\n<p><a href=\"https:\/\/epacartagena.gov.co\/web\/wp-content\/uploads\/2024\/11\/Resolucion-1257-de-2021.pdf\" data-type=\"URL\" data-id=\"https:\/\/epacartagena.gov.co\/web\/file-pdf\/servicios\/rcd\/Resolucion_0472_2017.pdf\" target=\"_blank\" rel=\"noreferrer noopener\">Descargar Resoluci\u00f3n 1257 del 23 de Noviembre de 2021<\/a><\/p>\n\n\n\n<p><a href=\"https:\/\/epacartagena.gov.co\/web\/file-pdf\/servicios\/rcd\/Resolucion_0472_2017.pdf\" data-type=\"URL\" data-id=\"https:\/\/epacartagena.gov.co\/web\/file-pdf\/servicios\/rcd\/Resolucion_0472_2017.pdf\" target=\"_blank\" rel=\"noreferrer noopener\">Descargar Resoluci\u00f3n 0472 del <\/a><a rel=\"noreferrer noopener\" href=\"https:\/\/epacartagena.gov.co\/web\/file-pdf\/servicios\/rcd\/Resolucion_0472_2017.pdf\" data-type=\"URL\" data-id=\"https:\/\/epacartagena.gov.co\/web\/file-pdf\/servicios\/rcd\/Resolucion_0472_2017.pdf\" target=\"_blank\">28 de Febrero de 2017<\/a><\/p>\n\n\n\n<p><a href=\"https:\/\/epacartagena.gov.co\/web\/file-pdf\/servicios\/rcd\/Resolucion_0658_2019.pdf\" target=\"_blank\" rel=\"noreferrer noopener\">Descargar Resoluci\u00f3n 0658 del 10 de Diciembre de 2019<\/a><\/p>\n\n\n\n<p><a href=\"https:\/\/epacartagena.gov.co\/web\/wp-content\/uploads\/2020\/12\/Resolucion_0112_2020.pdf\" target=\"_blank\" rel=\"noreferrer noopener\">Descargar Resoluci\u00f3n 0112 del 26 de Mayo de 2020<\/a><\/p>\n\n\n\n<h2 class=\"wp-block-heading\"><strong>Formatos<\/strong><\/h2>\n\n\n\n<p><a href=\"https:\/\/epacartagena.gov.co\/web\/wp-content\/uploads\/2026\/02\/FORMATO-PIN-RCD-GENERADOR-ACTUALIZADO.pdf\">Formato Solicitud PIN GENERADOR<\/a><\/p>\n\n\n\n<p><a href=\"https:\/\/epacartagena.gov.co\/web\/wp-content\/uploads\/2026\/02\/FORMATO-PIN-RCD-TRANSPORTADOR-ACTUALIZADO.pdf\">Formato Solicitud PIN TRANSPORTADOR<\/a><\/p>\n\n\n\n<p><a href=\"https:\/\/epacartagena.gov.co\/web\/wp-content\/uploads\/2025\/01\/FORMATO-PIN-RCD-RECEPTOR-2025-01-13.pdf\">Formato Solicitud PIN RECEPTOR<\/a><\/p>\n\n\n\n<p><a href=\"https:\/\/epacartagena.gov.co\/web\/wp-content\/uploads\/2021\/05\/FORMATO-PARA-REPORTE-GESTORES-DE-RCD.xlsx\" target=\"_blank\" rel=\"noreferrer noopener\">Formato para reporte GESTORES DE RCD<\/a><\/p>\n\n\n\n<p><a href=\"https:\/\/epacartagena.gov.co\/web\/wp-content\/uploads\/2020\/12\/FORMATO-IMPLEMENTACION-PMA-RCD.xlsx\" target=\"_blank\" rel=\"noreferrer noopener\">Formato para la implementaci\u00f3n del PMA-RCD<\/a><\/p>\n\n\n\n<p><a rel=\"noreferrer noopener\" href=\"https:\/\/epacartagena.gov.co\/web\/wp-content\/uploads\/2021\/03\/Orientaciones-para-la-presentacion-de-los-informes-ambientales-de-proyecto-con-PMA-RCD-adoptados.pdf\" target=\"_blank\">Descargar Orientaciones para la presentaci\u00f3n de los informes ambientales de proyectos con PMA-RCD adoptados<\/a><\/p>\n\n\n\n<div style=\"height:28px\" aria-hidden=\"true\" class=\"wp-block-spacer\"><\/div>\n\n\n\n<p>Para realizar la solicitud nueva o renovaci\u00f3n de un PIN Generador, Transportador o Receptor debe seguir los siguientes pasos:<\/p>\n\n\n\n<ol style=\"list-style-type:1\" class=\"wp-block-list\">\n<li>Diligenciar el formato de PIN correspondiente.<\/li>\n\n\n\n<li>Realizar el pago del mismo mediante una consignaci\u00f3n bancaria (los datos se encuentran en el formato) o mediante el bot\u00f3n de PSE de la p\u00e1gina web de EPA-Cartagena.<\/li>\n\n\n\n<li>Adjuntar la documentaci\u00f3n solicitada en el Formato PIN correspondiente.<\/li>\n\n\n\n<li>Enviar todos los soportes al correo atencionalciudadano@epacartagena.gov.co y esperar vuelta correo electr\u00f3nico el radicado de su solicitud.<\/li>\n\n\n\n<li>Al finalizar el tr\u00e1mite en la entidad el PIN le ser\u00e1 enviado a su correo electr\u00f3nico.<\/li>\n<\/ol>\n\n\n\n<p><strong>Seleccione un actor y haga clic para conocer los PIN que se encuentran vigentes:<\/strong><\/p>\n\n\n\n<div class=\"wp-block-columns is-layout-flex wp-container-core-columns-is-layout-9d6595d7 wp-block-columns-is-layout-flex\">\n<div class=\"wp-block-column is-layout-flow wp-block-column-is-layout-flow\">\n<figure class=\"wp-block-image size-large\"><a href=\"https:\/\/gestionrcd.epacartagena.gov.co\/consulta\" target=\"_blank\" rel=\"noopener\"><img loading=\"lazy\" decoding=\"async\" width=\"1024\" height=\"791\" src=\"https:\/\/epacartagena.gov.co\/web\/wp-content\/uploads\/2020\/12\/generador.jpg\" alt=\"\" class=\"wp-image-621\" srcset=\"https:\/\/epacartagena.gov.co\/web\/wp-content\/uploads\/2020\/12\/generador.jpg 1024w, https:\/\/epacartagena.gov.co\/web\/wp-content\/uploads\/2020\/12\/generador-300x232.jpg 300w, https:\/\/epacartagena.gov.co\/web\/wp-content\/uploads\/2020\/12\/generador-768x593.jpg 768w, https:\/\/epacartagena.gov.co\/web\/wp-content\/uploads\/2020\/12\/generador-500x386.jpg 500w, https:\/\/epacartagena.gov.co\/web\/wp-content\/uploads\/2020\/12\/generador-800x618.jpg 800w\" sizes=\"auto, (max-width: 1024px) 100vw, 1024px\" \/><\/a><\/figure>\n<\/div>\n\n\n\n<div class=\"wp-block-column is-layout-flow wp-block-column-is-layout-flow\">\n<figure class=\"wp-block-image size-large\"><a href=\"https:\/\/gestionrcd.epacartagena.gov.co\/consulta\" target=\"_blank\" rel=\"noopener\"><img loading=\"lazy\" decoding=\"async\" width=\"1024\" height=\"791\" src=\"https:\/\/epacartagena.gov.co\/web\/wp-content\/uploads\/2020\/12\/Transportador.jpg\" alt=\"\" class=\"wp-image-622\" srcset=\"https:\/\/epacartagena.gov.co\/web\/wp-content\/uploads\/2020\/12\/Transportador.jpg 1024w, https:\/\/epacartagena.gov.co\/web\/wp-content\/uploads\/2020\/12\/Transportador-300x232.jpg 300w, https:\/\/epacartagena.gov.co\/web\/wp-content\/uploads\/2020\/12\/Transportador-768x593.jpg 768w, https:\/\/epacartagena.gov.co\/web\/wp-content\/uploads\/2020\/12\/Transportador-500x386.jpg 500w, https:\/\/epacartagena.gov.co\/web\/wp-content\/uploads\/2020\/12\/Transportador-800x618.jpg 800w\" sizes=\"auto, (max-width: 1024px) 100vw, 1024px\" \/><\/a><\/figure>\n<\/div>\n\n\n\n<div class=\"wp-block-column is-layout-flow wp-block-column-is-layout-flow\">\n<figure class=\"wp-block-image size-large\"><a href=\"https:\/\/gestionrcd.epacartagena.gov.co\/consulta\" target=\"_blank\" rel=\"noopener\"><img loading=\"lazy\" decoding=\"async\" width=\"1024\" height=\"791\" src=\"https:\/\/epacartagena.gov.co\/web\/wp-content\/uploads\/2020\/12\/Receptor.jpg\" alt=\"\" class=\"wp-image-623\" srcset=\"https:\/\/epacartagena.gov.co\/web\/wp-content\/uploads\/2020\/12\/Receptor.jpg 1024w, https:\/\/epacartagena.gov.co\/web\/wp-content\/uploads\/2020\/12\/Receptor-300x232.jpg 300w, https:\/\/epacartagena.gov.co\/web\/wp-content\/uploads\/2020\/12\/Receptor-768x593.jpg 768w, https:\/\/epacartagena.gov.co\/web\/wp-content\/uploads\/2020\/12\/Receptor-500x386.jpg 500w, https:\/\/epacartagena.gov.co\/web\/wp-content\/uploads\/2020\/12\/Receptor-800x618.jpg 800w\" sizes=\"auto, (max-width: 1024px) 100vw, 1024px\" \/><\/a><\/figure>\n<\/div>\n<\/div>\n\n\n\n<p>Si tiene alguna pregunta o inconveniente con la aplicaci\u00f3n o la informaci\u00f3n publicada de su PIN puede escribirnos al correo electr\u00f3nico&nbsp;<a href=\"mailto:atencionalciudadano@epacartagena.gov.co\">atencionalciudadano@epacartagena.gov.co<\/a><\/p>\n\n\n<style>.kb-row-layout-id613_bf3427-03 > .kt-row-column-wrap{align-content:start;}:where(.kb-row-layout-id613_bf3427-03 > .kt-row-column-wrap) > .wp-block-kadence-column{justify-content:start;}.kb-row-layout-id613_bf3427-03 > .kt-row-column-wrap{column-gap:var(--global-kb-gap-md, 2rem);row-gap:var(--global-kb-gap-md, 2rem);padding-top:var(--global-kb-spacing-sm, 1.5rem);padding-bottom:var(--global-kb-spacing-sm, 1.5rem);grid-template-columns:minmax(0, 1fr);}.kb-row-layout-id613_bf3427-03 > .kt-row-layout-overlay{opacity:0.30;}@media all and (min-width: 1025px){.kb-row-layout-id613_bf3427-03{display:none !important;}}@media all and (max-width: 1024px){.kb-row-layout-id613_bf3427-03 > .kt-row-column-wrap{grid-template-columns:minmax(0, 1fr);}}@media all and (min-width: 768px) and (max-width: 1024px){.kb-row-layout-id613_bf3427-03{display:none !important;}}@media all and (max-width: 767px){.kb-row-layout-id613_bf3427-03 > .kt-row-column-wrap{grid-template-columns:minmax(0, 1fr);}.kb-row-layout-id613_bf3427-03{display:none !important;}}<\/style><div class=\"kb-row-layout-wrap kb-row-layout-id613_bf3427-03 alignnone kb-v-lg-hidden kb-v-md-hidden kb-v-sm-hidden wp-block-kadence-rowlayout\"><div class=\"kt-row-column-wrap kt-has-1-columns kt-row-layout-equal kt-tab-layout-inherit kt-mobile-layout-row kt-row-valign-top\">\n<style>.kadence-column613_d1f1e8-49 > .kt-inside-inner-col,.kadence-column613_d1f1e8-49 > .kt-inside-inner-col:before{border-top-left-radius:0px;border-top-right-radius:0px;border-bottom-right-radius:0px;border-bottom-left-radius:0px;}.kadence-column613_d1f1e8-49 > .kt-inside-inner-col{column-gap:var(--global-kb-gap-sm, 1rem);}.kadence-column613_d1f1e8-49 > .kt-inside-inner-col{flex-direction:column;}.kadence-column613_d1f1e8-49 > .kt-inside-inner-col > .aligncenter{width:100%;}.kadence-column613_d1f1e8-49 > .kt-inside-inner-col:before{opacity:0.3;}.kadence-column613_d1f1e8-49{position:relative;}@media all and (max-width: 1024px){.kadence-column613_d1f1e8-49 > .kt-inside-inner-col{flex-direction:column;justify-content:center;}}@media all and (max-width: 767px){.kadence-column613_d1f1e8-49 > .kt-inside-inner-col{flex-direction:column;justify-content:center;}}<\/style>\n<div class=\"wp-block-kadence-column kadence-column613_d1f1e8-49\"><div class=\"kt-inside-inner-col\">\n<p><a href=\"http:\/\/rcd.epacartagena.gov.co\/apprcd\/login.php\" target=\"_blank\" rel=\"noreferrer noopener\">Acceso a la plataforma administrativa solo para funcionarios de EPA Cartagena.<\/a><\/p>\n<\/div><\/div>\n\n<\/div><\/div>","protected":false},"excerpt":{"rendered":"<p>El Establecimiento P\u00fablico Ambiental, EPA Cartagena, informa a los generadores, transportadores y receptores de RCD que habilit\u00f3 una secci\u00f3n para dar a conocer todas las disposiciones normativas vigentes con respecto al manejo, aprovechamiento, transporte y disposici\u00f3n final de los residuos de construcci\u00f3n y demolici\u00f3n. Normatividad Descargar Resoluci\u00f3n 1257 del 23 de Noviembre de 2021 Descargar&#8230;<\/p>\n","protected":false},"author":1,"featured_media":26424,"parent":521,"menu_order":0,"comment_status":"closed","ping_status":"closed","template":"","meta":{"_acf_changed":false,"_kad_post_transparent":"","_kad_post_title":"","_kad_post_layout":"","_kad_post_sidebar_id":"","_kad_post_content_style":"","_kad_post_vertical_padding":"default","_kad_post_feature":"show","_kad_post_feature_position":"behind","_kad_post_header":false,"_kad_post_footer":false,"_kad_post_classname":"","_vp_format_video_url":"","_vp_image_focal_point":[],"footnotes":""},"class_list":["post-613","page","type-page","status-publish","has-post-thumbnail","hentry"],"acf":[],"_links":{"self":[{"href":"https:\/\/epacartagena.gov.co\/web\/wp-json\/wp\/v2\/pages\/613","targetHints":{"allow":["GET"]}}],"collection":[{"href":"https:\/\/epacartagena.gov.co\/web\/wp-json\/wp\/v2\/pages"}],"about":[{"href":"https:\/\/epacartagena.gov.co\/web\/wp-json\/wp\/v2\/types\/page"}],"author":[{"embeddable":true,"href":"https:\/\/epacartagena.gov.co\/web\/wp-json\/wp\/v2\/users\/1"}],"replies":[{"embeddable":true,"href":"https:\/\/epacartagena.gov.co\/web\/wp-json\/wp\/v2\/comments?post=613"}],"version-history":[{"count":33,"href":"https:\/\/epacartagena.gov.co\/web\/wp-json\/wp\/v2\/pages\/613\/revisions"}],"predecessor-version":[{"id":34135,"href":"https:\/\/epacartagena.gov.co\/web\/wp-json\/wp\/v2\/pages\/613\/revisions\/34135"}],"up":[{"embeddable":true,"href":"https:\/\/epacartagena.gov.co\/web\/wp-json\/wp\/v2\/pages\/521"}],"wp:featuredmedia":[{"embeddable":true,"href":"https:\/\/epacartagena.gov.co\/web\/wp-json\/wp\/v2\/media\/26424"}],"wp:attachment":[{"href":"https:\/\/epacartagena.gov.co\/web\/wp-json\/wp\/v2\/media?parent=613"}],"curies":[{"name":"wp","href":"https:\/\/api.w.org\/{rel}","templated":true}]}}