{"id":722,"date":"2020-12-23T04:21:01","date_gmt":"2020-12-23T04:21:01","guid":{"rendered":"http:\/\/epacartagena.gov.co\/web\/?page_id=722"},"modified":"2025-05-22T09:09:44","modified_gmt":"2025-05-22T14:09:44","slug":"organizacion-y-naturaleza-juridica","status":"publish","type":"page","link":"https:\/\/epacartagena.gov.co\/web\/nosotros\/organizacion-y-naturaleza-juridica\/","title":{"rendered":"Organizaci\u00f3n y Naturaleza Jur\u00eddica"},"content":{"rendered":"<style>.kb-row-layout-id722_1a949c-2f > .kt-row-column-wrap{align-content:start;}:where(.kb-row-layout-id722_1a949c-2f > .kt-row-column-wrap) > .wp-block-kadence-column{justify-content:start;}.kb-row-layout-id722_1a949c-2f > .kt-row-column-wrap{column-gap:var(--global-kb-gap-md, 2rem);row-gap:var(--global-kb-gap-md, 2rem);padding-top:var(--global-kb-spacing-md, 2rem);padding-right:var(--global-kb-spacing-sm, 1.5rem);padding-bottom:var(--global-kb-spacing-md, 2rem);padding-left:var(--global-kb-spacing-sm, 1.5rem);grid-template-columns:minmax(0, 1fr);}.kb-row-layout-id722_1a949c-2f > .kt-row-layout-overlay{opacity:0.30;}@media all and (max-width: 1024px){.kb-row-layout-id722_1a949c-2f > .kt-row-column-wrap{padding-right:var(--global-kb-spacing-xxs, 0.5rem);padding-left:var(--global-kb-spacing-xxs, 0.5rem);grid-template-columns:minmax(0, 1fr);}}@media all and (max-width: 767px){.kb-row-layout-id722_1a949c-2f > .kt-row-column-wrap{grid-template-columns:minmax(0, 1fr);}}<\/style><div class=\"kb-row-layout-wrap kb-row-layout-id722_1a949c-2f alignnone wp-block-kadence-rowlayout\" id=\"destacado\"><div class=\"kt-row-column-wrap kt-has-1-columns kt-row-layout-equal kt-tab-layout-inherit kt-mobile-layout-row kt-row-valign-top\">\n<style>.kadence-column722_2096b4-cf > .kt-inside-inner-col,.kadence-column722_2096b4-cf > .kt-inside-inner-col:before{border-top-left-radius:0px;border-top-right-radius:0px;border-bottom-right-radius:0px;border-bottom-left-radius:0px;}.kadence-column722_2096b4-cf > .kt-inside-inner-col{column-gap:var(--global-kb-gap-sm, 1rem);}.kadence-column722_2096b4-cf > .kt-inside-inner-col{flex-direction:column;}.kadence-column722_2096b4-cf > .kt-inside-inner-col > .aligncenter{width:100%;}.kadence-column722_2096b4-cf > .kt-inside-inner-col:before{opacity:0.3;}.kadence-column722_2096b4-cf{position:relative;}@media all and (max-width: 1024px){.kadence-column722_2096b4-cf > .kt-inside-inner-col{flex-direction:column;justify-content:center;}}@media all and (max-width: 767px){.kadence-column722_2096b4-cf > .kt-inside-inner-col{flex-direction:column;justify-content:center;}}<\/style>\n<div class=\"wp-block-kadence-column kadence-column722_2096b4-cf\"><div class=\"kt-inside-inner-col\"><style>.kb-row-layout-id722_955a53-6b > .kt-row-column-wrap{align-content:start;}:where(.kb-row-layout-id722_955a53-6b > .kt-row-column-wrap) > .wp-block-kadence-column{justify-content:start;}.kb-row-layout-id722_955a53-6b > .kt-row-column-wrap{column-gap:var(--global-kb-gap-md, 2rem);row-gap:var(--global-kb-gap-md, 2rem);grid-template-columns:minmax(0, 2fr) minmax(0, 1fr);}.kb-row-layout-id722_955a53-6b > .kt-row-layout-overlay{opacity:0.30;}@media all and (max-width: 1024px){.kb-row-layout-id722_955a53-6b > .kt-row-column-wrap{grid-template-columns:minmax(0, 1fr);}}@media all and (max-width: 767px){.kb-row-layout-id722_955a53-6b > .kt-row-column-wrap{grid-template-columns:minmax(0, 1fr);}}<\/style><div class=\"kb-row-layout-wrap kb-row-layout-id722_955a53-6b alignnone wp-block-kadence-rowlayout\"><div class=\"kt-row-column-wrap kt-has-2-columns kt-row-layout-left-golden kt-tab-layout-row kt-mobile-layout-row kt-row-valign-top kt-inner-column-height-full\">\n<style>.kadence-column722_5d4a5c-8b > .kt-inside-inner-col{padding-top:0px;padding-right:0px;padding-bottom:0px;padding-left:0px;}.kadence-column722_5d4a5c-8b > .kt-inside-inner-col,.kadence-column722_5d4a5c-8b > .kt-inside-inner-col:before{border-top-left-radius:2rem;border-top-right-radius:2rem;border-bottom-right-radius:2rem;border-bottom-left-radius:2rem;}.kadence-column722_5d4a5c-8b > .kt-inside-inner-col{column-gap:var(--global-kb-gap-sm, 1rem);}.kadence-column722_5d4a5c-8b > .kt-inside-inner-col{flex-direction:column;}.kadence-column722_5d4a5c-8b > .kt-inside-inner-col > .aligncenter{width:100%;}.kadence-column722_5d4a5c-8b > .kt-inside-inner-col:before{opacity:0.3;}.kadence-column722_5d4a5c-8b{position:relative;}@media all and (max-width: 1024px){.kadence-column722_5d4a5c-8b > .kt-inside-inner-col{flex-direction:column;justify-content:center;}}@media all and (max-width: 767px){.kadence-column722_5d4a5c-8b > .kt-inside-inner-col{flex-direction:column;justify-content:center;}}<\/style>\n<div class=\"wp-block-kadence-column kadence-column722_5d4a5c-8b\" id=\"mision_vision\"><div class=\"kt-inside-inner-col\"><style>.kadence-column722_3ccf62-bd > .kt-inside-inner-col{padding-top:var(--global-kb-spacing-lg, 3rem);padding-right:var(--global-kb-spacing-xs, 1rem);padding-bottom:var(--global-kb-spacing-sm, 1.5rem);padding-left:var(--global-kb-spacing-xs, 1rem);}.kadence-column722_3ccf62-bd > .kt-inside-inner-col,.kadence-column722_3ccf62-bd > .kt-inside-inner-col:before{border-top-left-radius:2rem;border-top-right-radius:2rem;border-bottom-right-radius:2rem;border-bottom-left-radius:2rem;}.kadence-column722_3ccf62-bd > .kt-inside-inner-col{column-gap:var(--global-kb-gap-sm, 1rem);}.kadence-column722_3ccf62-bd > .kt-inside-inner-col{flex-direction:column;}.kadence-column722_3ccf62-bd > .kt-inside-inner-col > .aligncenter{width:100%;}.kadence-column722_3ccf62-bd > .kt-inside-inner-col{background-color:#ebf9fa;}.kadence-column722_3ccf62-bd > .kt-inside-inner-col:before{opacity:0.3;}.kadence-column722_3ccf62-bd{position:relative;}.kadence-column722_3ccf62-bd, .kt-inside-inner-col > .kadence-column722_3ccf62-bd:not(.specificity){margin-bottom:var(--global-kb-spacing-xs, 1rem);}@media all and (max-width: 1024px){.kadence-column722_3ccf62-bd > .kt-inside-inner-col{flex-direction:column;justify-content:center;}}@media all and (max-width: 767px){.kadence-column722_3ccf62-bd > .kt-inside-inner-col{flex-direction:column;justify-content:center;}}<\/style>\n<div class=\"wp-block-kadence-column kadence-column722_3ccf62-bd\" id=\"mision\"><div class=\"kt-inside-inner-col\"><style>.wp-block-kadence-advancedheading.kt-adv-heading722_cd0896-0b, .wp-block-kadence-advancedheading.kt-adv-heading722_cd0896-0b[data-kb-block=\"kb-adv-heading722_cd0896-0b\"]{padding-bottom:var(--global-kb-spacing-xs, 1rem);padding-left:var(--global-kb-spacing-xs, 1rem);margin-bottom:0px;font-size:27px;line-height:1.2;font-weight:700;font-style:normal;font-family:Inter;color:#268d96;}.wp-block-kadence-advancedheading.kt-adv-heading722_cd0896-0b mark.kt-highlight, .wp-block-kadence-advancedheading.kt-adv-heading722_cd0896-0b[data-kb-block=\"kb-adv-heading722_cd0896-0b\"] mark.kt-highlight{font-style:normal;color:#f76a0c;-webkit-box-decoration-break:clone;box-decoration-break:clone;padding-top:0px;padding-right:0px;padding-bottom:0px;padding-left:0px;}.wp-block-kadence-advancedheading.kt-adv-heading722_cd0896-0b img.kb-inline-image, .wp-block-kadence-advancedheading.kt-adv-heading722_cd0896-0b[data-kb-block=\"kb-adv-heading722_cd0896-0b\"] img.kb-inline-image{width:150px;vertical-align:baseline;}@media all and (max-width: 767px){.wp-block-kadence-advancedheading.kt-adv-heading722_cd0896-0b, .wp-block-kadence-advancedheading.kt-adv-heading722_cd0896-0b[data-kb-block=\"kb-adv-heading722_cd0896-0b\"]{font-size:22px;}}<\/style>\n<p class=\"kt-adv-heading722_cd0896-0b wp-block-kadence-advancedheading\" data-kb-block=\"kb-adv-heading722_cd0896-0b\">Naturaleza Jur\u00eddica del EPA Cartagena<\/p>\n\n\n<style>.kadence-column722_2b7482-6a > .kt-inside-inner-col{padding-top:37px;padding-right:37px;padding-bottom:37px;padding-left:37px;}.kadence-column722_2b7482-6a > .kt-inside-inner-col,.kadence-column722_2b7482-6a > .kt-inside-inner-col:before{border-top-left-radius:24px;border-top-right-radius:24px;border-bottom-right-radius:24px;border-bottom-left-radius:24px;}.kadence-column722_2b7482-6a > .kt-inside-inner-col{column-gap:var(--global-kb-gap-sm, 1rem);}.kadence-column722_2b7482-6a > .kt-inside-inner-col{flex-direction:column;}.kadence-column722_2b7482-6a > .kt-inside-inner-col > .aligncenter{width:100%;}.kadence-column722_2b7482-6a > .kt-inside-inner-col{background-color:#ffffff;}.kadence-column722_2b7482-6a > .kt-inside-inner-col:before{opacity:0.3;}.kadence-column722_2b7482-6a{position:relative;}@media all and (max-width: 1024px){.kadence-column722_2b7482-6a > .kt-inside-inner-col{flex-direction:column;justify-content:center;}}@media all and (max-width: 767px){.kadence-column722_2b7482-6a > .kt-inside-inner-col{flex-direction:column;justify-content:center;}}.kadence-column722_2b7482-6a p {margin:0;}<\/style>\n<div class=\"wp-block-kadence-column kadence-column722_2b7482-6a\"><div class=\"kt-inside-inner-col\"><style>.wp-block-kadence-advancedheading.kt-adv-heading722_e22ffb-e8, .wp-block-kadence-advancedheading.kt-adv-heading722_e22ffb-e8[data-kb-block=\"kb-adv-heading722_e22ffb-e8\"]{max-width:1080px;font-size:16px;font-weight:400;font-style:normal;font-family:Inter;}.wp-block-kadence-advancedheading.kt-adv-heading722_e22ffb-e8 mark.kt-highlight, .wp-block-kadence-advancedheading.kt-adv-heading722_e22ffb-e8[data-kb-block=\"kb-adv-heading722_e22ffb-e8\"] mark.kt-highlight{font-style:normal;color:#f76a0c;-webkit-box-decoration-break:clone;box-decoration-break:clone;padding-top:0px;padding-right:0px;padding-bottom:0px;padding-left:0px;}.wp-block-kadence-advancedheading.kt-adv-heading722_e22ffb-e8 img.kb-inline-image, .wp-block-kadence-advancedheading.kt-adv-heading722_e22ffb-e8[data-kb-block=\"kb-adv-heading722_e22ffb-e8\"] img.kb-inline-image{width:150px;vertical-align:baseline;}<\/style>\n<p class=\"kt-adv-heading722_e22ffb-e8 wp-block-kadence-advancedheading\" data-kb-block=\"kb-adv-heading722_e22ffb-e8\">El EPA-Cartagena, tiene una naturaleza jur\u00eddica de establecimiento p\u00fablico descentralizado del orden distrital, autorizado por la ley 768 de 2002 y creado mediante el Acuerdo del Concejo Distrital n\u00famero 029 de 2002, el cual fue modificado y compilado por el Acuerdo 003 de 2003.<\/p>\n<\/div><\/div>\n<\/div><\/div>\n\n\n<style>.kadence-column722_564b72-c5 > .kt-inside-inner-col{padding-top:var(--global-kb-spacing-lg, 3rem);padding-right:var(--global-kb-spacing-xs, 1rem);padding-bottom:var(--global-kb-spacing-sm, 1.5rem);padding-left:var(--global-kb-spacing-xs, 1rem);}.kadence-column722_564b72-c5 > .kt-inside-inner-col,.kadence-column722_564b72-c5 > .kt-inside-inner-col:before{border-top-left-radius:2rem;border-top-right-radius:2rem;border-bottom-right-radius:2rem;border-bottom-left-radius:2rem;}.kadence-column722_564b72-c5 > .kt-inside-inner-col{column-gap:var(--global-kb-gap-sm, 1rem);}.kadence-column722_564b72-c5 > .kt-inside-inner-col{flex-direction:column;}.kadence-column722_564b72-c5 > .kt-inside-inner-col > .aligncenter{width:100%;}.kadence-column722_564b72-c5 > .kt-inside-inner-col{background-color:#ebf4e6;}.kadence-column722_564b72-c5 > .kt-inside-inner-col:before{opacity:0.3;}.kadence-column722_564b72-c5{position:relative;}@media all and (max-width: 1024px){.kadence-column722_564b72-c5 > .kt-inside-inner-col{flex-direction:column;justify-content:center;}}@media all and (max-width: 767px){.kadence-column722_564b72-c5 > .kt-inside-inner-col{flex-direction:column;justify-content:center;}}<\/style>\n<div class=\"wp-block-kadence-column kadence-column722_564b72-c5\" id=\"mision\"><div class=\"kt-inside-inner-col\"><style>.wp-block-kadence-advancedheading.kt-adv-heading722_2dfb2e-2f, .wp-block-kadence-advancedheading.kt-adv-heading722_2dfb2e-2f[data-kb-block=\"kb-adv-heading722_2dfb2e-2f\"]{padding-bottom:var(--global-kb-spacing-xs, 1rem);padding-left:var(--global-kb-spacing-xs, 1rem);margin-bottom:0px;font-size:27px;line-height:1.2;font-weight:700;font-style:normal;font-family:Inter;color:#549911;}.wp-block-kadence-advancedheading.kt-adv-heading722_2dfb2e-2f mark.kt-highlight, .wp-block-kadence-advancedheading.kt-adv-heading722_2dfb2e-2f[data-kb-block=\"kb-adv-heading722_2dfb2e-2f\"] mark.kt-highlight{font-style:normal;color:#f76a0c;-webkit-box-decoration-break:clone;box-decoration-break:clone;padding-top:0px;padding-right:0px;padding-bottom:0px;padding-left:0px;}.wp-block-kadence-advancedheading.kt-adv-heading722_2dfb2e-2f img.kb-inline-image, .wp-block-kadence-advancedheading.kt-adv-heading722_2dfb2e-2f[data-kb-block=\"kb-adv-heading722_2dfb2e-2f\"] img.kb-inline-image{width:150px;vertical-align:baseline;}@media all and (max-width: 767px){.wp-block-kadence-advancedheading.kt-adv-heading722_2dfb2e-2f, .wp-block-kadence-advancedheading.kt-adv-heading722_2dfb2e-2f[data-kb-block=\"kb-adv-heading722_2dfb2e-2f\"]{font-size:22px;}}<\/style>\n<p class=\"kt-adv-heading722_2dfb2e-2f wp-block-kadence-advancedheading\" data-kb-block=\"kb-adv-heading722_2dfb2e-2f\">Rese\u00f1a Hist\u00f3rica<\/p>\n\n\n<style>.kadence-column722_35c1b9-fa > .kt-inside-inner-col{padding-top:37px;padding-right:37px;padding-bottom:37px;padding-left:37px;}.kadence-column722_35c1b9-fa > .kt-inside-inner-col,.kadence-column722_35c1b9-fa > .kt-inside-inner-col:before{border-top-left-radius:24px;border-top-right-radius:24px;border-bottom-right-radius:24px;border-bottom-left-radius:24px;}.kadence-column722_35c1b9-fa > .kt-inside-inner-col{column-gap:var(--global-kb-gap-sm, 1rem);}.kadence-column722_35c1b9-fa > .kt-inside-inner-col{flex-direction:column;}.kadence-column722_35c1b9-fa > .kt-inside-inner-col > .aligncenter{width:100%;}.kadence-column722_35c1b9-fa > .kt-inside-inner-col{background-color:#ffffff;}.kadence-column722_35c1b9-fa > .kt-inside-inner-col:before{opacity:0.3;}.kadence-column722_35c1b9-fa{position:relative;}@media all and (max-width: 1024px){.kadence-column722_35c1b9-fa > .kt-inside-inner-col{flex-direction:column;justify-content:center;}}@media all and (max-width: 767px){.kadence-column722_35c1b9-fa > .kt-inside-inner-col{flex-direction:column;justify-content:center;}}.kadence-column722_35c1b9-fa p {margin:0;}<\/style>\n<div class=\"wp-block-kadence-column kadence-column722_35c1b9-fa\"><div class=\"kt-inside-inner-col\">\n<p class=\"has-16-font-size\">El acto legislativo No.001 de 1987 confiri\u00f3 a la ciudad de Cartagena de Indias la calidad de Distrito Tur\u00edstico y Cultural y facult\u00f3 al legislador para dictar un estatuto especial que contuviera su r\u00e9gimen fiscal y administrativo y las normas especiales para su fomento econ\u00f3mico, social, cultural, tur\u00edstico e hist\u00f3rico. En desarrollo de la norma jur\u00eddica anterior, se expidi\u00f3 la ley 768 de 2002, la cual adopt\u00f3 el r\u00e9gimen pol\u00edtico, fiscal y administrativo del Distrito, dot\u00e1ndolo de las facultades, instrumentos y recursos necesarios para el cumplimiento de sus funciones y la prestaci\u00f3n de los servicios a su cargo y profundizando en el proceso de descentralizaci\u00f3n administrativa.<\/p>\n\n\n\n<p class=\"has-16-font-size\"><br>En este sentido, el art\u00edculo 13 ib\u00eddem, \u201cdesregionaliza\u201d la administraci\u00f3n del medio ambiente dentro del per\u00edmetro urbano y, para este efecto, ordena al Concejo Distrital, la creaci\u00f3n de un establecimiento p\u00fablico para que asuma las mismas funciones de la Corporaci\u00f3n Aut\u00f3noma Regional dentro del per\u00edmetro urbano y en los mismos t\u00e9rminos del art\u00edculo 66 de la ley 99 de 1993.<\/p>\n\n\n\n<p><br>En virtud de lo anterior, el Concejo Distrital de Cartagena, cre\u00f3 el Establecimiento P\u00fablico Ambiental de Cartagena EPA-Cartagena mediante el Acuerdo No.029 de 2002, el cual fue modificado y compilado por el Acuerdo No.003 de 2003.<br>El EPA-Cartagena entr\u00f3 en funcionamiento en el mes de septiembre de 2003 y, desde entonces, viene posicion\u00e1ndose como la Autoridad Ambiental Urbana del Distrito de Cartagena.<\/p>\n<\/div><\/div>\n<\/div><\/div>\n<\/div><\/div>\n\n\n<style>.kadence-column722_249f8b-75 > .kt-inside-inner-col{display:flex;}.kadence-column722_249f8b-75 > .kt-inside-inner-col{padding-top:var(--global-kb-spacing-xl, 4rem);padding-right:var(--global-kb-spacing-md, 2rem);padding-bottom:var(--global-kb-spacing-lg, 3rem);padding-left:var(--global-kb-spacing-md, 2rem);}.kadence-column722_249f8b-75 > .kt-inside-inner-col{min-height:600px;}.kadence-column722_249f8b-75 > .kt-inside-inner-col,.kadence-column722_249f8b-75 > .kt-inside-inner-col:before{border-top-left-radius:2rem;border-top-right-radius:2rem;border-bottom-right-radius:2rem;border-bottom-left-radius:2rem;}.kadence-column722_249f8b-75 > .kt-inside-inner-col{column-gap:var(--global-kb-gap-sm, 1rem);}.kadence-column722_249f8b-75 > .kt-inside-inner-col{flex-direction:column;justify-content:flex-start;}.kadence-column722_249f8b-75 > .kt-inside-inner-col > .aligncenter{width:100%;}.kt-row-column-wrap > .kadence-column722_249f8b-75{align-self:flex-start;}.kt-inner-column-height-full:not(.kt-has-1-columns) > .wp-block-kadence-column.kadence-column722_249f8b-75{align-self:auto;}.kt-inner-column-height-full:not(.kt-has-1-columns) > .wp-block-kadence-column.kadence-column722_249f8b-75 > .kt-inside-inner-col{flex-direction:column;justify-content:flex-start;}.kadence-column722_249f8b-75 > .kt-inside-inner-col{background-image:url('https:\/\/epacartagena.gov.co\/web\/wp-content\/uploads\/2025\/05\/sld-destacado-manglar.jpg');background-size:cover;background-position:19% 42%;background-attachment:scroll;background-repeat:no-repeat;}.kadence-column722_249f8b-75 > .kt-inside-inner-col:before{opacity:0.3;}.kadence-column722_249f8b-75{position:relative;}@media all and (max-width: 1024px){.kadence-column722_249f8b-75 > .kt-inside-inner-col{padding-top:var(--global-kb-spacing-xl, 4rem);flex-direction:column;justify-content:flex-start;}}@media all and (max-width: 1024px){.kt-row-column-wrap > .kadence-column722_249f8b-75{align-self:flex-start;}}@media all and (max-width: 1024px){.kt-inner-column-height-full:not(.kt-has-1-columns) > .wp-block-kadence-column.kadence-column722_249f8b-75{align-self:auto;}}@media all and (max-width: 1024px){.kt-inner-column-height-full:not(.kt-has-1-columns) > .wp-block-kadence-column.kadence-column722_249f8b-75 > .kt-inside-inner-col{flex-direction:column;justify-content:flex-start;}}@media all and (max-width: 767px){.kt-row-column-wrap > .kadence-column722_249f8b-75{align-self:flex-start;}.kt-inner-column-height-full:not(.kt-has-1-columns) > .wp-block-kadence-column.kadence-column722_249f8b-75{align-self:auto;}.kt-inner-column-height-full:not(.kt-has-1-columns) > .wp-block-kadence-column.kadence-column722_249f8b-75 > .kt-inside-inner-col{flex-direction:column;justify-content:flex-start;}.kadence-column722_249f8b-75 > .kt-inside-inner-col{flex-direction:column;justify-content:flex-start;}}<\/style>\n<div class=\"wp-block-kadence-column kadence-column722_249f8b-75\"><div class=\"kt-inside-inner-col\"><\/div><\/div>\n\n<\/div><\/div><\/div><\/div>\n\n<\/div><\/div>\n\n\n<h2 class=\"wp-block-heading\"><\/h2>\n","protected":false},"excerpt":{"rendered":"<p>Naturaleza Jur\u00eddica del EPA Cartagena El EPA-Cartagena, tiene una naturaleza jur\u00eddica de establecimiento p\u00fablico descentralizado del orden distrital, autorizado por la ley 768 de 2002 y creado mediante el Acuerdo del Concejo Distrital n\u00famero 029 de 2002, el cual fue modificado y compilado por el Acuerdo 003 de 2003. Rese\u00f1a Hist\u00f3rica El acto legislativo No.001&#8230;<\/p>\n","protected":false},"author":1,"featured_media":0,"parent":695,"menu_order":0,"comment_status":"closed","ping_status":"closed","template":"","meta":{"_acf_changed":false,"_kad_post_transparent":"","_kad_post_title":"default","_kad_post_layout":"fullwidth","_kad_post_sidebar_id":"","_kad_post_content_style":"unboxed","_kad_post_vertical_padding":"hide","_kad_post_feature":"","_kad_post_feature_position":"","_kad_post_header":false,"_kad_post_footer":false,"_kad_post_classname":"","_vp_format_video_url":"","_vp_image_focal_point":[],"footnotes":""},"class_list":["post-722","page","type-page","status-publish","hentry"],"acf":[],"_links":{"self":[{"href":"https:\/\/epacartagena.gov.co\/web\/wp-json\/wp\/v2\/pages\/722","targetHints":{"allow":["GET"]}}],"collection":[{"href":"https:\/\/epacartagena.gov.co\/web\/wp-json\/wp\/v2\/pages"}],"about":[{"href":"https:\/\/epacartagena.gov.co\/web\/wp-json\/wp\/v2\/types\/page"}],"author":[{"embeddable":true,"href":"https:\/\/epacartagena.gov.co\/web\/wp-json\/wp\/v2\/users\/1"}],"replies":[{"embeddable":true,"href":"https:\/\/epacartagena.gov.co\/web\/wp-json\/wp\/v2\/comments?post=722"}],"version-history":[{"count":3,"href":"https:\/\/epacartagena.gov.co\/web\/wp-json\/wp\/v2\/pages\/722\/revisions"}],"predecessor-version":[{"id":26169,"href":"https:\/\/epacartagena.gov.co\/web\/wp-json\/wp\/v2\/pages\/722\/revisions\/26169"}],"up":[{"embeddable":true,"href":"https:\/\/epacartagena.gov.co\/web\/wp-json\/wp\/v2\/pages\/695"}],"wp:attachment":[{"href":"https:\/\/epacartagena.gov.co\/web\/wp-json\/wp\/v2\/media?parent=722"}],"curies":[{"name":"wp","href":"https:\/\/api.w.org\/{rel}","templated":true}]}}