{"id":7344,"date":"2022-07-28T15:47:50","date_gmt":"2022-07-28T20:47:50","guid":{"rendered":"https:\/\/epacartagena.gov.co\/web\/?page_id=7344"},"modified":"2022-07-28T16:44:15","modified_gmt":"2022-07-28T21:44:15","slug":"codigo-de-integridad","status":"publish","type":"page","link":"https:\/\/epacartagena.gov.co\/web\/nosotros\/codigo-de-integridad\/","title":{"rendered":"C\u00f3digo de integridad"},"content":{"rendered":"\n<div class=\"wp-block-columns is-layout-flex wp-container-core-columns-is-layout-9d6595d7 wp-block-columns-is-layout-flex\">\n<div class=\"wp-block-column is-layout-flow wp-block-column-is-layout-flow\" style=\"flex-basis:10%\">\n<figure class=\"wp-block-image size-large is-resized\"><img loading=\"lazy\" decoding=\"async\" src=\"https:\/\/epacartagena.gov.co\/web\/wp-content\/uploads\/2021\/04\/icono-documento-azul.svg\" alt=\"\u00cdcono de documento\" class=\"wp-image-2914\" width=\"150\" height=\"150\"\/><\/figure>\n<\/div>\n\n\n\n<div class=\"wp-block-column is-layout-flow wp-block-column-is-layout-flow\" style=\"flex-basis:90%\">\n<h1 class=\"wp-block-heading\">C\u00d3DIGO \u00daNICO DE INTEGRIDAD<\/h1>\n\n\n\n<p>ESTABLECIMIENTO P\u00daBLICO AMBIENTAL EPA CARTAGENA<\/p>\n\n\n\n<div class=\"wp-block-buttons is-layout-flex wp-block-buttons-is-layout-flex\">\n<div class=\"wp-block-button\"><a class=\"wp-block-button__link has-white-color has-text-color has-background\" href=\"https:\/\/epacartagena.gov.co\/web\/wp-content\/uploads\/2022\/07\/epa-codigo-de-integridad-2021-rev-2022.pdf\" style=\"background-color:#678e3e\">ACCEDER AL DOCUMENTO <\/a><\/div>\n<\/div>\n<\/div>\n<\/div>\n\n\n\n<div style=\"height:100px\" aria-hidden=\"true\" class=\"wp-block-spacer\"><\/div>\n\n\n\n<h2 class=\"has-text-color wp-block-heading\" style=\"color:#37747b\"><strong>ACTUALIZACIONES DEL C\u00d3DIGO DE INTEGRIDAD EN 2022<\/strong><\/h2>\n\n\n\n<h3 class=\"has-text-color wp-block-heading\" style=\"color:#678e3e\"><strong>MARCO LEGAL <\/strong><\/h3>\n\n\n\n<ul class=\"wp-block-list\"><li><strong>Constituci\u00f3n Pol\u00edtica de Colombia, art\u00edculos 122, 126 y 209.<\/strong><\/li><li><strong>Ley 1437 de 2011<\/strong>, Por la cual se expide el C\u00f3digo de<br>Procedimiento Administrativo y de lo Contencioso Administrativo,<br>art\u00edculos 11 y 12.<\/li><li><strong>Ley 1564 de 2012<\/strong>, Por medio del cual se expide el C\u00f3digo General del Proceso, art\u00edculo 141.<\/li><li><strong>LEY 734 DE 2002, Art 40. <\/strong>Derogado a partir de 1 de julio de 2021, por el <strong>Art 261<\/strong> de la<strong> Ley 1925 de 2019 <\/strong>y <strong>Art 11 <\/strong>del C\u00f3digo de procedimiento administrativo y de lo contencioso administrativo, donde se establece que \u201cTodo servidor p\u00fablico deber\u00e1 declararse impedido para actuar en un asunto cuando tenga inter\u00e9s particular y directo en su regulaci\u00f3n, gesti\u00f3n, control o decisi\u00f3n, o lo tuviere su conyugue, compa\u00f1ero o compa\u00f1ero permanente o alguno de sus parientes, dentro del cuarto grado de consanguinidad, segundo de afinidad, o primero civil, o socios de hecho o de derecho, cuando el inter\u00e9s general propio de la funci\u00f3n p\u00fablica entra en conflicto con el inter\u00e9s particular y directo del servidor p\u00fablico.<\/li><li><strong>LEY 734 DE 2002, Art 40<\/strong>. Derogado a partir de 1 de julio de 2021, por el Art 261 de la Ley 1925 de 2019 y Art 11 del C\u00f3digo de procedimiento administrativo y de lo contencioso administrativo, donde se establece que \u201c Todo servidor p\u00fablico deber\u00e1 declararse impedido para actuar en un asunto cuando tenga inter\u00e9s particular y directo en su regulaci\u00f3n, gesti\u00f3n, control o decisi\u00f3n, o lo tuviere su conyugue, compa\u00f1ero o compa\u00f1ero permanente o alguno de sus parientes, dentro del cuarto grado de consanguinidad, segundo de afinidad, o primero civil, o socios de hecho o de derecho, cuando el inter\u00e9s general propio de la funci\u00f3n p\u00fablica entra en conflicto con el inter\u00e9s particular y directo del servidor p\u00fablico.<\/li><li><strong>Conflicto de inter\u00e9s:<\/strong> Son aquellas situaciones en las que el juicio de un sujeto, en lo relacionado a un inter\u00e9s primario para \u00e9l o ella, y la integridad de sus acciones, tienden a estar indebidamente influenciadas por un inter\u00e9s secundario, el cual frecuentemente es de tipo econ\u00f3mico o personal. <\/li><li><strong>Impedimento: <\/strong>Aquel obst\u00e1culo, dificultad o evento que se opone al desarrollo de una actividad. Aplicado al ejercicio de la funci\u00f3n p\u00fablica en general y de la administrativa en particular, implica que la persona que est\u00e1 ejerciendo funciones p\u00fablicas no puede ejercerlas en determinadas situaciones o circunstancias, como, por ejemplo, en los asuntos que aquella o sus parientes cercanos tengan inter\u00e9s directo, etc.<\/li><li><strong>Recusaci\u00f3n:<\/strong> Impedimento formulado por un tercero que se encuentre inmerso en un conflicto determinado.<\/li><\/ul>\n\n\n\n<h3 class=\"has-text-color wp-block-heading\" style=\"color:#678e3e\"><strong>VALORES<\/strong><\/h3>\n\n\n\n<h4 class=\"wp-block-heading\"><strong>Honestidad<\/strong><\/h4>\n\n\n\n<ul class=\"wp-block-list\"><li>Realizar anualmente el reporte y cargue de la declaracion de Bienes y rentas de servidor publico, en las plataformas del DAFP<\/li><\/ul>\n\n\n\n<h3 class=\"has-text-color wp-block-heading\" style=\"color:#678e3e\"><strong>ACCIONES PARA IMPLEMENTAR<\/strong><\/h3>\n\n\n\n<h4 class=\"wp-block-heading\"><strong>FASES DE LA IMPLEMENTACI\u00d3N<\/strong><\/h4>\n\n\n\n<ul class=\"wp-block-list\"><li>Se asigna el lider de Integridad, que ser\u00e1 uno de los integrantes del equipo.<\/li><li>Se conforma el equipo de integridad, que deber\u00e1 estar integrado por el lider de planeaci\u00f3n y dos funcionarios del Nivel Directivo de la entidad, con el apoyo de contratistas.<\/li><\/ul>\n","protected":false},"excerpt":{"rendered":"<p>C\u00d3DIGO \u00daNICO DE INTEGRIDAD ESTABLECIMIENTO P\u00daBLICO AMBIENTAL EPA CARTAGENA ACTUALIZACIONES DEL C\u00d3DIGO DE INTEGRIDAD EN 2022 MARCO LEGAL Constituci\u00f3n Pol\u00edtica de Colombia, art\u00edculos 122, 126 y 209. Ley 1437 de 2011, Por la cual se expide el C\u00f3digo deProcedimiento Administrativo y de lo Contencioso Administrativo,art\u00edculos 11 y 12. Ley 1564 de 2012, Por medio del&#8230;<\/p>\n","protected":false},"author":1,"featured_media":0,"parent":695,"menu_order":0,"comment_status":"closed","ping_status":"closed","template":"","meta":{"_acf_changed":false,"_kad_post_transparent":"","_kad_post_title":"","_kad_post_layout":"","_kad_post_sidebar_id":"","_kad_post_content_style":"","_kad_post_vertical_padding":"","_kad_post_feature":"","_kad_post_feature_position":"","_kad_post_header":false,"_kad_post_footer":false,"_kad_post_classname":"","_vp_format_video_url":"","_vp_image_focal_point":[],"footnotes":""},"class_list":["post-7344","page","type-page","status-publish","hentry"],"acf":[],"_links":{"self":[{"href":"https:\/\/epacartagena.gov.co\/web\/wp-json\/wp\/v2\/pages\/7344","targetHints":{"allow":["GET"]}}],"collection":[{"href":"https:\/\/epacartagena.gov.co\/web\/wp-json\/wp\/v2\/pages"}],"about":[{"href":"https:\/\/epacartagena.gov.co\/web\/wp-json\/wp\/v2\/types\/page"}],"author":[{"embeddable":true,"href":"https:\/\/epacartagena.gov.co\/web\/wp-json\/wp\/v2\/users\/1"}],"replies":[{"embeddable":true,"href":"https:\/\/epacartagena.gov.co\/web\/wp-json\/wp\/v2\/comments?post=7344"}],"version-history":[{"count":9,"href":"https:\/\/epacartagena.gov.co\/web\/wp-json\/wp\/v2\/pages\/7344\/revisions"}],"predecessor-version":[{"id":7364,"href":"https:\/\/epacartagena.gov.co\/web\/wp-json\/wp\/v2\/pages\/7344\/revisions\/7364"}],"up":[{"embeddable":true,"href":"https:\/\/epacartagena.gov.co\/web\/wp-json\/wp\/v2\/pages\/695"}],"wp:attachment":[{"href":"https:\/\/epacartagena.gov.co\/web\/wp-json\/wp\/v2\/media?parent=7344"}],"curies":[{"name":"wp","href":"https:\/\/api.w.org\/{rel}","templated":true}]}}