{"id":824,"date":"2020-12-23T05:53:27","date_gmt":"2020-12-23T05:53:27","guid":{"rendered":"http:\/\/epacartagena.gov.co\/web\/?page_id=824"},"modified":"2021-04-29T16:44:04","modified_gmt":"2021-04-29T21:44:04","slug":"sistema-de-gestion-de-seguridad-y-salud-en-el-trabajo","status":"publish","type":"page","link":"https:\/\/epacartagena.gov.co\/web\/sistema-de-gestion-de-seguridad-y-salud-en-el-trabajo\/","title":{"rendered":"Sistema de Gesti\u00f3n de Seguridad y Salud en el Trabajo"},"content":{"rendered":"\n<p>El Establecimiento Publico Ambiental de Cartagena no ha sido ajeno a los cambios del entorno laboral que se han generado en los \u00faltimos tiempos el Ministerio de Trabajo a trav\u00e9s de la Resoluci\u00f3n 1072 de 2015 estableci\u00f3 a trav\u00e9s del Decreto \u00fanico Reglamentario del&nbsp; Sector Trabajo la implementaci\u00f3n de un Sistema de Gesti\u00f3n de Seguridad y Salud en el Trabajo que permite crear un&nbsp; ambiente de trabajo en el que prime la seguridad de todos y cada uno de los empleados, en todos los niveles jer\u00e1rquicos de la organizaci\u00f3n.<\/p>\n\n\n\n<p>En este proceso de implementaci\u00f3n del Sistema de Gesti\u00f3n de la Seguridad y Salud en el trabajo ha contado con todo el apoyo de la alta direcci\u00f3n dotando de las herramientas y elementos necesarios que se han requerido en los planes y programas del Sistema. Los funcionarios de la entidad ver\u00e1n este esfuerzo que hace la entidad traduc\u00edos en beneficios tales como:<\/p>\n\n\n\n<p>Cumplir con lo establecido y reglamentado en materia de seguridad laboral. El cumplimiento de la esta normatividad nos ayuda a prevenir accidentes laborales y evita que la organizaci\u00f3n tenga que hacer frente a multas derivadas del incumplimiento en material legal sobre seguridad y salud en el trabajo.<\/p>\n\n\n\n<p>La implementaci\u00f3n de este sistema de Gesti\u00f3n de Seguridad y Salud en el trabajo ha mejorado de manera positiva la imagen de la entidad al verse fortalecida su credibilidad y el sentido de pertenencia ha aumentado al ver la preocupaci\u00f3n de la alta Direcci\u00f3n por mantener una buena seguridad, salud y ambiente laboral de los funcionarios.<\/p>\n\n\n\n<p>La mejora continua en los procesos es otro aspecto importante que permitir\u00e1 la mejora de los procesos de la organizaci\u00f3n gracias a la participaci\u00f3n de sus empleados, logrando ahorros importantes en materia de seguridad y salud en el trabajo, adem\u00e1s de reducci\u00f3n en los tiempos de realizaci\u00f3n del trabajo y los recursos empleados en los mismos.<\/p>\n\n\n\n<p>Documentos relacionados:<\/p>\n\n\n\n<ul class=\"wp-block-list\"><li><a href=\"https:\/\/epacartagena.gov.co\/web\/wp-content\/uploads\/2021\/04\/MANUAL-DE-CONVIVENCIA-LABORAL-EPA.pdf\">MANUAL DE CONVIVENCIA LABORAL<\/a><\/li><li><a href=\"https:\/\/epacartagena.gov.co\/web\/wp-content\/uploads\/2021\/04\/POLITICA-DE-ACOSO-LABORAL-EPA.pdf\">POLITICA DE ACOSO LABORAL<\/a><\/li><li><a href=\"https:\/\/epacartagena.gov.co\/web\/wp-content\/uploads\/2021\/04\/QUEJAS-Y-O-SUGERENCIAS-ANTE-EL-COMITE\u0301-DE-CONVIVENCIA-LABORAL-EPA.pdf\">FORMATO QUEJAS Y\/O SUGERENCIAS ANTE EL COMIT\u00c9 DE CONVIVENCIA LABORAL<\/a><\/li><li><a href=\"https:\/\/epacartagena.gov.co\/web\/wp-content\/uploads\/2021\/04\/MANUAL-DE-CONVIVENCIA-LABORAL-EPA-1.pdf\">POLITICA DE SEGURIDAD Y SALUD EN EL TRABAJO \u2013 SST<\/a><\/li><li><a href=\"https:\/\/epacartagena.gov.co\/web\/wp-content\/uploads\/2021\/04\/OBJETIVOS-SST-2020_02272020_104149.pdf\">OBJETIVOS DE SEGURIDAD Y SALUD EN EL TRABAJO-SST<\/a><\/li><li><a rel=\"noreferrer noopener\" href=\"https:\/\/epacartagena.gov.co\/web\/wp-content\/uploads\/2021\/04\/PROCEDIMIENTO_GESTION_DEL_CAMBIO_-EPA-SST-2016.pdf\" target=\"_blank\">PROCEDIMIENTO DE GESTION DEL CAMBIO \u2013 SST<\/a><\/li><li><a href=\"http:\/\/epacartagena.gov.co\/wp-content\/uploads\/2016\/12\/Identificaci%C3%B3n-de-Peligros..pdf\"><s><span style=\"text-decoration: underline;\">MATRIZ PARA LA IDENTIFICACI\u00d3N DE PELIGROS, EVALUACI\u00d3N DE RIESGOS Y DETERMINACI\u00d3N DE CONTROLES<\/span><\/s><\/a><\/li><li><a href=\"https:\/\/epacartagena.gov.co\/web\/wp-content\/uploads\/2021\/04\/Modelo-de-reporte-de-condiciones-de-SST-2016-2.docx\">MODELO DE REPORTE DE CONDICIONES DE SEGURIDAD Y SALUD EN EL TRABAJO<\/a><\/li><li><a rel=\"noreferrer noopener\" href=\"https:\/\/epacartagena.gov.co\/web\/wp-content\/uploads\/2021\/04\/FORMATO-ACCIONES-CORRECTIVAS-SG-SST.pdf\" target=\"_blank\">FORMATO DE ACCIONES CORRECTIVAS \u2013 SST<\/a><\/li><li><a href=\"https:\/\/epacartagena.gov.co\/web\/wp-content\/uploads\/2021\/04\/PLAN-DE-EMERGENCIA-20161.pdf\">PLAN DE RESPUESTA A EMERGENCIAS<\/a><\/li><li><a href=\"https:\/\/epacartagena.gov.co\/web\/wp-content\/uploads\/2021\/04\/Ruta-de-evacuacion-EPA-2016.pdf\">RUTA DE EVACUACI\u00d3N Y PUNTO DE ENCUENTRO<\/a><\/li><li><a href=\"https:\/\/epacartagena.gov.co\/web\/wp-content\/uploads\/2021\/04\/resolucion-267-COCOLA.pdf\">RESOLUCION 267 \u2013 25 DE MARZO 2016, CONFORMACION DEL COMIT\u00c9 DE CONVIVENCIA LABORAL DEL ESTABLECIMIENTO PUBLICO AMBIENTAL DE CARTAGENA<\/a><\/li><li><a href=\"https:\/\/epacartagena.gov.co\/web\/wp-content\/uploads\/2021\/04\/Modelo-de-reporte-de-condiciones-de-SST-2016-3.docx\" target=\"_blank\" rel=\"noreferrer noopener\">NUMEROS DE TELEFONO EN CASOS DE EMERGENCIA<\/a><\/li><li><a href=\"https:\/\/epacartagena.gov.co\/web\/wp-content\/uploads\/2021\/04\/PROTOCOLO-DE-BIOSEGURIDAD-EPA-CARTAGENA-20201.pdf\" target=\"_blank\" rel=\"noreferrer noopener\">PROTOCOLO DE BIOSEGURIDAD EPA 2020<\/a><\/li><li><a href=\"https:\/\/epacartagena.gov.co\/web\/wp-content\/uploads\/2021\/04\/RESOLUCION-0169-COOPASS-2021_2023.pdf\" target=\"_blank\" rel=\"noreferrer noopener\">RESOLUCION 0169 DE  17 DE MARZO DE 2021 &#8211; CONFORMACION COPASST PERIODO 2021-2023<\/a><\/li><\/ul>\n\n\n\n<p><\/p>\n","protected":false},"excerpt":{"rendered":"<p>El Establecimiento Publico Ambiental de Cartagena no ha sido ajeno a los cambios del entorno laboral que se han generado en los \u00faltimos tiempos el Ministerio de Trabajo a trav\u00e9s de la Resoluci\u00f3n 1072 de 2015 estableci\u00f3 a trav\u00e9s del Decreto \u00fanico Reglamentario del&nbsp; Sector Trabajo la implementaci\u00f3n de un Sistema de Gesti\u00f3n de Seguridad&#8230;<\/p>\n","protected":false},"author":1,"featured_media":0,"parent":0,"menu_order":0,"comment_status":"closed","ping_status":"closed","template":"","meta":{"_acf_changed":false,"_kad_post_transparent":"","_kad_post_title":"","_kad_post_layout":"","_kad_post_sidebar_id":"","_kad_post_content_style":"","_kad_post_vertical_padding":"","_kad_post_feature":"","_kad_post_feature_position":"","_kad_post_header":false,"_kad_post_footer":false,"_kad_post_classname":"","_vp_format_video_url":"","_vp_image_focal_point":[],"footnotes":""},"class_list":["post-824","page","type-page","status-publish","hentry"],"acf":[],"_links":{"self":[{"href":"https:\/\/epacartagena.gov.co\/web\/wp-json\/wp\/v2\/pages\/824","targetHints":{"allow":["GET"]}}],"collection":[{"href":"https:\/\/epacartagena.gov.co\/web\/wp-json\/wp\/v2\/pages"}],"about":[{"href":"https:\/\/epacartagena.gov.co\/web\/wp-json\/wp\/v2\/types\/page"}],"author":[{"embeddable":true,"href":"https:\/\/epacartagena.gov.co\/web\/wp-json\/wp\/v2\/users\/1"}],"replies":[{"embeddable":true,"href":"https:\/\/epacartagena.gov.co\/web\/wp-json\/wp\/v2\/comments?post=824"}],"version-history":[{"count":0,"href":"https:\/\/epacartagena.gov.co\/web\/wp-json\/wp\/v2\/pages\/824\/revisions"}],"wp:attachment":[{"href":"https:\/\/epacartagena.gov.co\/web\/wp-json\/wp\/v2\/media?parent=824"}],"curies":[{"name":"wp","href":"https:\/\/api.w.org\/{rel}","templated":true}]}}