{"id":922,"date":"2020-12-23T08:20:23","date_gmt":"2020-12-23T08:20:23","guid":{"rendered":"http:\/\/epacartagena.gov.co\/web\/?page_id=922"},"modified":"2020-12-23T08:22:49","modified_gmt":"2020-12-23T08:22:49","slug":"especies-de-arboles-sugeridas-para-la-siembra","status":"publish","type":"page","link":"https:\/\/epacartagena.gov.co\/web\/especies-de-arboles-sugeridas-para-la-siembra\/","title":{"rendered":"Especies de \u00e1rboles sugeridas para la siembra"},"content":{"rendered":"\n<figure class=\"wp-block-image size-full\"><img loading=\"lazy\" decoding=\"async\" width=\"1195\" height=\"290\" src=\"https:\/\/epacartagena.gov.co\/web\/wp-content\/uploads\/2020\/12\/Banners_Contador_Arboles4.png\" alt=\"\" class=\"wp-image-859\" srcset=\"https:\/\/epacartagena.gov.co\/web\/wp-content\/uploads\/2020\/12\/Banners_Contador_Arboles4.png 1195w, https:\/\/epacartagena.gov.co\/web\/wp-content\/uploads\/2020\/12\/Banners_Contador_Arboles4-300x73.png 300w, https:\/\/epacartagena.gov.co\/web\/wp-content\/uploads\/2020\/12\/Banners_Contador_Arboles4-1024x249.png 1024w, https:\/\/epacartagena.gov.co\/web\/wp-content\/uploads\/2020\/12\/Banners_Contador_Arboles4-768x186.png 768w\" sizes=\"auto, (max-width: 1195px) 100vw, 1195px\" \/><\/figure>\n\n\n\n<h2 class=\"has-text-align-left wp-block-heading\">CLASIFICACI\u00d3N DE ESPECIES DE \u00c1RBOLES POR \u00c1REAS DE SIEMBRA<\/h2>\n\n\n\n<div class=\"wp-block-group\"><div class=\"wp-block-group__inner-container is-layout-flow wp-block-group-is-layout-flow\">\n<h2 class=\"wp-block-heading\">Parques diversos y amplios<\/h2>\n\n\n\n<table>\n<tbody>\n<tr>\n<td>\n<h3><strong>N. Cient\u00edfico<\/strong><\/h3>\n<\/td>\n<td>\n<h3><strong>N. Com\u00fan<\/strong><\/h3>\n<\/td>\n<\/tr>\n<tr>\n<td><em>Meliccoca bijucatus<\/em><\/td>\n<td>Mamoncillo<\/td>\n<\/tr>\n<tr>\n<td><em>Albizia carbonaria<\/em><\/td>\n<td>Carbonero<\/td>\n<\/tr>\n<tr>\n<td><em>Mangifera indica<\/em><\/td>\n<td>Mango<\/td>\n<\/tr>\n<tr>\n<td><em>Sterculia apetala<\/em><\/td>\n<td>Camaj\u00f3n<\/td>\n<\/tr>\n<tr>\n<td><em>Anacardium excelsum<\/em><\/td>\n<td>Caracoli<\/td>\n<\/tr>\n<tr>\n<td>Canavalellia platanifolia<\/td>\n<td>Macondo<\/td>\n<\/tr>\n<tr>\n<td>Ficus benjamina<\/td>\n<td>Caucho<\/td>\n<\/tr>\n<tr>\n<td>Ficus carica<\/td>\n<td>Caucho<\/td>\n<\/tr>\n<tr>\n<td>Ficus glabra<\/td>\n<td>Caucho<\/td>\n<\/tr>\n<tr>\n<td>Hymenaea courbaril<\/td>\n<td>Algarrobo<\/td>\n<\/tr>\n<tr>\n<td>Manilkara sapota<\/td>\n<td>Nispero<\/td>\n<\/tr>\n<tr>\n<td>Myroxylon toluifera<\/td>\n<td>Macondo<\/td>\n<\/tr>\n<tr>\n<td>Pithecellobium dulce<\/td>\n<td>Payand\u00e9<\/td>\n<\/tr>\n<\/tbody>\n<\/table>\n\n\n\n<p><\/p>\n<\/div><\/div>\n\n\n\n<div class=\"wp-block-group\"><div class=\"wp-block-group__inner-container is-layout-flow wp-block-group-is-layout-flow\">\n<h2 class=\"wp-block-heading\">Plazoletas mono espec\u00edficas piso en arena<\/h2>\n\n\n\n<table>\n<tbody>\n<tr>\n<td>\n<h3>N. Cient\u00edfico<\/h3>\n<\/td>\n<td>\n<h3>N. Com\u00fan<\/h3>\n<\/td>\n<\/tr>\n<tr>\n<td><em>Anacardium excelsum<\/em><\/td>\n<td>Caracoli<\/td>\n<\/tr>\n<tr>\n<td><em>Canavalellia platanifolia<\/em><\/td>\n<td>Macondo<\/td>\n<\/tr>\n<tr>\n<td><em>Myroxylon toluifera<\/em><\/td>\n<td>Macondo<\/td>\n<\/tr>\n<tr>\n<td><em>Bulnesia carrapo<\/em><\/td>\n<td>Guayac\u00e1n carrapo<\/td>\n<\/tr>\n<tr>\n<td><em>Albizia carbonaria<\/em><\/td>\n<td>Carbonero<\/td>\n<\/tr>\n<tr>\n<td><em>Gyrocarpus americanus<\/em><\/td>\n<td>Banco<\/td>\n<\/tr>\n<tr>\n<td><em>Guazuma ulmifolia<\/em><\/td>\n<td>Guacimo<\/td>\n<\/tr>\n<tr>\n<td><em>Guaiacum officinale<\/em><\/td>\n<td>Guayac\u00e1n carrapo<\/td>\n<\/tr>\n<tr>\n<td><em>Prosopis juliflora<\/em><\/td>\n<td>Trupillo<\/td>\n<\/tr>\n<tr>\n<td><em>Guayacum officinale<\/em><\/td>\n<td>Guayac\u00e1n de bola<\/td>\n<\/tr>\n<tr>\n<td><em>Capparis odoratissima<\/em><\/td>\n<td>Naranjuelo del Tolima<\/td>\n<\/tr>\n<tr>\n<td><em>Caesalpinia ebano<\/em><\/td>\n<td>Ebano<\/td>\n<\/tr>\n<tr>\n<td><em>Haematoxylum brasil<\/em><\/td>\n<td>Palo brasil<\/td>\n<\/tr>\n<\/tbody>\n<\/table>\n\n\n\n<p><\/p>\n<\/div><\/div>\n\n\n\n<div class=\"wp-block-group\"><div class=\"wp-block-group__inner-container is-layout-flow wp-block-group-is-layout-flow\">\n<h2 class=\"wp-block-heading\">Separadores amplios avenidas<\/h2>\n\n\n\n<table>\n<tbody>\n<tr>\n<td>\n<h3><strong>N. Cient\u00edfico <\/strong><\/h3>\n<\/td>\n<td>\n<h3><strong>N. Com\u00fan<\/strong><\/h3>\n<\/td>\n<\/tr>\n<tr>\n<td><em>Meliccoca bijucatus<\/em><\/td>\n<td>Mamoncillo<\/td>\n<\/tr>\n<tr>\n<td><em>Albizia carbonaria<\/em><\/td>\n<td>Carbonero<\/td>\n<\/tr>\n<tr>\n<td><em>Sterculia apetala<\/em><\/td>\n<td>Camaj\u00f3n<\/td>\n<\/tr>\n<tr>\n<td><em>Anacardium excelsum<\/em><\/td>\n<td>Caracoli<\/td>\n<\/tr>\n<tr>\n<td><em>Canavalellia platanifolia<\/em><\/td>\n<td>Macondo<\/td>\n<\/tr>\n<tr>\n<td><em>Myroxylon toluifera<\/em><\/td>\n<td>Macondo<\/td>\n<\/tr>\n<tr>\n<td><em>Ficus benjamina<\/em><\/td>\n<td>Caucho<\/td>\n<\/tr>\n<tr>\n<td><em>Ficus carica<\/em><\/td>\n<td>Caucho<\/td>\n<\/tr>\n<tr>\n<td><em>Ficus glabra<\/em><\/td>\n<td>Caucho<\/td>\n<\/tr>\n<tr>\n<td><em>Pithecellobium dulce<\/em><\/td>\n<td>Payand\u00e9<\/td>\n<\/tr>\n<tr>\n<td><em>Erytrina variegata<\/em><\/td>\n<td>Caucho<\/td>\n<\/tr>\n<tr>\n<td><em>Samanea saman<\/em><\/td>\n<td>Sam\u00e1n<\/td>\n<\/tr>\n<tr>\n<td><em>Enterolobium cyclocarpum<\/em><\/td>\n<td>Orejero<\/td>\n<\/tr>\n<tr>\n<td><em>Swetenia macrophylla<\/em><\/td>\n<td>Caoba<\/td>\n<\/tr>\n<tr>\n<td><em>Guazuma ulmifolia<\/em><\/td>\n<td>Guacimo<\/td>\n<\/tr>\n<tr>\n<td><em>Tectona grandis<\/em><\/td>\n<td>Teca<\/td>\n<\/tr>\n<tr>\n<td><em>Ceiba pentandra<\/em><\/td>\n<td>Ceiba<\/td>\n<\/tr>\n<tr>\n<td><em>Terminalia catappa<\/em><\/td>\n<td>Almendro<\/td>\n<\/tr>\n<\/tbody>\n<\/table>\n\n\n\n<p><\/p>\n<\/div><\/div>\n\n\n\n<div class=\"wp-block-group\"><div class=\"wp-block-group__inner-container is-layout-flow wp-block-group-is-layout-flow\">\n<h2 class=\"wp-block-heading\">Andenes en calles angostas<\/h2>\n\n\n\n<table>\n<tbody>\n<tr>\n<td>\n<h3>N. Cient\u00edfico<\/h3>\n<\/td>\n<td>\n<h3>N. Com\u00fan<\/h3>\n<\/td>\n<\/tr>\n<tr>\n<td><em>Bulnesia carrapo<\/em><\/td>\n<td>Guayac\u00e1n carrapo<\/td>\n<\/tr>\n<tr>\n<td><em>Brownea ariza<\/em><\/td>\n<td>Palo de cruz<\/td>\n<\/tr>\n<tr>\n<td><em>Albizia carbonaria<\/em><\/td>\n<td>Carbonero<\/td>\n<\/tr>\n<tr>\n<td><em>Guaiacum officinale<\/em><\/td>\n<td>Guayac\u00e1n carrapo<\/td>\n<\/tr>\n<tr>\n<td><em>Prosopis juliflora<\/em><\/td>\n<td>Trupillo<\/td>\n<\/tr>\n<tr>\n<td><em>Bahuinia purpurea<\/em><\/td>\n<td>Pata de vaca<\/td>\n<\/tr>\n<tr>\n<td><em>Pithecellobium dulce<\/em><\/td>\n<td>Payand\u00e9<\/td>\n<\/tr>\n<tr>\n<td><em>Cordia bidentata<\/em><\/td>\n<td>Gomito<\/td>\n<\/tr>\n<tr>\n<td><em>Guayacum officinale<\/em><\/td>\n<td>Guayac\u00e1n de bola<\/td>\n<\/tr>\n<tr>\n<td><em>Spathodea campanulata<\/em><\/td>\n<td>Tulip\u00e1n africano<\/td>\n<\/tr>\n<tr>\n<td><em>Cordia sebestena<\/em><\/td>\n<td>San Juaqu\u00edn<\/td>\n<\/tr>\n<tr>\n<td><em>Cordia sp.<\/em><\/td>\n<td>Mu\u00f1eco<\/td>\n<\/tr>\n<tr>\n<td><em>Guarea trichiloides<\/em><\/td>\n<td>Trompillo<\/td>\n<\/tr>\n<tr>\n<td><em>Tecoma stands<\/em><\/td>\n<td>Flor amarillo<\/td>\n<\/tr>\n<tr>\n<td><em>Leucahena leucocephala<\/em><\/td>\n<td>Leucaena<\/td>\n<\/tr>\n<tr>\n<td><em>Erythrina crestigalli<\/em><\/td>\n<td>Crestegallo<\/td>\n<\/tr>\n<tr>\n<td><em>Moquelia tometosa<\/em><\/td>\n<td>Chitat\u00f3<\/td>\n<\/tr>\n<tr>\n<td><em>Muntingia sp.<\/em><\/td>\n<td>Chitat\u00f3<\/td>\n<\/tr>\n<tr>\n<td><em>Erythrina rubrinervia-variegata<\/em><\/td>\n<td>Caraque\u00f1o<\/td>\n<\/tr>\n<tr>\n<td><em>Simarouba amara<\/em><\/td>\n<td>Olivo<\/td>\n<\/tr>\n<tr>\n<td><em>Cananga odorata<\/em><\/td>\n<td>Ilang ilang<\/td>\n<\/tr>\n<\/tbody>\n<\/table>\n\n\n\n<p><\/p>\n<\/div><\/div>\n\n\n\n<div class=\"wp-block-group\"><div class=\"wp-block-group__inner-container is-layout-flow wp-block-group-is-layout-flow\">\n<h2 class=\"wp-block-heading\">Deck frente a ciudad antigua<\/h2>\n\n\n\n<table>\n<tbody>\n<tr>\n<td>\n<h3><strong>N. Cient\u00edfico <\/strong><\/h3>\n<\/td>\n<td>\n<h3><strong>N. Com\u00fan<\/strong><\/h3>\n<\/td>\n<\/tr>\n<tr>\n<td><em>Coccoloba uvifera<\/em><\/td>\n<td>Uva de Playa<\/td>\n<\/tr>\n<tr>\n<td><em>Laguncularia racemosa<\/em><\/td>\n<td>Mangle negro<\/td>\n<\/tr>\n<tr>\n<td><em>Rhizophora mangle<\/em><\/td>\n<td>Mangle rojo<\/td>\n<\/tr>\n<tr>\n<td><em>Conocarpus erecta<\/em><\/td>\n<td>Mangle bobo<\/td>\n<\/tr>\n<\/tbody>\n<\/table>\n\n\n\n<p><\/p>\n<\/div><\/div>\n\n\n\n<div class=\"wp-block-group\"><div class=\"wp-block-group__inner-container is-layout-flow wp-block-group-is-layout-flow\">\n<h2 class=\"wp-block-heading\">Antejardines productivos<\/h2>\n\n\n\n<table>\n<tbody>\n<tr>\n<td>\n<h3><strong>N. Cient\u00edfico <\/strong><\/h3>\n<\/td>\n<td><strong>N. Com\u00fan<\/strong><\/td>\n<\/tr>\n<tr>\n<td><em>Mangifera indica<\/em><\/td>\n<td>Mango<\/td>\n<\/tr>\n<tr>\n<td><em>Manilkara sapota<\/em><\/td>\n<td>Nispero<\/td>\n<\/tr>\n<tr>\n<td><em>Persea americana<\/em><\/td>\n<td>Aguacate<\/td>\n<\/tr>\n<tr>\n<td><em>Calocarpum mammosum<\/em><\/td>\n<td>Zapote coste\u00f1o<\/td>\n<\/tr>\n<tr>\n<td><em>Annona muricata<\/em><\/td>\n<td>Guanabano<\/td>\n<\/tr>\n<tr>\n<td><em>Meliccoca bijucatus<\/em><\/td>\n<td>Mamoncillo<\/td>\n<\/tr>\n<tr>\n<td><em>Malpiguia punicifolia<\/em><\/td>\n<td>Guinda<\/td>\n<\/tr>\n<tr>\n<td><em>Phyllantus acidus<\/em><\/td>\n<td>Grosella<\/td>\n<\/tr>\n<tr>\n<td><em>Spondias purpurea<\/em><\/td>\n<td>Ciruelo<\/td>\n<\/tr>\n<tr>\n<td><em>Annona cherimola<\/em><\/td>\n<td>Anon chirimoyo<\/td>\n<\/tr>\n<tr>\n<td><em>Citrus comunis<\/em><\/td>\n<td>Naranjo<\/td>\n<\/tr>\n<tr>\n<td><em>Vitis vinifera<\/em><\/td>\n<td>Uva de mesa<\/td>\n<\/tr>\n<tr>\n<td><em>Coccoloba uvifera<\/em><\/td>\n<td>Uva de Playa<\/td>\n<\/tr>\n<tr>\n<td><em>Psidium guajava<\/em><\/td>\n<td>Guayaba<\/td>\n<\/tr>\n<tr>\n<td><em>Passiflora cuadrangularis<\/em><\/td>\n<td>Badea<\/td>\n<\/tr>\n<tr>\n<td><em>Passiflora edulis<\/em><\/td>\n<td>Maracuya<\/td>\n<\/tr>\n<tr>\n<td><em>Capsicum sp.<\/em><\/td>\n<td>Aj\u00ed<\/td>\n<\/tr>\n<tr>\n<td><em>Pisidium gianensis<\/em><\/td>\n<td>Guayabito \u00e1cido enano<\/td>\n<\/tr>\n<tr>\n<td><em>Carica papaya<\/em><\/td>\n<td>Papaya<\/td>\n<\/tr>\n<tr>\n<td><em>Tamarindus indica<\/em><\/td>\n<td>Tamarindo<\/td>\n<\/tr>\n<tr>\n<td><em>Anacardium occidentale<\/em><\/td>\n<td>Mara\u00f1\u00f3n<\/td>\n<\/tr>\n<tr>\n<td><em>Cajanus caj\u00e1n<\/em><\/td>\n<td>guandul<\/td>\n<\/tr>\n<tr>\n<td><em>Nolinoideae sansevieria<\/em><\/td>\n<td>Lengua de suegra<\/td>\n<\/tr>\n<tr>\n<td><em>Portulaca oleracea<\/em><\/td>\n<td>Verdolaga<\/td>\n<\/tr>\n<tr>\n<td><em>Chrysobalanus icaco<\/em><\/td>\n<td>Icaco<\/td>\n<\/tr>\n<tr>\n<td><em>Annona squamulosa<\/em><\/td>\n<td>An\u00f3n<\/td>\n<\/tr>\n<\/tbody>\n<\/table>\n\n\n\n<p><\/p>\n<\/div><\/div>\n\n\n\n<div class=\"wp-block-group\"><div class=\"wp-block-group__inner-container is-layout-flow wp-block-group-is-layout-flow\">\n<h2 class=\"wp-block-heading\">Parqueaderos<\/h2>\n\n\n\n<table>\n<tbody>\n<tr>\n<td>\n<h3><strong>N. Cient\u00edfico <\/strong><\/h3>\n<\/td>\n<td>\n<h3><strong>N. Com\u00fan<\/strong><\/h3>\n<\/td>\n<\/tr>\n<tr>\n<td><em>Bulnesia carrapo<\/em><\/td>\n<td>Guayac\u00e1n carrapo<\/td>\n<\/tr>\n<tr>\n<td><em>Brownea ariza<\/em><\/td>\n<td>Palo de cruz<\/td>\n<\/tr>\n<tr>\n<td><em>Guaiacum officinale<\/em><\/td>\n<td>Guayac\u00e1n carrapo<\/td>\n<\/tr>\n<tr>\n<td><em>Bahuinia purpurea<\/em><\/td>\n<td>Pata de vaca<\/td>\n<\/tr>\n<tr>\n<td><em>Albizia carbonaria<\/em><\/td>\n<td>Carbonero<\/td>\n<\/tr>\n<tr>\n<td><em>Guayacum officinale<\/em><\/td>\n<td>Guayac\u00e1n de bola<\/td>\n<\/tr>\n<tr>\n<td><em>Prosopis juliflora<\/em><\/td>\n<td>Trupillo<\/td>\n<\/tr>\n<tr>\n<td><em>Guarea trichiloides<\/em><\/td>\n<td>Trompillo<\/td>\n<\/tr>\n<tr>\n<td><em>Guazuma ulmifolia<\/em><\/td>\n<td>Guacimo<\/td>\n<\/tr>\n<tr>\n<td><em>Capparis odoratissima<\/em><\/td>\n<td>Naranjuelo del Tolima<\/td>\n<\/tr>\n<\/tbody>\n<\/table>\n\n\n\n<p><\/p>\n<\/div><\/div>\n\n\n\n<div class=\"wp-block-group\"><div class=\"wp-block-group__inner-container is-layout-flow wp-block-group-is-layout-flow\">\n<h2 class=\"wp-block-heading\">Cuerpo de agua<\/h2>\n\n\n\n<table width=\"197\">\n<tbody>\n<tr>\n<td width=\"123\">\n<h3><strong>N. Cient\u00edfico&nbsp;<\/strong><\/h3>\n<\/td>\n<td width=\"74\">\n<h3><strong>N. Com\u00fan<\/strong><\/h3>\n<\/td>\n<\/tr>\n<tr>\n<td><em>Laguncularia racemosa<\/em><\/td>\n<td width=\"74\">Mangle negro<\/td>\n<\/tr>\n<tr>\n<td><em>Rhizophora mangle<\/em><\/td>\n<td width=\"74\">Mangle rojo<\/td>\n<\/tr>\n<tr>\n<td><em>Conocarpus erecta<\/em><\/td>\n<td width=\"74\">Mangle bobo<\/td>\n<\/tr>\n<\/tbody>\n<\/table>\n\n\n\n<p><\/p>\n<\/div><\/div>\n\n\n\n<div class=\"wp-block-group\"><div class=\"wp-block-group__inner-container is-layout-flow wp-block-group-is-layout-flow\">\n<h2 class=\"wp-block-heading\">Playa para sombr\u00edo<\/h2>\n\n\n\n<table>\n<tbody>\n<tr>\n<td width=\"107\">\n<h3><strong>N. Cient\u00edfico <\/strong><\/h3>\n<\/td>\n<td>\n<h3><strong>N. Com\u00fan<\/strong><\/h3>\n<\/td>\n<\/tr>\n<tr>\n<td><em>Pithecellobium dulce<\/em><\/td>\n<td>Payand\u00e9<\/td>\n<\/tr>\n<tr>\n<td><em>Prosopis juliflora<\/em><\/td>\n<td>Trupillo<\/td>\n<\/tr>\n<tr>\n<td><em>Coccoloba uvifera<\/em><\/td>\n<td>Uva de Playa<\/td>\n<\/tr>\n<tr>\n<td><em>Cajanus caj\u00e1n<\/em><\/td>\n<td>guandul<\/td>\n<\/tr>\n<tr>\n<td><em>Moquelia tometosa<\/em><\/td>\n<td>Chitat\u00f3<\/td>\n<\/tr>\n<tr>\n<td><em>Muntingia sp.<\/em><\/td>\n<td>Chitat\u00f3<\/td>\n<\/tr>\n<tr>\n<td><em>Spondias purpurea<\/em><\/td>\n<td>Ciruelo<\/td>\n<\/tr>\n<tr>\n<td><em>Chrysobalanus icaco<\/em><\/td>\n<td>Icaco<\/td>\n<\/tr>\n<\/tbody>\n<\/table>\n\n\n\n<p><\/p>\n<\/div><\/div>\n\n\n\n<div class=\"wp-block-group\"><div class=\"wp-block-group__inner-container is-layout-flow wp-block-group-is-layout-flow\">\n<h2 class=\"wp-block-heading\">Restauraci\u00f3n<\/h2>\n\n\n\n<table>\n<tbody>\n<tr>\n<td>\n<h3>N. Cient\u00edfico<\/h3>\n<\/td>\n<td>\n<h3><strong>N. Com\u00fan<\/strong><\/h3>\n<\/td>\n<\/tr>\n<tr>\n<td><em>Meliccoca bijucatus<\/em><\/td>\n<td>Mamoncillo<\/td>\n<\/tr>\n<tr>\n<td><em>Coccoloba uvifera<\/em><\/td>\n<td>Uva de Playa<\/td>\n<\/tr>\n<tr>\n<td><em>Cajanus caj\u00e1n<\/em><\/td>\n<td>guandul<\/td>\n<\/tr>\n<tr>\n<td><em>Chrysobalanus icaco<\/em><\/td>\n<td>Icaco<\/td>\n<\/tr>\n<tr>\n<td><em>Glirisidia sepium<\/em><\/td>\n<td>Matarrat\u00f3n<\/td>\n<\/tr>\n<tr>\n<td><em>Pereskia guamacho<\/em><\/td>\n<td>Guamacho<\/td>\n<\/tr>\n<tr>\n<td><em>Manilkara sapota<\/em><\/td>\n<td>Nispero<\/td>\n<\/tr>\n<tr>\n<td><em>Persea americana<\/em><\/td>\n<td>Aguacate<\/td>\n<\/tr>\n<tr>\n<td><em>Psidium guajava<\/em><\/td>\n<td>Guayaba<\/td>\n<\/tr>\n<tr>\n<td><em>Cordia bidentata<\/em><\/td>\n<td>Gomito<\/td>\n<\/tr>\n<tr>\n<td><em>Cordia sebestena<\/em><\/td>\n<td>San Juaqu\u00edn<\/td>\n<\/tr>\n<tr>\n<td><em>Cordia sp.<\/em><\/td>\n<td>Mu\u00f1eco<\/td>\n<\/tr>\n<\/tbody>\n<\/table>\n\n\n\n<p><\/p>\n<\/div><\/div>\n\n\n\n<div class=\"wp-block-group\"><div class=\"wp-block-group__inner-container is-layout-flow wp-block-group-is-layout-flow\">\n<h2 class=\"wp-block-heading\">Emparrado en ciudad antigua<\/h2>\n\n\n\n<table>\n<tbody>\n<tr>\n<td>\n<h3><strong>N. Cient\u00edfico <\/strong><\/h3>\n<\/td>\n<td>\n<h3><strong>N. Com\u00fan<\/strong><\/h3>\n<\/td>\n<\/tr>\n<tr>\n<td><em>Cajanus caj\u00e1n<\/em><\/td>\n<td>guandul<\/td>\n<\/tr>\n<tr>\n<td><em>Boungavillea sp.<\/em><\/td>\n<td>Veranera<\/td>\n<\/tr>\n<tr>\n<td><em>Indogofera tinctorea<\/em><\/td>\n<td>Indigo<\/td>\n<\/tr>\n<tr>\n<td><em>Lantana camara<\/em><\/td>\n<td>Lantana<\/td>\n<\/tr>\n<tr>\n<td><em>Lippia citriodora<\/em><\/td>\n<td>Verbena<\/td>\n<\/tr>\n<tr>\n<td><em>Capsicum sp.<\/em><\/td>\n<td>Aj\u00ed<\/td>\n<\/tr>\n<tr>\n<td><em>Nolinoideae sansevieria<\/em><\/td>\n<td>Lengua de suegra<\/td>\n<\/tr>\n<tr>\n<td><em>Portulaca oleracea<\/em><\/td>\n<td>Verdolaga<\/td>\n<\/tr>\n<\/tbody>\n<\/table>\n\n\n\n<p><\/p>\n<\/div><\/div>\n\n\n\n<div class=\"wp-block-group\"><div class=\"wp-block-group__inner-container is-layout-flow wp-block-group-is-layout-flow\">\n<h2 class=\"wp-block-heading\">Setos masas de arbustos bajos<\/h2>\n\n\n\n<table>\n<tbody>\n<tr>\n<td>\n<h3><strong>N. Cient\u00edfico <\/strong><\/h3>\n<\/td>\n<td>\n<h3><strong>N. Com\u00fan<\/strong><\/h3>\n<\/td>\n<\/tr>\n<tr>\n<td><em>Indogofera tinctorea<\/em><\/td>\n<td>Indigo<\/td>\n<\/tr>\n<tr>\n<td><em>Lantana camara<\/em><\/td>\n<td>Lantana<\/td>\n<\/tr>\n<tr>\n<td><em>Lippia citriodora<\/em><\/td>\n<td>Verbena<\/td>\n<\/tr>\n<tr>\n<td><em>Cajanus caj\u00e1n<\/em><\/td>\n<td>guandul<\/td>\n<\/tr>\n<tr>\n<td><em>Capsicum sp.<\/em><\/td>\n<td>Aj\u00ed<\/td>\n<\/tr>\n<tr>\n<td><em>Nolinoideae sansevieria<\/em><\/td>\n<td>Lengua de suegra<\/td>\n<\/tr>\n<tr>\n<td><em>Portulaca oleracea<\/em><\/td>\n<td>Verdolaga<\/td>\n<\/tr>\n<tr>\n<td><em>Boungavillea sp.<\/em><\/td>\n<td>Veranera<\/td>\n<\/tr>\n<\/tbody>\n<\/table>\n\n\n\n<p><\/p>\n<\/div><\/div>\n\n\n\n<style>\n.uagb-infobox__content-wrap {background: transparent;  margin-bottom: 10px;}\n<\/style>\n","protected":false},"excerpt":{"rendered":"<p>CLASIFICACI\u00d3N DE ESPECIES DE \u00c1RBOLES POR \u00c1REAS DE SIEMBRA Parques diversos y amplios N. Cient\u00edfico N. Com\u00fan Meliccoca bijucatus Mamoncillo Albizia carbonaria Carbonero Mangifera indica Mango Sterculia apetala Camaj\u00f3n Anacardium excelsum Caracoli Canavalellia platanifolia Macondo Ficus benjamina Caucho Ficus carica Caucho Ficus glabra Caucho Hymenaea courbaril Algarrobo Manilkara sapota Nispero Myroxylon toluifera Macondo Pithecellobium dulce&#8230;<\/p>\n","protected":false},"author":1,"featured_media":0,"parent":0,"menu_order":0,"comment_status":"closed","ping_status":"closed","template":"","meta":{"_acf_changed":false,"_kad_post_transparent":"","_kad_post_title":"","_kad_post_layout":"","_kad_post_sidebar_id":"","_kad_post_content_style":"","_kad_post_vertical_padding":"","_kad_post_feature":"","_kad_post_feature_position":"","_kad_post_header":false,"_kad_post_footer":false,"_kad_post_classname":"","_vp_format_video_url":"","_vp_image_focal_point":[],"footnotes":""},"class_list":["post-922","page","type-page","status-publish","hentry"],"acf":[],"_links":{"self":[{"href":"https:\/\/epacartagena.gov.co\/web\/wp-json\/wp\/v2\/pages\/922","targetHints":{"allow":["GET"]}}],"collection":[{"href":"https:\/\/epacartagena.gov.co\/web\/wp-json\/wp\/v2\/pages"}],"about":[{"href":"https:\/\/epacartagena.gov.co\/web\/wp-json\/wp\/v2\/types\/page"}],"author":[{"embeddable":true,"href":"https:\/\/epacartagena.gov.co\/web\/wp-json\/wp\/v2\/users\/1"}],"replies":[{"embeddable":true,"href":"https:\/\/epacartagena.gov.co\/web\/wp-json\/wp\/v2\/comments?post=922"}],"version-history":[{"count":0,"href":"https:\/\/epacartagena.gov.co\/web\/wp-json\/wp\/v2\/pages\/922\/revisions"}],"wp:attachment":[{"href":"https:\/\/epacartagena.gov.co\/web\/wp-json\/wp\/v2\/media?parent=922"}],"curies":[{"name":"wp","href":"https:\/\/api.w.org\/{rel}","templated":true}]}}